{"id":16180,"date":"2013-06-23T17:17:14","date_gmt":"2013-06-23T15:17:14","guid":{"rendered":"https:\/\/villa-bella.org\/die-villa-bella\/galerie\/"},"modified":"2023-05-22T16:13:14","modified_gmt":"2023-05-22T14:13:14","slug":"galerie","status":"publish","type":"page","link":"https:\/\/villa-bella.org\/li\/die-villa-bella\/galerie\/","title":{"rendered":"Galerie"},"content":{"rendered":"<section class=\"av_textblock_section av-2tv6v-7a757e95c11bd6b27db00c1a1508f38e \" itemscope=\"itemscope\" itemtype=\"https:\/\/schema.org\/CreativeWork\"><div class=\"avia_textblock\" itemprop=\"text\"><h1>Werfen Sie einen Blick in die R\u00e4umlich\u00adkei\u00adten der Villa Bella<\/h1>\n<\/div><\/section>\n\n<section class=\"av_textblock_section av-1auv7-8ee6a94805129d54705ea4cd17e08bae \" itemscope=\"itemscope\" itemtype=\"https:\/\/schema.org\/CreativeWork\"><div class=\"avia_textblock\" itemprop=\"text\"><p>Sehen Sie sich einfach schon einmal in Ruhe auf einer Virtual Tour durch unsere R\u00e4umen um: <a href=\"https:\/\/www.muenchen-city360.de\/schonheitschirurgen\/villa-bella-muenchen-plastische-und-aesthetische-chirurgie.html\" target=\"_blank\" rel=\"noopener noreferrer\">Villa Bella bei City360<\/a><\/p>\n<\/div><\/section>\n<section class=\"av_textblock_section av-tf37-a5ca962dd731e707129e264acc874908 \" itemscope=\"itemscope\" itemtype=\"https:\/\/schema.org\/CreativeWork\"><div class=\"avia_textblock\" itemprop=\"text\"><div class=\"panowalks1\">\n<style>.panowalks1{position:relative;width:100%;height:650px;}@media screen and (max-width:1100px){.panowalks1{position:relative;width:100%;height:0;padding-bottom:55%;}} <\/style>\n<p><iframe style=\"position: absolute; top: 0; left: 0; width: 100%; height: 100%;\" src=\"https:\/\/www.panowalks.com\/embed\/U417SJAplt4DK3Z11Qbw8DqtyoLs\/\" frameborder=\"0\" marginwidth=\"0\" marginheight=\"0\" scrolling=\"no\" allowfullscreen=\"allowfullscreen\"><\/iframe><\/p>\n<\/div>\n<\/div><\/section>\n","protected":false},"excerpt":{"rendered":"","protected":false},"author":1,"featured_media":0,"parent":37639,"menu_order":0,"comment_status":"closed","ping_status":"open","template":"","meta":{"_acf_changed":false,"wp_typography_post_enhancements_disabled":false,"ngg_post_thumbnail":0,"footnotes":""},"class_list":["post-16180","page","type-page","status-publish","hentry"],"acf":[],"yoast_head":"\n<title>Galerie \u00bb Ein Einblick in unsere Praxisr\u00e4ume in M\u00fcnchen<\/title>\n<meta name=\"description\" content=\"Hier erhalten Sie einen Einblick in die Praxisr\u00e4ume der Villa Bella in M\u00fcnchen. Machen Sie eine virtuelle Tour mit 360\u00b0-Blick durch die R\u00e4umlichkeiten.\" \/>\n<meta name=\"robots\" content=\"noindex, follow\" \/>\n<meta property=\"og:locale\" content=\"de_DE\" \/>\n<meta property=\"og:type\" content=\"article\" \/>\n<meta property=\"og:title\" content=\"Galerie \u00bb Ein Einblick in unsere Praxisr\u00e4ume in M\u00fcnchen\" \/>\n<meta property=\"og:description\" content=\"Hier erhalten Sie einen Einblick in die Praxisr\u00e4ume der Villa Bella in M\u00fcnchen. Machen Sie eine virtuelle Tour mit 360\u00b0-Blick durch die R\u00e4umlichkeiten.\" \/>\n<meta property=\"og:url\" content=\"https:\/\/villa-bella.org\/li\/die-villa-bella\/galerie\/\" \/>\n<meta property=\"og:site_name\" content=\"sch\u00f6nheitschirurgie m\u00fcnchen\" \/>\n<meta property=\"article:modified_time\" content=\"2023-05-22T14:13:14+00:00\" \/>\n<meta name=\"twitter:label1\" content=\"Est. reading time\" \/>\n\t<meta name=\"twitter:data1\" content=\"1 minute\" \/>\n<script type=\"application\/ld+json\" class=\"yoast-schema-graph\">{\"@context\":\"https:\/\/schema.org\",\"@graph\":[{\"@type\":\"WebPage\",\"@id\":\"https:\/\/villa-bella.org\/li\/die-villa-bella\/galerie\/\",\"url\":\"https:\/\/villa-bella.org\/li\/die-villa-bella\/galerie\/\",\"name\":\"Galerie \u00bb Ein Einblick in unsere Praxisr\u00e4ume in M\u00fcnchen\",\"isPartOf\":{\"@id\":\"https:\/\/villa-bella.org\/li\/#website\"},\"datePublished\":\"2013-06-23T15:17:14+00:00\",\"dateModified\":\"2023-05-22T14:13:14+00:00\",\"description\":\"Hier erhalten Sie einen Einblick in die Praxisr\u00e4ume der Villa Bella in M\u00fcnchen. Machen Sie eine virtuelle Tour mit 360\u00b0-Blick durch die R\u00e4umlichkeiten.\",\"breadcrumb\":{\"@id\":\"https:\/\/villa-bella.org\/li\/die-villa-bella\/galerie\/#breadcrumb\"},\"inLanguage\":\"de-LI\",\"potentialAction\":[{\"@type\":\"ReadAction\",\"target\":[\"https:\/\/villa-bella.org\/li\/die-villa-bella\/galerie\/\"]}]},{\"@type\":\"BreadcrumbList\",\"@id\":\"https:\/\/villa-bella.org\/li\/die-villa-bella\/galerie\/#breadcrumb\",\"itemListElement\":[{\"@type\":\"ListItem\",\"position\":1,\"name\":\"Home\",\"item\":\"https:\/\/villa-bella.org\/li\/home-2\/\"},{\"@type\":\"ListItem\",\"position\":2,\"name\":\"Die Villa Bella\",\"item\":\"https:\/\/villa-bella.org\/li\/die-villa-bella\/\"},{\"@type\":\"ListItem\",\"position\":3,\"name\":\"Galerie\"}]},{\"@type\":\"WebSite\",\"@id\":\"https:\/\/villa-bella.org\/li\/#website\",\"url\":\"https:\/\/villa-bella.org\/li\/\",\"name\":\"sch\u00f6nheitschirurgie m\u00fcnchen\",\"description\":\"Plastische Chirurgie und Sch\u00f6nheitschirurgie in M\u00fcnchen\",\"publisher\":{\"@id\":\"https:\/\/villa-bella.org\/li\/#organization\"},\"potentialAction\":[{\"@type\":\"SearchAction\",\"target\":{\"@type\":\"EntryPoint\",\"urlTemplate\":\"https:\/\/villa-bella.org\/li\/?s={search_term_string}\"},\"query-input\":{\"@type\":\"PropertyValueSpecification\",\"valueRequired\":true,\"valueName\":\"search_term_string\"}}],\"inLanguage\":\"de-LI\"},{\"@type\":\"Organization\",\"@id\":\"https:\/\/villa-bella.org\/li\/#organization\",\"name\":\"VILLA BELLA\",\"url\":\"https:\/\/villa-bella.org\/li\/\",\"logo\":{\"@type\":\"ImageObject\",\"inLanguage\":\"de-LI\",\"@id\":\"https:\/\/villa-bella.org\/li\/#\/schema\/logo\/image\/\",\"url\":\"https:\/\/villa-bella.org\/wp-content\/uploads\/2020\/09\/logo-092020.png\",\"contentUrl\":\"https:\/\/villa-bella.org\/wp-content\/uploads\/2020\/09\/logo-092020.png\",\"width\":300,\"height\":82,\"caption\":\"VILLA BELLA\"},\"image\":{\"@id\":\"https:\/\/villa-bella.org\/li\/#\/schema\/logo\/image\/\"}}]}<\/script>\n","yoast_head_json":{"title":"Galerie \u00bb Ein Einblick in unsere Praxisr\u00e4ume in M\u00fcnchen","description":"Hier erhalten Sie einen Einblick in die Praxisr\u00e4ume der Villa Bella in M\u00fcnchen. Machen Sie eine virtuelle Tour mit 360\u00b0-Blick durch die R\u00e4umlichkeiten.","robots":{"index":"noindex","follow":"follow"},"og_locale":"de_DE","og_type":"article","og_title":"Galerie \u00bb Ein Einblick in unsere Praxisr\u00e4ume in M\u00fcnchen","og_description":"Hier erhalten Sie einen Einblick in die Praxisr\u00e4ume der Villa Bella in M\u00fcnchen. Machen Sie eine virtuelle Tour mit 360\u00b0-Blick durch die R\u00e4umlichkeiten.","og_url":"https:\/\/villa-bella.org\/li\/die-villa-bella\/galerie\/","og_site_name":"sch\u00f6nheitschirurgie m\u00fcnchen","article_modified_time":"2023-05-22T14:13:14+00:00","twitter_misc":{"Est. reading time":"1 minute"},"schema":{"@context":"https:\/\/schema.org","@graph":[{"@type":"WebPage","@id":"https:\/\/villa-bella.org\/li\/die-villa-bella\/galerie\/","url":"https:\/\/villa-bella.org\/li\/die-villa-bella\/galerie\/","name":"Galerie \u00bb Ein Einblick in unsere Praxisr\u00e4ume in M\u00fcnchen","isPartOf":{"@id":"https:\/\/villa-bella.org\/li\/#website"},"datePublished":"2013-06-23T15:17:14+00:00","dateModified":"2023-05-22T14:13:14+00:00","description":"Hier erhalten Sie einen Einblick in die Praxisr\u00e4ume der Villa Bella in M\u00fcnchen. Machen Sie eine virtuelle Tour mit 360\u00b0-Blick durch die R\u00e4umlichkeiten.","breadcrumb":{"@id":"https:\/\/villa-bella.org\/li\/die-villa-bella\/galerie\/#breadcrumb"},"inLanguage":"de-LI","potentialAction":[{"@type":"ReadAction","target":["https:\/\/villa-bella.org\/li\/die-villa-bella\/galerie\/"]}]},{"@type":"BreadcrumbList","@id":"https:\/\/villa-bella.org\/li\/die-villa-bella\/galerie\/#breadcrumb","itemListElement":[{"@type":"ListItem","position":1,"name":"Home","item":"https:\/\/villa-bella.org\/li\/home-2\/"},{"@type":"ListItem","position":2,"name":"Die Villa Bella","item":"https:\/\/villa-bella.org\/li\/die-villa-bella\/"},{"@type":"ListItem","position":3,"name":"Galerie"}]},{"@type":"WebSite","@id":"https:\/\/villa-bella.org\/li\/#website","url":"https:\/\/villa-bella.org\/li\/","name":"sch\u00f6nheitschirurgie m\u00fcnchen","description":"Plastische Chirurgie und Sch\u00f6nheitschirurgie in M\u00fcnchen","publisher":{"@id":"https:\/\/villa-bella.org\/li\/#organization"},"potentialAction":[{"@type":"SearchAction","target":{"@type":"EntryPoint","urlTemplate":"https:\/\/villa-bella.org\/li\/?s={search_term_string}"},"query-input":{"@type":"PropertyValueSpecification","valueRequired":true,"valueName":"search_term_string"}}],"inLanguage":"de-LI"},{"@type":"Organization","@id":"https:\/\/villa-bella.org\/li\/#organization","name":"VILLA BELLA","url":"https:\/\/villa-bella.org\/li\/","logo":{"@type":"ImageObject","inLanguage":"de-LI","@id":"https:\/\/villa-bella.org\/li\/#\/schema\/logo\/image\/","url":"https:\/\/villa-bella.org\/wp-content\/uploads\/2020\/09\/logo-092020.png","contentUrl":"https:\/\/villa-bella.org\/wp-content\/uploads\/2020\/09\/logo-092020.png","width":300,"height":82,"caption":"VILLA BELLA"},"image":{"@id":"https:\/\/villa-bella.org\/li\/#\/schema\/logo\/image\/"}}]}},"_links":{"self":[{"href":"https:\/\/villa-bella.org\/li\/wp-json\/wp\/v2\/pages\/16180","targetHints":{"allow":["GET"]}}],"collection":[{"href":"https:\/\/villa-bella.org\/li\/wp-json\/wp\/v2\/pages"}],"about":[{"href":"https:\/\/villa-bella.org\/li\/wp-json\/wp\/v2\/types\/page"}],"author":[{"embeddable":true,"href":"https:\/\/villa-bella.org\/li\/wp-json\/wp\/v2\/users\/1"}],"replies":[{"embeddable":true,"href":"https:\/\/villa-bella.org\/li\/wp-json\/wp\/v2\/comments?post=16180"}],"version-history":[{"count":1,"href":"https:\/\/villa-bella.org\/li\/wp-json\/wp\/v2\/pages\/16180\/revisions"}],"predecessor-version":[{"id":22274,"href":"https:\/\/villa-bella.org\/li\/wp-json\/wp\/v2\/pages\/16180\/revisions\/22274"}],"up":[{"embeddable":true,"href":"https:\/\/villa-bella.org\/li\/wp-json\/wp\/v2\/pages\/37639"}],"wp:attachment":[{"href":"https:\/\/villa-bella.org\/li\/wp-json\/wp\/v2\/media?parent=16180"}],"curies":[{"name":"wp","href":"https:\/\/api.w.org\/{rel}","templated":true}]}}