{"id":1181,"date":"2014-01-25T18:04:11","date_gmt":"2014-01-25T16:04:11","guid":{"rendered":"http:\/\/villa-bella.org\/?page_id=1181"},"modified":"2026-03-20T10:17:28","modified_gmt":"2026-03-20T09:17:28","slug":"contact-us","status":"publish","type":"page","link":"https:\/\/villa-bella.org\/en\/contact-us\/","title":{"rendered":"Contact us"},"content":{"rendered":"<div class=\"flex_column av-av_one_full-7714eba142aeda1f8b5272a3c372b279 av_one_full  avia-builder-el-0  el_before_av_one_half  avia-builder-el-first  first flex_column_div  \"><style type=\"text\/css\" data-created_by=\"avia_inline_auto\" id=\"style-css-av-av_heading-b3769061a3d1834189687fc66aa08c8d\">\n#top .av-special-heading.av-av_heading-b3769061a3d1834189687fc66aa08c8d{\npadding-bottom:16px;\n}\nbody .av-special-heading.av-av_heading-b3769061a3d1834189687fc66aa08c8d .av-special-heading-tag .heading-char{\nfont-size:25px;\n}\n.av-special-heading.av-av_heading-b3769061a3d1834189687fc66aa08c8d .av-subheading{\nfont-size:10px;\n}\n<\/style>\n<div class=\"av-special-heading av-av_heading-b3769061a3d1834189687fc66aa08c8d av-special-heading-h2  avia-builder-el-1  avia-builder-el-no-sibling \"><h2 class=\"av-special-heading-tag \" itemprop=\"headline\">Feel free to contact us<\/h2><div class=\"special-heading-border\"><div class=\"special-heading-inner-border\"><\/div><\/div><\/div><\/div>\n<div class=\"flex_column av-av_one_half-2a9015ff38129c418a3f2eafba3e9512 av_one_half  avia-builder-el-2  el_after_av_one_full  el_before_av_one_half  first flex_column_div  column-top-margin\"><section class=\"av_textblock_section av-kn62ympf-53e71da737b182468b6dc869bea42c66 \" itemscope=\"itemscope\" itemtype=\"https:\/\/schema.org\/CreativeWork\"><div class=\"avia_textblock\" itemprop=\"text\"><p class=\"p-intro\">Feel free to call us at <a href=\"tel:+4989217549430\">+49 (0)89 \u2014 217 549 430<\/a> and arrange a perso\u00adnal consul\u00adta\u00adtion!<\/p>\n<p class=\"p-intro\">Of course, you can also reach us by email at <a href=\"mailto:info@villa-bella.org\">info@villa-bella.org<\/a> or simply use our contact form, also to book a video consul\u00adta\u00adtion.<\/p>\n<\/div><\/section><br>\n\n<style type=\"text\/css\" data-created_by=\"avia_inline_auto\" id=\"style-css-av-lnog7qg6-4fb9d03459fa5775c26d861a0a79d04b\">\n#top .av-special-heading.av-lnog7qg6-4fb9d03459fa5775c26d861a0a79d04b{\npadding-bottom:10px;\n}\nbody .av-special-heading.av-lnog7qg6-4fb9d03459fa5775c26d861a0a79d04b .av-special-heading-tag .heading-char{\nfont-size:25px;\n}\n.av-special-heading.av-lnog7qg6-4fb9d03459fa5775c26d861a0a79d04b .av-subheading{\nfont-size:15px;\n}\n<\/style>\n<div class=\"av-special-heading av-lnog7qg6-4fb9d03459fa5775c26d861a0a79d04b av-special-heading-h2 blockquote modern-quote  avia-builder-el-4  el_after_av_textblock  el_before_av_textblock \"><h2 class=\"av-special-heading-tag \" itemprop=\"headline\">Book appoint\u00adment online<\/h2><div class=\"av-subheading av-subheading_below\"><p>Step 1: Fill out form<br>\nStep 2: Select appoint\u00adment<\/p>\n<p><em><strong>Note:<\/strong> The fee for an initial consul\u00adta\u00adtion is \u20ac90. If you decide to proceed with treat\u00adment after the initial consul\u00adta\u00adtion, the \u20ac90 consul\u00adta\u00adtion fee will be credi\u00adted toward your account. This credit does not expire, and you can also use it for injec\u00adta\u00adble treat\u00adments.<\/em><\/p>\n<\/div><div class=\"special-heading-border\"><div class=\"special-heading-inner-border\"><\/div><\/div><\/div><br>\n<section class=\"av_textblock_section av-lzcmionv-5b929690d275f28ea5c07ee0426bc2e0 \" itemscope=\"itemscope\" itemtype=\"https:\/\/schema.org\/CreativeWork\"><div class=\"avia_textblock\" itemprop=\"text\">\n<div class=\"wpcf7 no-js\" id=\"wpcf7-f16094-o1\" lang=\"de-DE\" dir=\"ltr\" data-wpcf7-id=\"16094\">\n<div class=\"screen-reader-response\"><p role=\"status\" aria-live=\"polite\" aria-atomic=\"true\"><\/p> <ul><\/ul><\/div>\n<form action=\"\/en\/wp-json\/wp\/v2\/pages\/1181#wpcf7-f16094-o1\" method=\"post\" class=\"wpcf7-form init\" aria-label=\"Kontaktformular\" novalidate=\"novalidate\" data-status=\"init\">\n<fieldset class=\"hidden-fields-container\"><input type=\"hidden\" name=\"_wpcf7\" value=\"16094\"><input type=\"hidden\" name=\"_wpcf7_version\" value=\"6.1.4\"><input type=\"hidden\" name=\"_wpcf7_locale\" value=\"de_DE\"><input type=\"hidden\" name=\"_wpcf7_unit_tag\" value=\"wpcf7-f16094-o1\"><input type=\"hidden\" name=\"_wpcf7_container_post\" value=\"0\"><input type=\"hidden\" name=\"_wpcf7_posted_data_hash\" value><input type=\"hidden\" name=\"_uacf7_hidden_conditional_fields\" value>\n<\/fieldset>\n<div class=\"uacf7-form-wrapper-container uacf7-form-16094  \"><p>Your Name*<br>\n    <span class=\"wpcf7-form-control-wrap\" data-name=\"your-name\"><input size=\"40\" maxlength=\"400\" class=\"wpcf7-form-control wpcf7-text wpcf7-validates-as-required\" aria-required=\"true\" aria-invalid=\"false\" value type=\"text\" name=\"your-name\"><\/span> <\/p>\n\n<p>Your E\u2011Mail-address*<br>\n    <span class=\"wpcf7-form-control-wrap\" data-name=\"your-email\"><input size=\"40\" maxlength=\"400\" class=\"wpcf7-form-control wpcf7-email wpcf7-validates-as-required wpcf7-text wpcf7-validates-as-email\" aria-required=\"true\" aria-invalid=\"false\" value type=\"email\" name=\"your-email\"><\/span> <\/p>\n\n<p> Your phone number*<br>\n<span class=\"wpcf7-form-control-wrap\" data-name=\"your-tel\"><input size=\"40\" maxlength=\"400\" class=\"wpcf7-form-control wpcf7-tel wpcf7-validates-as-required wpcf7-text wpcf7-validates-as-tel\" aria-required=\"true\" aria-invalid=\"false\" value type=\"tel\" name=\"your-tel\"><\/span><\/p>\n\n<p>Which service are you interes\u00adted in?*<br>\n    <span class=\"wpcf7-form-control-wrap\" data-name=\"leistung\"><select class=\"wpcf7-form-control wpcf7-select wpcf7-validates-as-required\" aria-required=\"true\" aria-invalid=\"false\" name=\"leistung\"><option value>\u2013 Please select \u2013<\/option><option value=\"Breast Enlargement\">Breast Enlargement<\/option><option value=\"Breast Reduction\">Breast Reduction<\/option><option value=\"Breast Correction\">Breast Correction<\/option><option value=\"Breast Lifting\">Breast Lifting<\/option><option value=\"Gynecomastia\">Gynecomastia<\/option><option value=\"Wrinkle Treatment\">Wrinkle Treatment<\/option><option value=\"Wrinkle Treatment Hyaluronic Acid\">Wrinkle Treatment Hyaluronic Acid<\/option><option value=\"Skin Treatment Laser\">Skin Treatment Laser<\/option><option value=\"Anti Aging Treatment BBL\">Anti Aging Treatment BBL<\/option><option value=\"PRP Autohemotherapy\">PRP Autohemotherapy<\/option><option value=\"Permanent Hair Removal BBL\">Permanent Hair Removal BBL<\/option><option value=\"Scars\">Scars<\/option><option value=\"PRP Hair Loss\">PRP Hair Loss<\/option><option value=\"Video Consultation\">Video Consultation<\/option><option value=\"Facelift\">Facelift<\/option><option value=\"Facelift Laser\">Facelift Laser<\/option><option value=\"Eyelid Lift\">Eyelid Lift<\/option><option value=\"Lip Correction\">Lip Correction<\/option><option value=\"Ear Correction\">Ear Correction<\/option><option value=\"Nose Correction\">Nose Correction<\/option><option value=\"Chin Correction\">Chin Correction<\/option><option value=\"Chin Lift without Surgery\">Chin Lift without Surgery<\/option><option value=\"Neck Lift without Surgery\">Neck Lift without Surgery<\/option><option value=\"Lipedema\">Lipedema<\/option><option value=\"Hand Rejuvenation\">Hand Rejuvenation<\/option><option value=\"Liposuction\">Liposuction<\/option><option value=\"Body Tightening without Surgery\">Body Tightening without Surgery<\/option><option value=\"Leg Tightening\">Leg Tightening<\/option><option value=\"Upper Arm Tightening\">Upper Arm Tightening<\/option><option value=\"Arm Tightening\">Arm Tightening<\/option><option value=\"Tummy Tuck\">Tummy Tuck<\/option><option value=\"Cellulite Treatment Laser\">Cellulite Treatment Laser<\/option><option value=\"Hyperhidrosis Treatment\">Hyperhidrosis Treatment<\/option><option value=\"Buttock Augmentation\">Buttock Augmentation<\/option><option value=\"Intimate Correction\">Intimate Correction<\/option><\/select><\/span><\/p>\n\n<p>Your Message<br>\n    <span class=\"wpcf7-form-control-wrap\" data-name=\"your-message\"><textarea cols=\"40\" rows=\"10\" maxlength=\"2000\" class=\"wpcf7-form-control wpcf7-textarea\" aria-invalid=\"false\" name=\"your-message\"><\/textarea><\/span> <\/p>\n\n<span id=\"wpcf7-69e9e0288546b-wrapper\" class=\"wpcf7-form-control-wrap website-wrap\"><input type=\"hidden\" name=\"website-time-start\" value=\"1776934952\"><input type=\"hidden\" name=\"website-time-check\" value=\"12\"><label for=\"wpcf7-69e9e0288546b-field\" class=\"hp-message\">Bitte lasse dieses Feld leer.<\/label><input id=\"wpcf7-69e9e0288546b-field\" placeholder=\"website\" class=\"wpcf7-form-control wpcf7-text\" type=\"text\" name=\"website\" value size=\"40\" tabindex=\"-1\" autocomplete=\"off\"><\/span>\n<span id=\"wpcf7-69e9e028854b1-wrapper\" class=\"wpcf7-form-control-wrap email-wrap\"><input type=\"hidden\" name=\"email-time-start\" value=\"1776934952\"><input type=\"hidden\" name=\"email-time-check\" value=\"12\"><label for=\"leben\" class=\"hp-message\">Bitte lasse dieses Feld leer.<\/label><input id=\"leben\" placeholder=\"email\" class=\"wpcf7-form-control wpcf7-text\" type=\"text\" name=\"email\" value size=\"40\" tabindex=\"-1\" autocomplete=\"off\"><\/span>\n\n<input class=\"wpcf7-form-control wpcf7-hidden\" value type=\"hidden\" name=\"utm_source\">\n<input class=\"wpcf7-form-control wpcf7-hidden\" value type=\"hidden\" name=\"utm_campaign\">\n<input class=\"wpcf7-form-control wpcf7-hidden\" value type=\"hidden\" name=\"utm_term\">\n<input class=\"wpcf7-form-control wpcf7-hidden\" value type=\"hidden\" name=\"lp_url\">\n<input class=\"wpcf7-form-control wpcf7-hidden\" value type=\"hidden\" name=\"utm_content\">\n<input class=\"wpcf7-form-control wpcf7-hidden\" value type=\"hidden\" name=\"utm_medium\">\n<input class=\"wpcf7-form-control wpcf7-hidden\" value type=\"hidden\" name=\"gclid\">\n<input class=\"wpcf7-form-control wpcf7-hidden\" value type=\"hidden\" name=\"ad_id\">\n<input class=\"wpcf7-form-control wpcf7-hidden\" value type=\"hidden\" name=\"keyword\">\n<input class=\"wpcf7-form-control wpcf7-hidden\" value type=\"hidden\" name=\"placement\">\n<input class=\"wpcf7-form-control wpcf7-hidden\" value type=\"hidden\" name=\"matchtype\">\n<input class=\"wpcf7-form-control wpcf7-hidden\" value type=\"hidden\" name=\"behandlung_id\">\n<input class=\"wpcf7-form-control wpcf7-hidden\" value type=\"hidden\" name=\"behandlung_subkategorie\">\n\n<p><input class=\"wpcf7-form-control wpcf7-submit has-spinner\" type=\"submit\" value=\"Send and select appointment\"><\/p>\n\n* manda\u00adtory<\/div><div class=\"wpcf7-response-output\" aria-hidden=\"true\"><\/div>\n<\/form>\n<\/div>\n\n<\/div><\/section><\/div>\n<style type=\"text\/css\" data-created_by=\"avia_inline_auto\" id=\"style-css-av-av_one_half-f7c1061df29de8cca6b42fcf455fe4a0\">\n.flex_column.av-av_one_half-f7c1061df29de8cca6b42fcf455fe4a0{\nborder-radius:0px 0px 0px 0px;\npadding:0px 0px 0px 0px;\n}\n<\/style>\n<div class=\"flex_column av-av_one_half-f7c1061df29de8cca6b42fcf455fe4a0 av_one_half  avia-builder-el-6  el_after_av_one_half  avia-builder-el-last  flex_column_div av-zero-column-padding  column-top-margin\"><p><\/p><div class=\"flex_column av-av_one_half-7714eba142aeda1f8b5272a3c372b279 av_one_half first flex_column_div  \"><section class=\"av_textblock_section av-lnlqvnfp-c32b7dacb7b9c5ae35877d781447491a \" itemscope=\"itemscope\" itemtype=\"https:\/\/schema.org\/CreativeWork\"><div class=\"avia_textblock\" itemprop=\"text\"><p><a id=\"zl-url\" class=\"zl-url\" href=\"https:\/\/www.jameda.de\/ludger-joachim-maria-meyer-dobbelstein\/plastischer-aesthetischer-chirurg-allgemeinchirurg\/muenchen\" rel=\"nofollow\" data-zlw-doctor=\"ludger-joachim-maria-meyer-dobbelstein\" data-zlw-type=\"big\" data-zlw-opinion=\"true\" data-zlw-hide-branding=\"true\" data-zlw-saas-only=\"true\" data-zlw-a11y-title=\"Widget zur Arztterminbuchung\">Ludger Joachim Maria Meyer-Dobbel\u00adstein \u2014 jameda.de<\/a><script>!function($_x,_s,id){var js,fjs=$_x.getElementsByTagName(_s)[0];if(!$_x.getElementById(id)){js = $_x.createElement(_s);js.id = id;js.src = \"\/\/platform.docplanner.com\/js\/widget.js\";fjs.parentNode.insertBefore(js,fjs);}}(document,\"script\",\"zl-widget-s\");<\/script><\/p>\n<\/div><\/section><\/div><div class=\"flex_column av-av_one_half-f1c518e9ff58e869f80c8f093487abc9 av_one_half flex_column_div  \"><section class=\"av_textblock_section av-lnlqvzeh-d6ca2388653904daf3af27fba42b074e \" itemscope=\"itemscope\" itemtype=\"https:\/\/schema.org\/CreativeWork\"><div class=\"avia_textblock\" itemprop=\"text\"><p><script type=\"text\/javascript\" src=\"\/\/siegel.medi-echo.de\/js\/3CPqTygj1S\"><\/script><\/p>\n<\/div><\/section><\/div><br>\n<section class=\"av_textblock_section av-knq50k8y-cfef874b1fdf9541f767ad050a979c64 \" itemscope=\"itemscope\" itemtype=\"https:\/\/schema.org\/CreativeWork\"><div class=\"avia_textblock\" itemprop=\"text\"><p><iframe loading=\"lazy\" style=\"border: 0;\" src=\"https:\/\/www.google.com\/maps\/embed?pb=!1m18!1m12!1m3!1d2662.274094821152!2d11.57151977677862!3d48.143520750746866!2m3!1f0!2f0!3f0!3m2!1i1024!2i768!4f13.1!3m3!1m2!1s0x479e75e15cbc620f%3A0x429e38862a573276!2sVILLA%20BELLA%20%7C%20Praxis%20f%C3%BCr%20Plastische%20Chirurgie%20%26%20Sch%C3%B6nheitschirurgie!5e0!3m2!1sde!2sde!4v1690810868805!5m2!1sde!2sde\" width=\"600\" height=\"450\" allowfullscreen=\"allowfullscreen\"><\/iframe><\/p>\n<\/div><\/section><\/div>\n","protected":false},"excerpt":{"rendered":"","protected":false},"author":1,"featured_media":0,"parent":0,"menu_order":0,"comment_status":"closed","ping_status":"open","template":"","meta":{"_acf_changed":false,"wp_typography_post_enhancements_disabled":false,"ngg_post_thumbnail":0,"footnotes":""},"class_list":["post-1181","page","type-page","status-publish","hentry"],"acf":[],"yoast_head":"\n<title>Contact us<\/title>\n<meta name=\"robots\" content=\"noindex, follow\" \/>\n<meta property=\"og:locale\" content=\"en_GB\" \/>\n<meta property=\"og:type\" content=\"article\" \/>\n<meta property=\"og:title\" content=\"Contact us\" \/>\n<meta property=\"og:url\" content=\"https:\/\/villa-bella.org\/en\/contact-us\/\" \/>\n<meta property=\"og:site_name\" content=\"sch\u00f6nheitschirurgie m\u00fcnchen\" \/>\n<meta property=\"article:modified_time\" content=\"2026-03-20T09:17:28+00:00\" \/>\n<meta name=\"twitter:label1\" content=\"Estimated reading time\" \/>\n\t<meta name=\"twitter:data1\" content=\"1 minute\" \/>\n<script type=\"application\/ld+json\" class=\"yoast-schema-graph\">{\"@context\":\"https:\/\/schema.org\",\"@graph\":[{\"@type\":\"WebPage\",\"@id\":\"https:\/\/villa-bella.org\/en\/contact-us\/\",\"url\":\"https:\/\/villa-bella.org\/en\/contact-us\/\",\"name\":\"Contact us\",\"isPartOf\":{\"@id\":\"https:\/\/villa-bella.org\/en\/#website\"},\"datePublished\":\"2014-01-25T16:04:11+00:00\",\"dateModified\":\"2026-03-20T09:17:28+00:00\",\"breadcrumb\":{\"@id\":\"https:\/\/villa-bella.org\/en\/contact-us\/#breadcrumb\"},\"inLanguage\":\"en-GB\",\"potentialAction\":[{\"@type\":\"ReadAction\",\"target\":[\"https:\/\/villa-bella.org\/en\/contact-us\/\"]}]},{\"@type\":\"BreadcrumbList\",\"@id\":\"https:\/\/villa-bella.org\/en\/contact-us\/#breadcrumb\",\"itemListElement\":[{\"@type\":\"ListItem\",\"position\":1,\"name\":\"Home\",\"item\":\"https:\/\/villa-bella.org\/en\/\"},{\"@type\":\"ListItem\",\"position\":2,\"name\":\"Contact us\"}]},{\"@type\":\"WebSite\",\"@id\":\"https:\/\/villa-bella.org\/en\/#website\",\"url\":\"https:\/\/villa-bella.org\/en\/\",\"name\":\"sch\u00f6nheitschirurgie m\u00fcnchen\",\"description\":\"Plastische Chirurgie und Sch\u00f6nheitschirurgie in M\u00fcnchen\",\"publisher\":{\"@id\":\"https:\/\/villa-bella.org\/en\/#organization\"},\"potentialAction\":[{\"@type\":\"SearchAction\",\"target\":{\"@type\":\"EntryPoint\",\"urlTemplate\":\"https:\/\/villa-bella.org\/en\/?s={search_term_string}\"},\"query-input\":{\"@type\":\"PropertyValueSpecification\",\"valueRequired\":true,\"valueName\":\"search_term_string\"}}],\"inLanguage\":\"en-GB\"},{\"@type\":\"Organization\",\"@id\":\"https:\/\/villa-bella.org\/en\/#organization\",\"name\":\"VILLA BELLA\",\"url\":\"https:\/\/villa-bella.org\/en\/\",\"logo\":{\"@type\":\"ImageObject\",\"inLanguage\":\"en-GB\",\"@id\":\"https:\/\/villa-bella.org\/en\/#\/schema\/logo\/image\/\",\"url\":\"https:\/\/villa-bella.org\/wp-content\/uploads\/2020\/09\/logo-092020.png\",\"contentUrl\":\"https:\/\/villa-bella.org\/wp-content\/uploads\/2020\/09\/logo-092020.png\",\"width\":300,\"height\":82,\"caption\":\"VILLA BELLA\"},\"image\":{\"@id\":\"https:\/\/villa-bella.org\/en\/#\/schema\/logo\/image\/\"}}]}<\/script>\n","yoast_head_json":{"title":"Contact us","robots":{"index":"noindex","follow":"follow"},"og_locale":"en_GB","og_type":"article","og_title":"Contact us","og_url":"https:\/\/villa-bella.org\/en\/contact-us\/","og_site_name":"sch\u00f6nheitschirurgie m\u00fcnchen","article_modified_time":"2026-03-20T09:17:28+00:00","twitter_misc":{"Estimated reading time":"1 minute"},"schema":{"@context":"https:\/\/schema.org","@graph":[{"@type":"WebPage","@id":"https:\/\/villa-bella.org\/en\/contact-us\/","url":"https:\/\/villa-bella.org\/en\/contact-us\/","name":"Contact us","isPartOf":{"@id":"https:\/\/villa-bella.org\/en\/#website"},"datePublished":"2014-01-25T16:04:11+00:00","dateModified":"2026-03-20T09:17:28+00:00","breadcrumb":{"@id":"https:\/\/villa-bella.org\/en\/contact-us\/#breadcrumb"},"inLanguage":"en-GB","potentialAction":[{"@type":"ReadAction","target":["https:\/\/villa-bella.org\/en\/contact-us\/"]}]},{"@type":"BreadcrumbList","@id":"https:\/\/villa-bella.org\/en\/contact-us\/#breadcrumb","itemListElement":[{"@type":"ListItem","position":1,"name":"Home","item":"https:\/\/villa-bella.org\/en\/"},{"@type":"ListItem","position":2,"name":"Contact us"}]},{"@type":"WebSite","@id":"https:\/\/villa-bella.org\/en\/#website","url":"https:\/\/villa-bella.org\/en\/","name":"sch\u00f6nheitschirurgie m\u00fcnchen","description":"Plastische Chirurgie und Sch\u00f6nheitschirurgie in M\u00fcnchen","publisher":{"@id":"https:\/\/villa-bella.org\/en\/#organization"},"potentialAction":[{"@type":"SearchAction","target":{"@type":"EntryPoint","urlTemplate":"https:\/\/villa-bella.org\/en\/?s={search_term_string}"},"query-input":{"@type":"PropertyValueSpecification","valueRequired":true,"valueName":"search_term_string"}}],"inLanguage":"en-GB"},{"@type":"Organization","@id":"https:\/\/villa-bella.org\/en\/#organization","name":"VILLA BELLA","url":"https:\/\/villa-bella.org\/en\/","logo":{"@type":"ImageObject","inLanguage":"en-GB","@id":"https:\/\/villa-bella.org\/en\/#\/schema\/logo\/image\/","url":"https:\/\/villa-bella.org\/wp-content\/uploads\/2020\/09\/logo-092020.png","contentUrl":"https:\/\/villa-bella.org\/wp-content\/uploads\/2020\/09\/logo-092020.png","width":300,"height":82,"caption":"VILLA BELLA"},"image":{"@id":"https:\/\/villa-bella.org\/en\/#\/schema\/logo\/image\/"}}]}},"_links":{"self":[{"href":"https:\/\/villa-bella.org\/en\/wp-json\/wp\/v2\/pages\/1181","targetHints":{"allow":["GET"]}}],"collection":[{"href":"https:\/\/villa-bella.org\/en\/wp-json\/wp\/v2\/pages"}],"about":[{"href":"https:\/\/villa-bella.org\/en\/wp-json\/wp\/v2\/types\/page"}],"author":[{"embeddable":true,"href":"https:\/\/villa-bella.org\/en\/wp-json\/wp\/v2\/users\/1"}],"replies":[{"embeddable":true,"href":"https:\/\/villa-bella.org\/en\/wp-json\/wp\/v2\/comments?post=1181"}],"version-history":[{"count":2,"href":"https:\/\/villa-bella.org\/en\/wp-json\/wp\/v2\/pages\/1181\/revisions"}],"predecessor-version":[{"id":37713,"href":"https:\/\/villa-bella.org\/en\/wp-json\/wp\/v2\/pages\/1181\/revisions\/37713"}],"wp:attachment":[{"href":"https:\/\/villa-bella.org\/en\/wp-json\/wp\/v2\/media?parent=1181"}],"curies":[{"name":"wp","href":"https:\/\/api.w.org\/{rel}","templated":true}]}}