{"id":1041,"date":"2014-01-22T12:30:45","date_gmt":"2014-01-22T10:30:45","guid":{"rendered":"http:\/\/villa-bella.org\/?page_id=1041"},"modified":"2021-04-21T15:25:22","modified_gmt":"2021-04-21T13:25:22","slug":"gallery","status":"publish","type":"page","link":"https:\/\/villa-bella.org\/en\/meet-the-team\/gallery\/","title":{"rendered":"Gallery"},"content":{"rendered":"<section class=\"av_textblock_section av-av_textblock-0366cc7376be6c9e82a3e9cc8987b64f \" itemscope=\"itemscope\" itemtype=\"https:\/\/schema.org\/CreativeWork\"><div class=\"avia_textblock\" itemprop=\"text\"><h3 dir=\"ltr\">Our Images<\/h3>\n<\/div><\/section>\n\n<style type=\"text\/css\" data-created_by=\"avia_inline_auto\" id=\"style-css-av-knrhnmcw-7ea6d3799d98958dc5dd0e42e7218e88\">\n#top .avia-gallery.av-knrhnmcw-7ea6d3799d98958dc5dd0e42e7218e88 .avia-gallery-thumb a{\nwidth:20%;\n}\n<\/style>\n<div class=\"avia-gallery av-knrhnmcw-7ea6d3799d98958dc5dd0e42e7218e88 avia_animate_when_visible  avia-builder-el-1  el_after_av_textblock  avia-builder-el-last  avia_lazyload avia-gallery-animate avia-gallery-1\" itemprop=\"image\" itemscope=\"itemscope\" itemtype=\"https:\/\/schema.org\/ImageObject\"><meta itemprop=\"contentURL\" content=\"https:\/\/villa-bella.org\/en\/meet-the-team\/gallery\/\"><div class=\"avia-gallery-thumb\"><a href=\"https:\/\/villa-bella.org\/wp-content\/uploads\/2014\/01\/DSC_5123_b.jpg\" data-srcset=\"https:\/\/villa-bella.org\/wp-content\/uploads\/2014\/01\/DSC_5123_b.jpg 633w, https:\/\/villa-bella.org\/wp-content\/uploads\/2014\/01\/DSC_5123_b-300x157.jpg 300w, https:\/\/villa-bella.org\/wp-content\/uploads\/2014\/01\/DSC_5123_b-450x235.jpg 450w\" data-sizes=\"(max-width: 633px) 100vw, 633px\" data-rel=\"gallery-1\" data-prev-img=\"https:\/\/villa-bella.org\/wp-content\/uploads\/2014\/01\/DSC_5123_b-495x331.jpg\" class=\"first_thumb lightbox \" data-onclick=\"1\" title=\"Empfangsbereich\" itemprop=\"thumbnailUrl\"><img decoding=\"async\" fetchpriority=\"high\" class=\"wp-image-7228 avia-img-lazy-loading-not-7228\" data-avia-tooltip=\"Empfangsbereich\" src=\"https:\/\/villa-bella.org\/wp-content\/uploads\/2014\/01\/DSC_5123_b-495x331.jpg\" width=\"495\" height=\"331\" title=\"DSC_5123_b\" alt><div class=\"big-prev-fake\"><img decoding=\"async\" loading=\"lazy\" class=\"wp-image-7228 avia-img-lazy-loading-7228\" width=\"495\" height=\"331\" src=\"https:\/\/villa-bella.org\/wp-content\/uploads\/2014\/01\/DSC_5123_b-495x331.jpg\" title=\"DSC_5123_b\" alt><\/div><\/a><a href=\"https:\/\/villa-bella.org\/wp-content\/uploads\/2014\/01\/DSC_5125_b.jpg\" data-srcset=\"https:\/\/villa-bella.org\/wp-content\/uploads\/2014\/01\/DSC_5125_b.jpg 633w, https:\/\/villa-bella.org\/wp-content\/uploads\/2014\/01\/DSC_5125_b-300x157.jpg 300w, https:\/\/villa-bella.org\/wp-content\/uploads\/2014\/01\/DSC_5125_b-450x235.jpg 450w\" data-sizes=\"(max-width: 633px) 100vw, 633px\" data-rel=\"gallery-1\" data-prev-img=\"https:\/\/villa-bella.org\/wp-content\/uploads\/2014\/01\/DSC_5125_b-495x331.jpg\" class=\"lightbox \" data-onclick=\"2\" title=\"Make an appointment\" itemprop=\"thumbnailUrl\"><img decoding=\"async\" fetchpriority=\"high\" class=\"wp-image-7229 avia-img-lazy-loading-not-7229\" data-avia-tooltip=\"Make an appointment\" src=\"https:\/\/villa-bella.org\/wp-content\/uploads\/2014\/01\/DSC_5125_b-495x331.jpg\" width=\"495\" height=\"331\" title=\"DSC_5125_b\" alt><div class=\"big-prev-fake\"><img decoding=\"async\" loading=\"lazy\" class=\"wp-image-7229 avia-img-lazy-loading-7229\" width=\"495\" height=\"331\" src=\"https:\/\/villa-bella.org\/wp-content\/uploads\/2014\/01\/DSC_5125_b-495x331.jpg\" title=\"DSC_5125_b\" alt><\/div><\/a><a href=\"https:\/\/villa-bella.org\/wp-content\/uploads\/2014\/01\/DSC_5126_b.jpg\" data-srcset=\"https:\/\/villa-bella.org\/wp-content\/uploads\/2014\/01\/DSC_5126_b.jpg 633w, https:\/\/villa-bella.org\/wp-content\/uploads\/2014\/01\/DSC_5126_b-300x157.jpg 300w, https:\/\/villa-bella.org\/wp-content\/uploads\/2014\/01\/DSC_5126_b-450x235.jpg 450w\" data-sizes=\"(max-width: 633px) 100vw, 633px\" data-rel=\"gallery-1\" data-prev-img=\"https:\/\/villa-bella.org\/wp-content\/uploads\/2014\/01\/DSC_5126_b-495x331.jpg\" class=\"lightbox \" data-onclick=\"3\" title=\"Welcome to VILLA BELLA\" itemprop=\"thumbnailUrl\"><img decoding=\"async\" fetchpriority=\"high\" class=\"wp-image-7230 avia-img-lazy-loading-not-7230\" data-avia-tooltip=\"Welcome to VILLA BELLA\" src=\"https:\/\/villa-bella.org\/wp-content\/uploads\/2014\/01\/DSC_5126_b-495x331.jpg\" width=\"495\" height=\"331\" title=\"DSC_5126_b\" alt><div class=\"big-prev-fake\"><img decoding=\"async\" loading=\"lazy\" class=\"wp-image-7230 avia-img-lazy-loading-7230\" width=\"495\" height=\"331\" src=\"https:\/\/villa-bella.org\/wp-content\/uploads\/2014\/01\/DSC_5126_b-495x331.jpg\" title=\"DSC_5126_b\" alt><\/div><\/a><a href=\"https:\/\/villa-bella.org\/wp-content\/uploads\/2014\/01\/DSC_5127_b.jpg\" data-srcset=\"https:\/\/villa-bella.org\/wp-content\/uploads\/2014\/01\/DSC_5127_b.jpg 633w, https:\/\/villa-bella.org\/wp-content\/uploads\/2014\/01\/DSC_5127_b-300x157.jpg 300w, https:\/\/villa-bella.org\/wp-content\/uploads\/2014\/01\/DSC_5127_b-450x235.jpg 450w\" data-sizes=\"(max-width: 633px) 100vw, 633px\" data-rel=\"gallery-1\" data-prev-img=\"https:\/\/villa-bella.org\/wp-content\/uploads\/2014\/01\/DSC_5127_b-495x331.jpg\" class=\"lightbox \" data-onclick=\"4\" title=\"Welcome to VILLA BELLA\" itemprop=\"thumbnailUrl\"><img decoding=\"async\" fetchpriority=\"high\" class=\"wp-image-7231 avia-img-lazy-loading-not-7231\" data-avia-tooltip=\"Welcome to VILLA BELLA\" src=\"https:\/\/villa-bella.org\/wp-content\/uploads\/2014\/01\/DSC_5127_b-495x331.jpg\" width=\"495\" height=\"331\" title=\"DSC_5127_b\" alt><div class=\"big-prev-fake\"><img decoding=\"async\" loading=\"lazy\" class=\"wp-image-7231 avia-img-lazy-loading-7231\" width=\"495\" height=\"331\" src=\"https:\/\/villa-bella.org\/wp-content\/uploads\/2014\/01\/DSC_5127_b-495x331.jpg\" title=\"DSC_5127_b\" alt><\/div><\/a><a href=\"https:\/\/villa-bella.org\/wp-content\/uploads\/2014\/01\/DSC_5130_b.jpg\" data-srcset=\"https:\/\/villa-bella.org\/wp-content\/uploads\/2014\/01\/DSC_5130_b.jpg 633w, https:\/\/villa-bella.org\/wp-content\/uploads\/2014\/01\/DSC_5130_b-300x157.jpg 300w, https:\/\/villa-bella.org\/wp-content\/uploads\/2014\/01\/DSC_5130_b-450x235.jpg 450w\" data-sizes=\"(max-width: 633px) 100vw, 633px\" data-rel=\"gallery-1\" data-prev-img=\"https:\/\/villa-bella.org\/wp-content\/uploads\/2014\/01\/DSC_5130_b-495x331.jpg\" class=\"lightbox \" data-onclick=\"5\" title=\"Welcome to VILLA BELLA\" itemprop=\"thumbnailUrl\"><img decoding=\"async\" fetchpriority=\"high\" class=\"wp-image-7232 avia-img-lazy-loading-not-7232\" data-avia-tooltip=\"Welcome to VILLA BELLA\" src=\"https:\/\/villa-bella.org\/wp-content\/uploads\/2014\/01\/DSC_5130_b-495x331.jpg\" width=\"495\" height=\"331\" title=\"DSC_5130_b\" alt><div class=\"big-prev-fake\"><img decoding=\"async\" loading=\"lazy\" class=\"wp-image-7232 avia-img-lazy-loading-7232\" width=\"495\" height=\"331\" src=\"https:\/\/villa-bella.org\/wp-content\/uploads\/2014\/01\/DSC_5130_b-495x331.jpg\" title=\"DSC_5130_b\" alt><\/div><\/a><a href=\"https:\/\/villa-bella.org\/wp-content\/uploads\/2014\/01\/DSC_5131_b.jpg\" data-srcset=\"https:\/\/villa-bella.org\/wp-content\/uploads\/2014\/01\/DSC_5131_b.jpg 633w, https:\/\/villa-bella.org\/wp-content\/uploads\/2014\/01\/DSC_5131_b-300x157.jpg 300w, https:\/\/villa-bella.org\/wp-content\/uploads\/2014\/01\/DSC_5131_b-450x235.jpg 450w\" data-sizes=\"(max-width: 633px) 100vw, 633px\" data-rel=\"gallery-1\" data-prev-img=\"https:\/\/villa-bella.org\/wp-content\/uploads\/2014\/01\/DSC_5131_b-495x331.jpg\" class=\"first_thumb lightbox \" data-onclick=\"6\" title=\"Our Beauty experts at the Villa Bella in Munich\" itemprop=\"thumbnailUrl\"><img decoding=\"async\" fetchpriority=\"high\" class=\"wp-image-7233 avia-img-lazy-loading-not-7233\" data-avia-tooltip=\"Our Beauty experts at the Villa Bella in Munich\" src=\"https:\/\/villa-bella.org\/wp-content\/uploads\/2014\/01\/DSC_5131_b-495x331.jpg\" width=\"495\" height=\"331\" title=\"DSC_5131_b\" alt><div class=\"big-prev-fake\"><img decoding=\"async\" loading=\"lazy\" class=\"wp-image-7233 avia-img-lazy-loading-7233\" width=\"495\" height=\"331\" src=\"https:\/\/villa-bella.org\/wp-content\/uploads\/2014\/01\/DSC_5131_b-495x331.jpg\" title=\"DSC_5131_b\" alt><\/div><\/a><a href=\"https:\/\/villa-bella.org\/wp-content\/uploads\/2014\/01\/DSC_5132_b.jpg\" data-srcset=\"https:\/\/villa-bella.org\/wp-content\/uploads\/2014\/01\/DSC_5132_b.jpg 633w, https:\/\/villa-bella.org\/wp-content\/uploads\/2014\/01\/DSC_5132_b-300x157.jpg 300w, https:\/\/villa-bella.org\/wp-content\/uploads\/2014\/01\/DSC_5132_b-450x235.jpg 450w\" data-sizes=\"(max-width: 633px) 100vw, 633px\" data-rel=\"gallery-1\" data-prev-img=\"https:\/\/villa-bella.org\/wp-content\/uploads\/2014\/01\/DSC_5132_b-495x331.jpg\" class=\"lightbox \" data-onclick=\"7\" title=\"OP room at VILLA BELLA\" itemprop=\"thumbnailUrl\"><img decoding=\"async\" fetchpriority=\"high\" class=\"wp-image-7234 avia-img-lazy-loading-not-7234\" data-avia-tooltip=\"OP room at VILLA BELLA\" src=\"https:\/\/villa-bella.org\/wp-content\/uploads\/2014\/01\/DSC_5132_b-495x331.jpg\" width=\"495\" height=\"331\" title=\"DSC_5132_b\" alt><div class=\"big-prev-fake\"><img decoding=\"async\" loading=\"lazy\" class=\"wp-image-7234 avia-img-lazy-loading-7234\" width=\"495\" height=\"331\" src=\"https:\/\/villa-bella.org\/wp-content\/uploads\/2014\/01\/DSC_5132_b-495x331.jpg\" title=\"DSC_5132_b\" alt><\/div><\/a><a href=\"https:\/\/villa-bella.org\/wp-content\/uploads\/2014\/01\/DSC_5133_b.jpg\" data-srcset=\"https:\/\/villa-bella.org\/wp-content\/uploads\/2014\/01\/DSC_5133_b.jpg 633w, https:\/\/villa-bella.org\/wp-content\/uploads\/2014\/01\/DSC_5133_b-300x157.jpg 300w, https:\/\/villa-bella.org\/wp-content\/uploads\/2014\/01\/DSC_5133_b-450x235.jpg 450w\" data-sizes=\"(max-width: 633px) 100vw, 633px\" data-rel=\"gallery-1\" data-prev-img=\"https:\/\/villa-bella.org\/wp-content\/uploads\/2014\/01\/DSC_5133_b-495x331.jpg\" class=\"lightbox \" data-onclick=\"8\" title=\"Sprechstunden bei der VILLA BLLA\" itemprop=\"thumbnailUrl\"><img decoding=\"async\" fetchpriority=\"high\" class=\"wp-image-7235 avia-img-lazy-loading-not-7235\" data-avia-tooltip=\"Sprechstunden bei der VILLA BLLA\" src=\"https:\/\/villa-bella.org\/wp-content\/uploads\/2014\/01\/DSC_5133_b-495x331.jpg\" width=\"495\" height=\"331\" title=\"DSC_5133_b\" alt><div class=\"big-prev-fake\"><img decoding=\"async\" loading=\"lazy\" class=\"wp-image-7235 avia-img-lazy-loading-7235\" width=\"495\" height=\"331\" src=\"https:\/\/villa-bella.org\/wp-content\/uploads\/2014\/01\/DSC_5133_b-495x331.jpg\" title=\"DSC_5133_b\" alt><\/div><\/a><a href=\"https:\/\/villa-bella.org\/wp-content\/uploads\/2014\/01\/DSC_5134_b.jpg\" data-srcset=\"https:\/\/villa-bella.org\/wp-content\/uploads\/2014\/01\/DSC_5134_b.jpg 633w, https:\/\/villa-bella.org\/wp-content\/uploads\/2014\/01\/DSC_5134_b-300x157.jpg 300w, https:\/\/villa-bella.org\/wp-content\/uploads\/2014\/01\/DSC_5134_b-450x235.jpg 450w\" data-sizes=\"(max-width: 633px) 100vw, 633px\" data-rel=\"gallery-1\" data-prev-img=\"https:\/\/villa-bella.org\/wp-content\/uploads\/2014\/01\/DSC_5134_b-495x331.jpg\" class=\"lightbox \" data-onclick=\"9\" title=\"OP room\" itemprop=\"thumbnailUrl\"><img decoding=\"async\" fetchpriority=\"high\" class=\"wp-image-7236 avia-img-lazy-loading-not-7236\" data-avia-tooltip=\"OP room\" src=\"https:\/\/villa-bella.org\/wp-content\/uploads\/2014\/01\/DSC_5134_b-495x331.jpg\" width=\"495\" height=\"331\" title=\"DSC_5134_b\" alt><div class=\"big-prev-fake\"><img decoding=\"async\" loading=\"lazy\" class=\"wp-image-7236 avia-img-lazy-loading-7236\" width=\"495\" height=\"331\" src=\"https:\/\/villa-bella.org\/wp-content\/uploads\/2014\/01\/DSC_5134_b-495x331.jpg\" title=\"DSC_5134_b\" alt><\/div><\/a><a href=\"https:\/\/villa-bella.org\/wp-content\/uploads\/2014\/01\/DSC_5135_b.jpg\" data-srcset=\"https:\/\/villa-bella.org\/wp-content\/uploads\/2014\/01\/DSC_5135_b.jpg 633w, https:\/\/villa-bella.org\/wp-content\/uploads\/2014\/01\/DSC_5135_b-300x157.jpg 300w, https:\/\/villa-bella.org\/wp-content\/uploads\/2014\/01\/DSC_5135_b-450x235.jpg 450w\" data-sizes=\"(max-width: 633px) 100vw, 633px\" data-rel=\"gallery-1\" data-prev-img=\"https:\/\/villa-bella.org\/wp-content\/uploads\/2014\/01\/DSC_5135_b-495x331.jpg\" class=\"lightbox \" data-onclick=\"10\" title=\"Dr. Med. Ludger Meyer is looking forward to your visit\" itemprop=\"thumbnailUrl\"><img decoding=\"async\" fetchpriority=\"high\" class=\"wp-image-7237 avia-img-lazy-loading-not-7237\" data-avia-tooltip=\"Dr. Med. Ludger Meyer is looking forward to your visit\" src=\"https:\/\/villa-bella.org\/wp-content\/uploads\/2014\/01\/DSC_5135_b-495x331.jpg\" width=\"495\" height=\"331\" title=\"DSC_5135_b\" alt><div class=\"big-prev-fake\"><img decoding=\"async\" loading=\"lazy\" class=\"wp-image-7237 avia-img-lazy-loading-7237\" width=\"495\" height=\"331\" src=\"https:\/\/villa-bella.org\/wp-content\/uploads\/2014\/01\/DSC_5135_b-495x331.jpg\" title=\"DSC_5135_b\" alt><\/div><\/a><a href=\"https:\/\/villa-bella.org\/wp-content\/uploads\/2014\/01\/DSC_5136_b.jpg\" data-srcset=\"https:\/\/villa-bella.org\/wp-content\/uploads\/2014\/01\/DSC_5136_b.jpg 633w, https:\/\/villa-bella.org\/wp-content\/uploads\/2014\/01\/DSC_5136_b-300x157.jpg 300w, https:\/\/villa-bella.org\/wp-content\/uploads\/2014\/01\/DSC_5136_b-450x235.jpg 450w\" data-sizes=\"(max-width: 633px) 100vw, 633px\" data-rel=\"gallery-1\" data-prev-img=\"https:\/\/villa-bella.org\/wp-content\/uploads\/2014\/01\/DSC_5136_b-495x331.jpg\" class=\"first_thumb lightbox \" data-onclick=\"11\" title=\"Welcome to VILLA BELLA\" itemprop=\"thumbnailUrl\"><img decoding=\"async\" fetchpriority=\"high\" class=\"wp-image-7238 avia-img-lazy-loading-not-7238\" data-avia-tooltip=\"Welcome to VILLA BELLA\" src=\"https:\/\/villa-bella.org\/wp-content\/uploads\/2014\/01\/DSC_5136_b-495x331.jpg\" width=\"495\" height=\"331\" title=\"DSC_5136_b\" alt><div class=\"big-prev-fake\"><img decoding=\"async\" loading=\"lazy\" class=\"wp-image-7238 avia-img-lazy-loading-7238\" width=\"495\" height=\"331\" src=\"https:\/\/villa-bella.org\/wp-content\/uploads\/2014\/01\/DSC_5136_b-495x331.jpg\" title=\"DSC_5136_b\" alt><\/div><\/a><\/div><\/div>\n","protected":false},"excerpt":{"rendered":"","protected":false},"author":1,"featured_media":0,"parent":2828,"menu_order":0,"comment_status":"closed","ping_status":"open","template":"","meta":{"_acf_changed":false,"wp_typography_post_enhancements_disabled":false,"ngg_post_thumbnail":0,"footnotes":""},"class_list":["post-1041","page","type-page","status-publish","hentry"],"acf":[],"yoast_head":"\n<title>Gallery<\/title>\n<meta name=\"robots\" content=\"noindex, follow\" \/>\n<meta property=\"og:locale\" content=\"en_GB\" \/>\n<meta property=\"og:type\" content=\"article\" \/>\n<meta property=\"og:title\" content=\"Gallery\" \/>\n<meta property=\"og:url\" content=\"https:\/\/villa-bella.org\/en\/meet-the-team\/gallery\/\" \/>\n<meta property=\"og:site_name\" content=\"sch\u00f6nheitschirurgie m\u00fcnchen\" \/>\n<meta property=\"article:modified_time\" content=\"2021-04-21T13:25:22+00:00\" \/>\n<script type=\"application\/ld+json\" class=\"yoast-schema-graph\">{\"@context\":\"https:\/\/schema.org\",\"@graph\":[{\"@type\":\"WebPage\",\"@id\":\"https:\/\/villa-bella.org\/en\/meet-the-team\/gallery\/\",\"url\":\"https:\/\/villa-bella.org\/en\/meet-the-team\/gallery\/\",\"name\":\"Gallery\",\"isPartOf\":{\"@id\":\"https:\/\/villa-bella.org\/en\/#website\"},\"datePublished\":\"2014-01-22T10:30:45+00:00\",\"dateModified\":\"2021-04-21T13:25:22+00:00\",\"breadcrumb\":{\"@id\":\"https:\/\/villa-bella.org\/en\/meet-the-team\/gallery\/#breadcrumb\"},\"inLanguage\":\"en-GB\",\"potentialAction\":[{\"@type\":\"ReadAction\",\"target\":[\"https:\/\/villa-bella.org\/en\/meet-the-team\/gallery\/\"]}]},{\"@type\":\"BreadcrumbList\",\"@id\":\"https:\/\/villa-bella.org\/en\/meet-the-team\/gallery\/#breadcrumb\",\"itemListElement\":[{\"@type\":\"ListItem\",\"position\":1,\"name\":\"Home\",\"item\":\"https:\/\/villa-bella.org\/en\/\"},{\"@type\":\"ListItem\",\"position\":2,\"name\":\"Meet the team\",\"item\":\"https:\/\/villa-bella.org\/en\/meet-the-team\/\"},{\"@type\":\"ListItem\",\"position\":3,\"name\":\"Gallery\"}]},{\"@type\":\"WebSite\",\"@id\":\"https:\/\/villa-bella.org\/en\/#website\",\"url\":\"https:\/\/villa-bella.org\/en\/\",\"name\":\"sch\u00f6nheitschirurgie m\u00fcnchen\",\"description\":\"Plastische Chirurgie und Sch\u00f6nheitschirurgie in M\u00fcnchen\",\"publisher\":{\"@id\":\"https:\/\/villa-bella.org\/en\/#organization\"},\"potentialAction\":[{\"@type\":\"SearchAction\",\"target\":{\"@type\":\"EntryPoint\",\"urlTemplate\":\"https:\/\/villa-bella.org\/en\/?s={search_term_string}\"},\"query-input\":{\"@type\":\"PropertyValueSpecification\",\"valueRequired\":true,\"valueName\":\"search_term_string\"}}],\"inLanguage\":\"en-GB\"},{\"@type\":\"Organization\",\"@id\":\"https:\/\/villa-bella.org\/en\/#organization\",\"name\":\"VILLA BELLA\",\"url\":\"https:\/\/villa-bella.org\/en\/\",\"logo\":{\"@type\":\"ImageObject\",\"inLanguage\":\"en-GB\",\"@id\":\"https:\/\/villa-bella.org\/en\/#\/schema\/logo\/image\/\",\"url\":\"https:\/\/villa-bella.org\/wp-content\/uploads\/2020\/09\/logo-092020.png\",\"contentUrl\":\"https:\/\/villa-bella.org\/wp-content\/uploads\/2020\/09\/logo-092020.png\",\"width\":300,\"height\":82,\"caption\":\"VILLA BELLA\"},\"image\":{\"@id\":\"https:\/\/villa-bella.org\/en\/#\/schema\/logo\/image\/\"}}]}<\/script>\n","yoast_head_json":{"title":"Gallery","robots":{"index":"noindex","follow":"follow"},"og_locale":"en_GB","og_type":"article","og_title":"Gallery","og_url":"https:\/\/villa-bella.org\/en\/meet-the-team\/gallery\/","og_site_name":"sch\u00f6nheitschirurgie m\u00fcnchen","article_modified_time":"2021-04-21T13:25:22+00:00","schema":{"@context":"https:\/\/schema.org","@graph":[{"@type":"WebPage","@id":"https:\/\/villa-bella.org\/en\/meet-the-team\/gallery\/","url":"https:\/\/villa-bella.org\/en\/meet-the-team\/gallery\/","name":"Gallery","isPartOf":{"@id":"https:\/\/villa-bella.org\/en\/#website"},"datePublished":"2014-01-22T10:30:45+00:00","dateModified":"2021-04-21T13:25:22+00:00","breadcrumb":{"@id":"https:\/\/villa-bella.org\/en\/meet-the-team\/gallery\/#breadcrumb"},"inLanguage":"en-GB","potentialAction":[{"@type":"ReadAction","target":["https:\/\/villa-bella.org\/en\/meet-the-team\/gallery\/"]}]},{"@type":"BreadcrumbList","@id":"https:\/\/villa-bella.org\/en\/meet-the-team\/gallery\/#breadcrumb","itemListElement":[{"@type":"ListItem","position":1,"name":"Home","item":"https:\/\/villa-bella.org\/en\/"},{"@type":"ListItem","position":2,"name":"Meet the team","item":"https:\/\/villa-bella.org\/en\/meet-the-team\/"},{"@type":"ListItem","position":3,"name":"Gallery"}]},{"@type":"WebSite","@id":"https:\/\/villa-bella.org\/en\/#website","url":"https:\/\/villa-bella.org\/en\/","name":"sch\u00f6nheitschirurgie m\u00fcnchen","description":"Plastische Chirurgie und Sch\u00f6nheitschirurgie in M\u00fcnchen","publisher":{"@id":"https:\/\/villa-bella.org\/en\/#organization"},"potentialAction":[{"@type":"SearchAction","target":{"@type":"EntryPoint","urlTemplate":"https:\/\/villa-bella.org\/en\/?s={search_term_string}"},"query-input":{"@type":"PropertyValueSpecification","valueRequired":true,"valueName":"search_term_string"}}],"inLanguage":"en-GB"},{"@type":"Organization","@id":"https:\/\/villa-bella.org\/en\/#organization","name":"VILLA BELLA","url":"https:\/\/villa-bella.org\/en\/","logo":{"@type":"ImageObject","inLanguage":"en-GB","@id":"https:\/\/villa-bella.org\/en\/#\/schema\/logo\/image\/","url":"https:\/\/villa-bella.org\/wp-content\/uploads\/2020\/09\/logo-092020.png","contentUrl":"https:\/\/villa-bella.org\/wp-content\/uploads\/2020\/09\/logo-092020.png","width":300,"height":82,"caption":"VILLA BELLA"},"image":{"@id":"https:\/\/villa-bella.org\/en\/#\/schema\/logo\/image\/"}}]}},"_links":{"self":[{"href":"https:\/\/villa-bella.org\/en\/wp-json\/wp\/v2\/pages\/1041","targetHints":{"allow":["GET"]}}],"collection":[{"href":"https:\/\/villa-bella.org\/en\/wp-json\/wp\/v2\/pages"}],"about":[{"href":"https:\/\/villa-bella.org\/en\/wp-json\/wp\/v2\/types\/page"}],"author":[{"embeddable":true,"href":"https:\/\/villa-bella.org\/en\/wp-json\/wp\/v2\/users\/1"}],"replies":[{"embeddable":true,"href":"https:\/\/villa-bella.org\/en\/wp-json\/wp\/v2\/comments?post=1041"}],"version-history":[{"count":2,"href":"https:\/\/villa-bella.org\/en\/wp-json\/wp\/v2\/pages\/1041\/revisions"}],"predecessor-version":[{"id":3538,"href":"https:\/\/villa-bella.org\/en\/wp-json\/wp\/v2\/pages\/1041\/revisions\/3538"}],"up":[{"embeddable":true,"href":"https:\/\/villa-bella.org\/en\/wp-json\/wp\/v2\/pages\/2828"}],"wp:attachment":[{"href":"https:\/\/villa-bella.org\/en\/wp-json\/wp\/v2\/media?parent=1041"}],"curies":[{"name":"wp","href":"https:\/\/api.w.org\/{rel}","templated":true}]}}