{"id":1039,"date":"2014-01-22T12:28:26","date_gmt":"2014-01-22T10:28:26","guid":{"rendered":"http:\/\/villa-bella.org\/?page_id=1039"},"modified":"2025-05-28T13:04:00","modified_gmt":"2025-05-28T11:04:00","slug":"legal-notice","status":"publish","type":"page","link":"https:\/\/villa-bella.org\/en\/legal-notice\/","title":{"rendered":"Legal Notice"},"content":{"rendered":"\n<style type=\"text\/css\" data-created_by=\"avia_inline_auto\" id=\"style-css-av-av_one_full-25347b0a799d5b9f7058434b2a9c3182\">\n.flex_column.av-av_one_full-25347b0a799d5b9f7058434b2a9c3182{\nborder-radius:0px 0px 0px 0px;\npadding:0px 0px 0px 0px;\n}\n<\/style>\n<div class=\"flex_column av-av_one_full-25347b0a799d5b9f7058434b2a9c3182 av_one_full  avia-builder-el-0  el_before_av_one_half  avia-builder-el-first  first flex_column_div av-zero-column-padding  \"><style type=\"text\/css\" data-created_by=\"avia_inline_auto\" id=\"style-css-av-lameav3m-d9712621a1fcd826e32ad43d9414c73b\">\n#top .av-special-heading.av-lameav3m-d9712621a1fcd826e32ad43d9414c73b{\npadding-bottom:10px;\n}\nbody .av-special-heading.av-lameav3m-d9712621a1fcd826e32ad43d9414c73b .av-special-heading-tag .heading-char{\nfont-size:25px;\n}\n.av-special-heading.av-lameav3m-d9712621a1fcd826e32ad43d9414c73b .av-subheading{\nfont-size:15px;\n}\n<\/style>\n<div class=\"av-special-heading av-lameav3m-d9712621a1fcd826e32ad43d9414c73b av-special-heading-h1  avia-builder-el-1  avia-builder-el-no-sibling \"><h1 class=\"av-special-heading-tag \" itemprop=\"headline\">Legal Notice<\/h1><div class=\"special-heading-border\"><div class=\"special-heading-inner-border\"><\/div><\/div><\/div><\/div>\n\n<style type=\"text\/css\" data-created_by=\"avia_inline_auto\" id=\"style-css-av-av_one_half-25347b0a799d5b9f7058434b2a9c3182\">\n.flex_column.av-av_one_half-25347b0a799d5b9f7058434b2a9c3182{\nborder-radius:0px 0px 0px 0px;\npadding:0px 0px 0px 0px;\n}\n<\/style>\n<div class=\"flex_column av-av_one_half-25347b0a799d5b9f7058434b2a9c3182 av_one_half  avia-builder-el-2  el_after_av_one_full  el_before_av_one_half  first flex_column_div av-zero-column-padding  column-top-margin\"><section class=\"av_textblock_section av-lamefsvw-1997904c56351e22b791f23cec1de1c2 \" itemscope=\"itemscope\" itemtype=\"https:\/\/schema.org\/CreativeWork\"><div class=\"avia_textblock\" itemprop=\"text\"><p>Villa Bella<br>\nClinics for Plastic Surgery<br>\nBrien\u00adner Strasse 14<br>\nD\u201180333 Munich<\/p>\n<p>Phone: +49 89 2175494\u201330<br>\nFax: +49 89 2175494\u201340<\/p>\n<p>E\u2011Mail: <a title=\"E-Mail\" href=\"mailto:info@villa-bella.org\">info@villa-bella.org<\/a><br>\nHomepage: <a href=\"https:\/\/villa-bella.org\/en\/\">villa-bella.org<\/a><\/p>\n<\/div><\/section><\/div>\n\n<style type=\"text\/css\" data-created_by=\"avia_inline_auto\" id=\"style-css-av-av_one_half-f7c1061df29de8cca6b42fcf455fe4a0\">\n.flex_column.av-av_one_half-f7c1061df29de8cca6b42fcf455fe4a0{\nborder-radius:0px 0px 0px 0px;\npadding:0px 0px 0px 0px;\n}\n<\/style>\n<div class=\"flex_column av-av_one_half-f7c1061df29de8cca6b42fcf455fe4a0 av_one_half  avia-builder-el-4  el_after_av_one_half  avia-builder-el-last  flex_column_div av-zero-column-padding  column-top-margin\"><section class=\"av_textblock_section av-lamebz0l-9b2088ae107d75463004acf7820a6cb8 \" itemscope=\"itemscope\" itemtype=\"https:\/\/schema.org\/CreativeWork\"><div class=\"avia_textblock\" itemprop=\"text\"><dl>\n<dt><strong>Legal form:<\/strong> Einzel\u00adun\u00adter\u00adneh\u00admen<\/dt>\n<dt><strong>Holder:<\/strong> Herr Dr. med. Ludger Joachim Maria Meyer-Dobbel\u00adstein<\/dt>\n<dt><strong>Super\u00advi\u00adsory autho\u00adrity:<\/strong> Bavarian Medical Board (Landes\u00ad\u00e4rz\u00adte\u00adkam\u00admer Bayern) in Munich<\/dt>\n<dt><strong>Kammer:<\/strong> State Medical Chamber (Landes\u00e4rztekammer\/ Aufsichts\u00adbe\u00adh\u00f6rde): Landes\u00ad\u00e4rz\u00adte\u00adkam\u00admer Bayern, M\u00fchlbaur\u00adstr. 16, 81677 M\u00fcnchen, Berufs\u00adord\u00adnung f\u00fcr \u00c4rzte hier einseh\u00adbar.<\/dt>\n<dt><strong>Gesetz\u00adli\u00adche Berufs\u00adbe\u00adzeich\u00adnung (Land):<\/strong> Facharzt f\u00fcr Chirur\u00adgie und Plasti\u00adsche Chirur\u00adgie (Deutsch\u00adland)<\/dt>\n<dt><strong>Umsatz\u00adsteuer ID:<\/strong> DE 256804546<\/dt>\n<dt><strong>Profes\u00adsio\u00adnal regula\u00adti\u00adons:<\/strong> Berufs\u00adord\u00adnung f\u00fcr die \u00c4rzte Bayerns<\/dt>\n<dt><strong>Picture credits on Villa-Bella.org:<\/strong> Colourbox.com\/ 123RF<\/dt>\n<dt><strong>SEO Web:<\/strong> <a href=\"https:\/\/www.metamove.de\/marketing\/suchmaschinenoptimierung.html\">Metamove GmbH, Suchma\u00adschi\u00adnen\u00adop\u00adti\u00admie\u00adrung<\/a><\/dt>\n<\/dl>\n<p>The legal notice also applies to MediWer\u00adtung.<\/p>\n<p>Respon\u00adsi\u00adble for the content follo\u00adwing \u00a7 10 Absatz 3 MDStV:<br>\nDr. med. Ludger JM Meyer-Dobbel\u00adstein<br>\nBoard Certi\u00adfied Surgeon and Plastic Surgeon<\/p>\n<p><strong>Medical Degree being awarded in Germany<\/strong><\/p>\n<\/div><\/section><\/div>\n","protected":false},"excerpt":{"rendered":"","protected":false},"author":1,"featured_media":0,"parent":0,"menu_order":0,"comment_status":"closed","ping_status":"open","template":"","meta":{"_acf_changed":false,"wp_typography_post_enhancements_disabled":false,"ngg_post_thumbnail":0,"footnotes":""},"class_list":["post-1039","page","type-page","status-publish","hentry"],"acf":[],"yoast_head":"\n<title>Legal Notice<\/title>\n<meta name=\"robots\" content=\"noindex, follow\" \/>\n<meta property=\"og:locale\" content=\"en_GB\" \/>\n<meta property=\"og:type\" content=\"article\" \/>\n<meta property=\"og:title\" content=\"Legal Notice\" \/>\n<meta property=\"og:url\" content=\"https:\/\/villa-bella.org\/en\/legal-notice\/\" \/>\n<meta property=\"og:site_name\" content=\"sch\u00f6nheitschirurgie m\u00fcnchen\" \/>\n<meta property=\"article:modified_time\" content=\"2025-05-28T11:04:00+00:00\" \/>\n<meta name=\"twitter:label1\" content=\"Estimated reading time\" \/>\n\t<meta name=\"twitter:data1\" content=\"1 minute\" \/>\n<script type=\"application\/ld+json\" class=\"yoast-schema-graph\">{\"@context\":\"https:\/\/schema.org\",\"@graph\":[{\"@type\":\"WebPage\",\"@id\":\"https:\/\/villa-bella.org\/en\/legal-notice\/\",\"url\":\"https:\/\/villa-bella.org\/en\/legal-notice\/\",\"name\":\"Legal Notice\",\"isPartOf\":{\"@id\":\"https:\/\/villa-bella.org\/en\/#website\"},\"datePublished\":\"2014-01-22T10:28:26+00:00\",\"dateModified\":\"2025-05-28T11:04:00+00:00\",\"breadcrumb\":{\"@id\":\"https:\/\/villa-bella.org\/en\/legal-notice\/#breadcrumb\"},\"inLanguage\":\"en-GB\",\"potentialAction\":[{\"@type\":\"ReadAction\",\"target\":[\"https:\/\/villa-bella.org\/en\/legal-notice\/\"]}]},{\"@type\":\"BreadcrumbList\",\"@id\":\"https:\/\/villa-bella.org\/en\/legal-notice\/#breadcrumb\",\"itemListElement\":[{\"@type\":\"ListItem\",\"position\":1,\"name\":\"Home\",\"item\":\"https:\/\/villa-bella.org\/en\/\"},{\"@type\":\"ListItem\",\"position\":2,\"name\":\"Legal Notice\"}]},{\"@type\":\"WebSite\",\"@id\":\"https:\/\/villa-bella.org\/en\/#website\",\"url\":\"https:\/\/villa-bella.org\/en\/\",\"name\":\"sch\u00f6nheitschirurgie m\u00fcnchen\",\"description\":\"Plastische Chirurgie und Sch\u00f6nheitschirurgie in M\u00fcnchen\",\"publisher\":{\"@id\":\"https:\/\/villa-bella.org\/en\/#organization\"},\"potentialAction\":[{\"@type\":\"SearchAction\",\"target\":{\"@type\":\"EntryPoint\",\"urlTemplate\":\"https:\/\/villa-bella.org\/en\/?s={search_term_string}\"},\"query-input\":{\"@type\":\"PropertyValueSpecification\",\"valueRequired\":true,\"valueName\":\"search_term_string\"}}],\"inLanguage\":\"en-GB\"},{\"@type\":\"Organization\",\"@id\":\"https:\/\/villa-bella.org\/en\/#organization\",\"name\":\"VILLA BELLA\",\"url\":\"https:\/\/villa-bella.org\/en\/\",\"logo\":{\"@type\":\"ImageObject\",\"inLanguage\":\"en-GB\",\"@id\":\"https:\/\/villa-bella.org\/en\/#\/schema\/logo\/image\/\",\"url\":\"https:\/\/villa-bella.org\/wp-content\/uploads\/2020\/09\/logo-092020.png\",\"contentUrl\":\"https:\/\/villa-bella.org\/wp-content\/uploads\/2020\/09\/logo-092020.png\",\"width\":300,\"height\":82,\"caption\":\"VILLA BELLA\"},\"image\":{\"@id\":\"https:\/\/villa-bella.org\/en\/#\/schema\/logo\/image\/\"}}]}<\/script>\n","yoast_head_json":{"title":"Legal Notice","robots":{"index":"noindex","follow":"follow"},"og_locale":"en_GB","og_type":"article","og_title":"Legal Notice","og_url":"https:\/\/villa-bella.org\/en\/legal-notice\/","og_site_name":"sch\u00f6nheitschirurgie m\u00fcnchen","article_modified_time":"2025-05-28T11:04:00+00:00","twitter_misc":{"Estimated reading time":"1 minute"},"schema":{"@context":"https:\/\/schema.org","@graph":[{"@type":"WebPage","@id":"https:\/\/villa-bella.org\/en\/legal-notice\/","url":"https:\/\/villa-bella.org\/en\/legal-notice\/","name":"Legal Notice","isPartOf":{"@id":"https:\/\/villa-bella.org\/en\/#website"},"datePublished":"2014-01-22T10:28:26+00:00","dateModified":"2025-05-28T11:04:00+00:00","breadcrumb":{"@id":"https:\/\/villa-bella.org\/en\/legal-notice\/#breadcrumb"},"inLanguage":"en-GB","potentialAction":[{"@type":"ReadAction","target":["https:\/\/villa-bella.org\/en\/legal-notice\/"]}]},{"@type":"BreadcrumbList","@id":"https:\/\/villa-bella.org\/en\/legal-notice\/#breadcrumb","itemListElement":[{"@type":"ListItem","position":1,"name":"Home","item":"https:\/\/villa-bella.org\/en\/"},{"@type":"ListItem","position":2,"name":"Legal Notice"}]},{"@type":"WebSite","@id":"https:\/\/villa-bella.org\/en\/#website","url":"https:\/\/villa-bella.org\/en\/","name":"sch\u00f6nheitschirurgie m\u00fcnchen","description":"Plastische Chirurgie und Sch\u00f6nheitschirurgie in M\u00fcnchen","publisher":{"@id":"https:\/\/villa-bella.org\/en\/#organization"},"potentialAction":[{"@type":"SearchAction","target":{"@type":"EntryPoint","urlTemplate":"https:\/\/villa-bella.org\/en\/?s={search_term_string}"},"query-input":{"@type":"PropertyValueSpecification","valueRequired":true,"valueName":"search_term_string"}}],"inLanguage":"en-GB"},{"@type":"Organization","@id":"https:\/\/villa-bella.org\/en\/#organization","name":"VILLA BELLA","url":"https:\/\/villa-bella.org\/en\/","logo":{"@type":"ImageObject","inLanguage":"en-GB","@id":"https:\/\/villa-bella.org\/en\/#\/schema\/logo\/image\/","url":"https:\/\/villa-bella.org\/wp-content\/uploads\/2020\/09\/logo-092020.png","contentUrl":"https:\/\/villa-bella.org\/wp-content\/uploads\/2020\/09\/logo-092020.png","width":300,"height":82,"caption":"VILLA BELLA"},"image":{"@id":"https:\/\/villa-bella.org\/en\/#\/schema\/logo\/image\/"}}]}},"_links":{"self":[{"href":"https:\/\/villa-bella.org\/en\/wp-json\/wp\/v2\/pages\/1039","targetHints":{"allow":["GET"]}}],"collection":[{"href":"https:\/\/villa-bella.org\/en\/wp-json\/wp\/v2\/pages"}],"about":[{"href":"https:\/\/villa-bella.org\/en\/wp-json\/wp\/v2\/types\/page"}],"author":[{"embeddable":true,"href":"https:\/\/villa-bella.org\/en\/wp-json\/wp\/v2\/users\/1"}],"replies":[{"embeddable":true,"href":"https:\/\/villa-bella.org\/en\/wp-json\/wp\/v2\/comments?post=1039"}],"version-history":[{"count":1,"href":"https:\/\/villa-bella.org\/en\/wp-json\/wp\/v2\/pages\/1039\/revisions"}],"predecessor-version":[{"id":33276,"href":"https:\/\/villa-bella.org\/en\/wp-json\/wp\/v2\/pages\/1039\/revisions\/33276"}],"wp:attachment":[{"href":"https:\/\/villa-bella.org\/en\/wp-json\/wp\/v2\/media?parent=1039"}],"curies":[{"name":"wp","href":"https:\/\/api.w.org\/{rel}","templated":true}]}}