{"id":1018,"date":"2014-01-22T11:24:39","date_gmt":"2014-01-22T09:24:39","guid":{"rendered":"http:\/\/villa-bella.org\/?page_id=1018"},"modified":"2021-01-28T13:30:59","modified_gmt":"2021-01-28T12:30:59","slug":"villa-bella","status":"publish","type":"page","link":"https:\/\/villa-bella.org\/en\/meet-the-team\/villa-bella\/","title":{"rendered":"Villa Bella"},"content":{"rendered":"<div class=\"flex_column av-av_one_full-2a9015ff38129c418a3f2eafba3e9512 av_one_full  avia-builder-el-0  el_before_av_promobox  avia-builder-el-first  first flex_column_div  \"><section class=\"av_textblock_section av-kkgua6wp-099ef32ba6c5f6577d7e30d84caf4b95 \" itemscope=\"itemscope\" itemtype=\"https:\/\/schema.org\/CreativeWork\"><div class=\"avia_textblock\" itemprop=\"text\"><h1>Our philo\u00adso\u00adphy<\/h1>\n<div id=\"attachment_4890\" style=\"width: 510px\" class=\"wp-caption alignleft\"><img loading=\"lazy\" decoding=\"async\" aria-describedby=\"caption-attachment-4890\" class=\"wp-image-4890\" src=\"http:\/\/villa-bella.org\/wp-content\/uploads\/2014\/04\/DrLudgerMeyer-2017-VillaBella-1200x1800.jpg\" alt=\"Dr. Ludger Meyer, Sch\u00f6nheitschirurg und Leiter der Villa Bella\" width=\"500\" height=\"750\" srcset=\"https:\/\/villa-bella.org\/wp-content\/uploads\/2014\/04\/DrLudgerMeyer-2017-VillaBella-1200x1800.jpg 1200w, https:\/\/villa-bella.org\/wp-content\/uploads\/2014\/04\/DrLudgerMeyer-2017-VillaBella-1200x1800-200x300.jpg 200w, https:\/\/villa-bella.org\/wp-content\/uploads\/2014\/04\/DrLudgerMeyer-2017-VillaBella-1200x1800-687x1030.jpg 687w, https:\/\/villa-bella.org\/wp-content\/uploads\/2014\/04\/DrLudgerMeyer-2017-VillaBella-1200x1800-1000x1500.jpg 1000w, https:\/\/villa-bella.org\/wp-content\/uploads\/2014\/04\/DrLudgerMeyer-2017-VillaBella-1200x1800-470x705.jpg 470w, https:\/\/villa-bella.org\/wp-content\/uploads\/2014\/04\/DrLudgerMeyer-2017-VillaBella-1200x1800-450x675.jpg 450w\" sizes=\"auto, (max-width: 500px) 100vw, 500px\"><p id=\"caption-attachment-4890\" class=\"wp-caption-text\">Dr. Ludger Meyer, Sch\u00f6n\u00adheits\u00adchir\u00adurg und Leiter der Villa Bella in M\u00fcnchen (<a title=\"Sch\u00f6nheitschirurg Dr. Ludger Meyer\" href=\"https:\/\/villa-bella.org\/die-villa-bella\/dr-ludger-meyer\/\">mehr Infos<\/a>)<\/p><\/div>\n<p class=\"p-intro\">At Villa Bella you will find a team of medical experts who take your ideas and wishes very seriously. Because it\u2019s not about creating uniform faces or emula\u00adting Holly\u00adwood ideals of beauty. Every human is unique.<br>\nOur goal is to make your perso\u00adna\u00adlity and your very indivi\u00addual beauty shine. There\u00adfore, in addition to specia\u00adlist knowledge and skill, great empathy and a clear view of people are among our core compe\u00adten\u00adcies.<\/p>\n<p>We work with state-of-the-art equip\u00adment that enables us to perform minimally or non-invasive treat\u00adments and thereby produce impres\u00adsive, extre\u00admely natural results. Hardly any plastic surgeon in Germany has such innova\u00adtive equip\u00adment. However, these are exclu\u00adsi\u00advely tried and tested and very safe techno\u00adlo\u00adgies, because we are aware of the respon\u00adsi\u00adbi\u00adlity that doctors bear in aesthe\u00adtic treat\u00adments as well as in medical inter\u00adven\u00adti\u00adons. Basically, we proceed cautiously in every\u00adthing we do and rely on our many years of experi\u00adence.<\/p>\n<p>It is a matter close to our hearts that you feel comfor\u00adta\u00adble with us. For us, this includes a pleasant practice environ\u00adment as well as friendly staff and good time manage\u00adment. Above all, however, we want you to be well infor\u00admed and not feel pressu\u00adred to make a decis\u00adion. In the counseling sessi\u00adons, we aim to explain the possi\u00adbi\u00adli\u00adties and risks to you in an under\u00adstan\u00adda\u00adble way and to give you indivi\u00addual recom\u00admen\u00adda\u00adti\u00adons.<\/p>\n<p>In addition, you should have the oppor\u00adtu\u00adnity to ask all your questi\u00adons and keep searching until you feel really confi\u00addent. This is the only way to create a real relati\u00adonship of trust between patient and doctor \u2014 and that is exactly our goal. The more exactly we know your ideas and the more precis\u00adely you know what we can do for you, the better we can coordi\u00adnate in order to ultim\u00adately achieve a result with which you will be happy in the long term.<\/p>\n<\/div><\/section><\/div><div class=\"av_promobox av-kkgub1d9-38fd2e2453372c6fa9dc2241da1663fe avia-button-yes  avia-builder-el-2  el_after_av_one_full  avia-builder-el-last \"><div class=\"avia-promocontent\"><p>\nWould you like to find out more about our services? We are happy to answer your questi\u00adons and design a tailor-made treat\u00adment concept. Make an appoint\u00adment online now or give us a call! +49 (0)89 \/ 217 549 430<\/p>\n<\/div><div class=\"avia-button-wrap av-kkgub1d9-2a24a4b20856a1ef563bf73278808903-wrap avia-button-right \"><a href=\"https:\/\/villa-bella.org\/en\/contact-us\/\" class=\"avia-button av-kkgub1d9-2a24a4b20856a1ef563bf73278808903 av-link-btn avia-icon_select-yes-left-icon avia-size-medium avia-position-right avia-color-theme-color\" aria-label=\"Contact us\"><span class=\"avia_button_icon avia_button_icon_left avia-iconfont avia-font-entypo-fontello\" data-av_icon=\"\ue83c\" data-av_iconfont=\"entypo-fontello\"><\/span><span class=\"avia_iconbox_title\">Contact us<\/span><\/a><\/div><\/div>\n","protected":false},"excerpt":{"rendered":"","protected":false},"author":1,"featured_media":0,"parent":2828,"menu_order":0,"comment_status":"closed","ping_status":"open","template":"","meta":{"_acf_changed":false,"wp_typography_post_enhancements_disabled":false,"ngg_post_thumbnail":0,"footnotes":""},"class_list":["post-1018","page","type-page","status-publish","hentry"],"acf":[],"yoast_head":"\n<title>Villa Bella<\/title>\n<meta name=\"robots\" content=\"noindex, follow\" \/>\n<meta property=\"og:locale\" content=\"en_GB\" \/>\n<meta property=\"og:type\" content=\"article\" \/>\n<meta property=\"og:title\" content=\"Villa Bella\" \/>\n<meta property=\"og:url\" content=\"https:\/\/villa-bella.org\/en\/meet-the-team\/villa-bella\/\" \/>\n<meta property=\"og:site_name\" content=\"sch\u00f6nheitschirurgie m\u00fcnchen\" \/>\n<meta property=\"article:modified_time\" content=\"2021-01-28T12:30:59+00:00\" \/>\n<meta property=\"og:image\" content=\"http:\/\/villa-bella.org\/wp-content\/uploads\/2014\/04\/DrLudgerMeyer-2017-VillaBella-1200x1800.jpg\" \/>\n<meta name=\"twitter:label1\" content=\"Estimated reading time\" \/>\n\t<meta name=\"twitter:data1\" content=\"2 minutes\" \/>\n<script type=\"application\/ld+json\" class=\"yoast-schema-graph\">{\"@context\":\"https:\/\/schema.org\",\"@graph\":[{\"@type\":\"WebPage\",\"@id\":\"https:\/\/villa-bella.org\/en\/meet-the-team\/villa-bella\/\",\"url\":\"https:\/\/villa-bella.org\/en\/meet-the-team\/villa-bella\/\",\"name\":\"Villa Bella\",\"isPartOf\":{\"@id\":\"https:\/\/villa-bella.org\/en\/#website\"},\"primaryImageOfPage\":{\"@id\":\"https:\/\/villa-bella.org\/en\/meet-the-team\/villa-bella\/#primaryimage\"},\"image\":{\"@id\":\"https:\/\/villa-bella.org\/en\/meet-the-team\/villa-bella\/#primaryimage\"},\"thumbnailUrl\":\"http:\/\/villa-bella.org\/wp-content\/uploads\/2014\/04\/DrLudgerMeyer-2017-VillaBella-1200x1800.jpg\",\"datePublished\":\"2014-01-22T09:24:39+00:00\",\"dateModified\":\"2021-01-28T12:30:59+00:00\",\"breadcrumb\":{\"@id\":\"https:\/\/villa-bella.org\/en\/meet-the-team\/villa-bella\/#breadcrumb\"},\"inLanguage\":\"en-GB\",\"potentialAction\":[{\"@type\":\"ReadAction\",\"target\":[\"https:\/\/villa-bella.org\/en\/meet-the-team\/villa-bella\/\"]}]},{\"@type\":\"ImageObject\",\"inLanguage\":\"en-GB\",\"@id\":\"https:\/\/villa-bella.org\/en\/meet-the-team\/villa-bella\/#primaryimage\",\"url\":\"http:\/\/villa-bella.org\/wp-content\/uploads\/2014\/04\/DrLudgerMeyer-2017-VillaBella-1200x1800.jpg\",\"contentUrl\":\"http:\/\/villa-bella.org\/wp-content\/uploads\/2014\/04\/DrLudgerMeyer-2017-VillaBella-1200x1800.jpg\"},{\"@type\":\"BreadcrumbList\",\"@id\":\"https:\/\/villa-bella.org\/en\/meet-the-team\/villa-bella\/#breadcrumb\",\"itemListElement\":[{\"@type\":\"ListItem\",\"position\":1,\"name\":\"Home\",\"item\":\"https:\/\/villa-bella.org\/en\/\"},{\"@type\":\"ListItem\",\"position\":2,\"name\":\"Meet the team\",\"item\":\"https:\/\/villa-bella.org\/en\/meet-the-team\/\"},{\"@type\":\"ListItem\",\"position\":3,\"name\":\"Villa Bella\"}]},{\"@type\":\"WebSite\",\"@id\":\"https:\/\/villa-bella.org\/en\/#website\",\"url\":\"https:\/\/villa-bella.org\/en\/\",\"name\":\"sch\u00f6nheitschirurgie m\u00fcnchen\",\"description\":\"Plastische Chirurgie und Sch\u00f6nheitschirurgie in M\u00fcnchen\",\"publisher\":{\"@id\":\"https:\/\/villa-bella.org\/en\/#organization\"},\"potentialAction\":[{\"@type\":\"SearchAction\",\"target\":{\"@type\":\"EntryPoint\",\"urlTemplate\":\"https:\/\/villa-bella.org\/en\/?s={search_term_string}\"},\"query-input\":{\"@type\":\"PropertyValueSpecification\",\"valueRequired\":true,\"valueName\":\"search_term_string\"}}],\"inLanguage\":\"en-GB\"},{\"@type\":\"Organization\",\"@id\":\"https:\/\/villa-bella.org\/en\/#organization\",\"name\":\"VILLA BELLA\",\"url\":\"https:\/\/villa-bella.org\/en\/\",\"logo\":{\"@type\":\"ImageObject\",\"inLanguage\":\"en-GB\",\"@id\":\"https:\/\/villa-bella.org\/en\/#\/schema\/logo\/image\/\",\"url\":\"https:\/\/villa-bella.org\/wp-content\/uploads\/2020\/09\/logo-092020.png\",\"contentUrl\":\"https:\/\/villa-bella.org\/wp-content\/uploads\/2020\/09\/logo-092020.png\",\"width\":300,\"height\":82,\"caption\":\"VILLA BELLA\"},\"image\":{\"@id\":\"https:\/\/villa-bella.org\/en\/#\/schema\/logo\/image\/\"}}]}<\/script>\n","yoast_head_json":{"title":"Villa Bella","robots":{"index":"noindex","follow":"follow"},"og_locale":"en_GB","og_type":"article","og_title":"Villa Bella","og_url":"https:\/\/villa-bella.org\/en\/meet-the-team\/villa-bella\/","og_site_name":"sch\u00f6nheitschirurgie m\u00fcnchen","article_modified_time":"2021-01-28T12:30:59+00:00","og_image":[{"url":"http:\/\/villa-bella.org\/wp-content\/uploads\/2014\/04\/DrLudgerMeyer-2017-VillaBella-1200x1800.jpg","type":"","width":"","height":""}],"twitter_misc":{"Estimated reading time":"2 minutes"},"schema":{"@context":"https:\/\/schema.org","@graph":[{"@type":"WebPage","@id":"https:\/\/villa-bella.org\/en\/meet-the-team\/villa-bella\/","url":"https:\/\/villa-bella.org\/en\/meet-the-team\/villa-bella\/","name":"Villa Bella","isPartOf":{"@id":"https:\/\/villa-bella.org\/en\/#website"},"primaryImageOfPage":{"@id":"https:\/\/villa-bella.org\/en\/meet-the-team\/villa-bella\/#primaryimage"},"image":{"@id":"https:\/\/villa-bella.org\/en\/meet-the-team\/villa-bella\/#primaryimage"},"thumbnailUrl":"http:\/\/villa-bella.org\/wp-content\/uploads\/2014\/04\/DrLudgerMeyer-2017-VillaBella-1200x1800.jpg","datePublished":"2014-01-22T09:24:39+00:00","dateModified":"2021-01-28T12:30:59+00:00","breadcrumb":{"@id":"https:\/\/villa-bella.org\/en\/meet-the-team\/villa-bella\/#breadcrumb"},"inLanguage":"en-GB","potentialAction":[{"@type":"ReadAction","target":["https:\/\/villa-bella.org\/en\/meet-the-team\/villa-bella\/"]}]},{"@type":"ImageObject","inLanguage":"en-GB","@id":"https:\/\/villa-bella.org\/en\/meet-the-team\/villa-bella\/#primaryimage","url":"http:\/\/villa-bella.org\/wp-content\/uploads\/2014\/04\/DrLudgerMeyer-2017-VillaBella-1200x1800.jpg","contentUrl":"http:\/\/villa-bella.org\/wp-content\/uploads\/2014\/04\/DrLudgerMeyer-2017-VillaBella-1200x1800.jpg"},{"@type":"BreadcrumbList","@id":"https:\/\/villa-bella.org\/en\/meet-the-team\/villa-bella\/#breadcrumb","itemListElement":[{"@type":"ListItem","position":1,"name":"Home","item":"https:\/\/villa-bella.org\/en\/"},{"@type":"ListItem","position":2,"name":"Meet the team","item":"https:\/\/villa-bella.org\/en\/meet-the-team\/"},{"@type":"ListItem","position":3,"name":"Villa Bella"}]},{"@type":"WebSite","@id":"https:\/\/villa-bella.org\/en\/#website","url":"https:\/\/villa-bella.org\/en\/","name":"sch\u00f6nheitschirurgie m\u00fcnchen","description":"Plastische Chirurgie und Sch\u00f6nheitschirurgie in M\u00fcnchen","publisher":{"@id":"https:\/\/villa-bella.org\/en\/#organization"},"potentialAction":[{"@type":"SearchAction","target":{"@type":"EntryPoint","urlTemplate":"https:\/\/villa-bella.org\/en\/?s={search_term_string}"},"query-input":{"@type":"PropertyValueSpecification","valueRequired":true,"valueName":"search_term_string"}}],"inLanguage":"en-GB"},{"@type":"Organization","@id":"https:\/\/villa-bella.org\/en\/#organization","name":"VILLA BELLA","url":"https:\/\/villa-bella.org\/en\/","logo":{"@type":"ImageObject","inLanguage":"en-GB","@id":"https:\/\/villa-bella.org\/en\/#\/schema\/logo\/image\/","url":"https:\/\/villa-bella.org\/wp-content\/uploads\/2020\/09\/logo-092020.png","contentUrl":"https:\/\/villa-bella.org\/wp-content\/uploads\/2020\/09\/logo-092020.png","width":300,"height":82,"caption":"VILLA BELLA"},"image":{"@id":"https:\/\/villa-bella.org\/en\/#\/schema\/logo\/image\/"}}]}},"_links":{"self":[{"href":"https:\/\/villa-bella.org\/en\/wp-json\/wp\/v2\/pages\/1018","targetHints":{"allow":["GET"]}}],"collection":[{"href":"https:\/\/villa-bella.org\/en\/wp-json\/wp\/v2\/pages"}],"about":[{"href":"https:\/\/villa-bella.org\/en\/wp-json\/wp\/v2\/types\/page"}],"author":[{"embeddable":true,"href":"https:\/\/villa-bella.org\/en\/wp-json\/wp\/v2\/users\/1"}],"replies":[{"embeddable":true,"href":"https:\/\/villa-bella.org\/en\/wp-json\/wp\/v2\/comments?post=1018"}],"version-history":[{"count":2,"href":"https:\/\/villa-bella.org\/en\/wp-json\/wp\/v2\/pages\/1018\/revisions"}],"predecessor-version":[{"id":31558,"href":"https:\/\/villa-bella.org\/en\/wp-json\/wp\/v2\/pages\/1018\/revisions\/31558"}],"up":[{"embeddable":true,"href":"https:\/\/villa-bella.org\/en\/wp-json\/wp\/v2\/pages\/2828"}],"wp:attachment":[{"href":"https:\/\/villa-bella.org\/en\/wp-json\/wp\/v2\/media?parent=1018"}],"curies":[{"name":"wp","href":"https:\/\/api.w.org\/{rel}","templated":true}]}}