{"id":9468,"date":"2013-06-22T22:02:14","date_gmt":"2013-06-22T20:02:14","guid":{"rendered":"https:\/\/villa-bella.org\/impressum\/"},"modified":"2025-05-28T13:00:07","modified_gmt":"2025-05-28T11:00:07","slug":"impressum","status":"publish","type":"page","link":"https:\/\/villa-bella.org\/ch\/impressum\/","title":{"rendered":"Impres\u00adsum"},"content":{"rendered":"\n<style type=\"text\/css\" data-created_by=\"avia_inline_auto\" id=\"style-css-av-w7t6-a8504da92012bad450cefdadfb6613cc\">\n.flex_column.av-w7t6-a8504da92012bad450cefdadfb6613cc{\nborder-radius:0px 0px 0px 0px;\npadding:0px 0px 0px 0px;\n}\n<\/style>\n<div class=\"flex_column av-w7t6-a8504da92012bad450cefdadfb6613cc av_one_full  avia-builder-el-0  el_before_av_one_half  avia-builder-el-first  first flex_column_div av-zero-column-padding  \"><style type=\"text\/css\" data-created_by=\"avia_inline_auto\" id=\"style-css-av-24pia-7e4ad75f313e944d09c706291c4b0bc6\">\n#top .av-special-heading.av-24pia-7e4ad75f313e944d09c706291c4b0bc6{\npadding-bottom:10px;\n}\nbody .av-special-heading.av-24pia-7e4ad75f313e944d09c706291c4b0bc6 .av-special-heading-tag .heading-char{\nfont-size:25px;\n}\n.av-special-heading.av-24pia-7e4ad75f313e944d09c706291c4b0bc6 .av-subheading{\nfont-size:15px;\n}\n<\/style>\n<div class=\"av-special-heading av-24pia-7e4ad75f313e944d09c706291c4b0bc6 av-special-heading-h1  avia-builder-el-1  avia-builder-el-no-sibling \"><h1 class=\"av-special-heading-tag \" itemprop=\"headline\">Impres\u00adsum<\/h1><div class=\"special-heading-border\"><div class=\"special-heading-inner-border\"><\/div><\/div><\/div><\/div>\n\n<style type=\"text\/css\" data-created_by=\"avia_inline_auto\" id=\"style-css-av-4z96-3c34fd9b096fb34dc173b16a20554cb1\">\n.flex_column.av-4z96-3c34fd9b096fb34dc173b16a20554cb1{\nborder-radius:0px 0px 0px 0px;\npadding:0px 0px 0px 0px;\n}\n<\/style>\n<div class=\"flex_column av-4z96-3c34fd9b096fb34dc173b16a20554cb1 av_one_half  avia-builder-el-2  el_after_av_one_full  el_before_av_one_half  first flex_column_div av-zero-column-padding  column-top-margin\"><section class=\"av_textblock_section av-2azz2-e67e51216461edc0f7c17ff659155c14 \" itemscope=\"itemscope\" itemtype=\"https:\/\/schema.org\/CreativeWork\"><div class=\"avia_textblock\" itemprop=\"text\"><dl>\n<dt><strong>VILLA BELLA<\/strong><\/dt>\n<dt><strong>Stra\u00dfe: <\/strong>Brien\u00adner Str. 14<\/dt>\n<dt><strong>PLZ und Ort:<\/strong> D\u201180333 M\u00fcnchen<\/dt>\n<dt><strong>Tel.: <\/strong>+49 (0)89 \/ 217 549 430<\/dt>\n<dt><strong>Fax: <\/strong>+49 (0)89 \/ 217 549 440<\/dt>\n<dt><strong>E\u2011Mail:<\/strong> <a href=\"mailto:info@villa-bella.org\">info@villa-bella.org<\/a><\/dt>\n<dt><strong>Inter\u00adnet:<\/strong> <a href=\"http:\/\/villa-bella.org\/\">villa-bella.org<\/a><\/dt>\n<\/dl>\n<p><strong>\u00d6ffnungs\u00adzei\u00adten:<\/strong><br>\nMontag \u2014 Donners\u00adtag 09:00 \u2014 13:00 Uhr und 14:00\u201317:00 Uhr<br>\nFreitag 09:00\u201316:00 Uhr<\/p>\n<\/div><\/section><\/div>\n\n<style type=\"text\/css\" data-created_by=\"avia_inline_auto\" id=\"style-css-av-11qkq-d42004fb93856a5c3181347275983608\">\n.flex_column.av-11qkq-d42004fb93856a5c3181347275983608{\nborder-radius:0px 0px 0px 0px;\npadding:0px 0px 0px 0px;\n}\n<\/style>\n<div class=\"flex_column av-11qkq-d42004fb93856a5c3181347275983608 av_one_half  avia-builder-el-4  el_after_av_one_half  el_before_av_one_full  flex_column_div av-zero-column-padding  column-top-margin\"><section class=\"av_textblock_section av-2azz2-2-258bc3b614149e60c3b86b3c576b3e00 \" itemscope=\"itemscope\" itemtype=\"https:\/\/schema.org\/CreativeWork\"><div class=\"avia_textblock\" itemprop=\"text\"><dl>\n<dt><strong>Rechts\u00adform:<\/strong> Einzel\u00adun\u00adter\u00adneh\u00admen<\/dt>\n<dt><strong>Inhaber:<\/strong> Herr Dr. med. Ludger Joachim Maria Meyer-Dobbel\u00adstein<\/dt>\n<dt><strong>Aufsichts\u00adbe\u00adh\u00f6rde: <\/strong>Bayeri\u00adschen Landes\u00ad\u00e4rz\u00adte\u00adkam\u00admer<\/dt>\n<dt><strong>Kammer:<\/strong> Bayri\u00adschen Landes\u00ad\u00e4rz\u00adte\u00adkam\u00admer<\/dt>\n<dt><strong>Gesetz\u00adli\u00adche Berufs\u00adbe\u00adzeich\u00adnung (Land):<\/strong> Facharzt f\u00fcr Chirur\u00adgie und Plasti\u00adsche Chirur\u00adgie (Deutsch\u00adland)<\/dt>\n<dt><strong>Umsatz\u00adsteuer ID:<\/strong> DE 256804546<\/dt>\n<dt><strong>Berufs\u00adrecht\u00adli\u00adche Regelun\u00adgen:<\/strong> Berufs\u00adord\u00adnung f\u00fcr die \u00c4rzte Bayerns<\/dt>\n<dt><strong>Bildnach\u00adweise auf Villa-Bella.org:<\/strong> Colourbox.com\/ 123RF<\/dt>\n<dt><strong>Suchma\u00adschi\u00adnen\u00adop\u00adti\u00admie\u00adrung &amp; Web:<\/strong> <a href=\"https:\/\/www.metamove.de\/marketing\/suchmaschinenoptimierung.html\">Metamove GmbH, Suchma\u00adschi\u00adnen\u00adop\u00adti\u00admie\u00adrung<\/a><\/dt>\n<\/dl>\n<p>Das Impres\u00adsum gilt auch f\u00fcr MediWer\u00adtung.<\/p>\n<\/div><\/section><\/div><div class=\"flex_column av-12z92-2a9553f8919b8b7ccd61352b535fef1c av_one_full  avia-builder-el-6  el_after_av_one_half  avia-builder-el-last  first flex_column_div  column-top-margin\"><section class=\"av_textblock_section av-m49xc7qx-7a761d45ee2bbe8d81e54f060420a349 \" itemscope=\"itemscope\" itemtype=\"https:\/\/schema.org\/CreativeWork\"><div class=\"avia_textblock\" itemprop=\"text\"><p><span id=\"echtheit_bewertungen\">Auf unserer Webseite binden wir Kunden\u00adbe\u00adwer\u00adtun\u00adgen von Google ein. Bei Google-Bewer\u00adtun\u00adgen k\u00f6nnen wir nicht sicher\u00adstel\u00adlen, dass diese nur von Kunden stammen, die unsere Dienst\u00adleis\u00adtun\u00adgen oder Produkte tats\u00e4ch\u00adlich genutzt oder erwor\u00adben haben. Grund\u00ads\u00e4tz\u00adlich geben wir unechte Bewer\u00adtun\u00adgen an Google f\u00fcr eine \u00dcberpr\u00fc\u00adfung weiter und werden diese mittels Kommen\u00adtar entspre\u00adchend kennzeich\u00adnen.<\/span><\/p>\n<\/div><\/section><\/div>\n","protected":false},"excerpt":{"rendered":"","protected":false},"author":1,"featured_media":0,"parent":0,"menu_order":0,"comment_status":"closed","ping_status":"open","template":"","meta":{"_acf_changed":false,"wp_typography_post_enhancements_disabled":false,"ngg_post_thumbnail":0,"footnotes":""},"class_list":["post-9468","page","type-page","status-publish","hentry"],"acf":[],"yoast_head":"\n<title>Impressum<\/title>\n<meta name=\"description\" content=\"Hier finden Sie das Impressum der Praxis Villa Bella in M\u00fcnchen.\" \/>\n<meta name=\"robots\" content=\"noindex, follow\" \/>\n<meta property=\"og:locale\" content=\"de_DE\" \/>\n<meta property=\"og:type\" content=\"article\" \/>\n<meta property=\"og:title\" content=\"Impressum\" \/>\n<meta property=\"og:description\" content=\"Hier finden Sie das Impressum der Praxis Villa Bella in M\u00fcnchen.\" \/>\n<meta property=\"og:url\" content=\"https:\/\/villa-bella.org\/ch\/impressum\/\" \/>\n<meta property=\"og:site_name\" content=\"sch\u00f6nheitschirurgie m\u00fcnchen\" \/>\n<meta property=\"article:modified_time\" content=\"2025-05-28T11:00:07+00:00\" \/>\n<meta name=\"twitter:label1\" content=\"Gesch\u00e4tzte Lesezeit\" \/>\n\t<meta name=\"twitter:data1\" content=\"6\u00a0Minuten\" \/>\n<script type=\"application\/ld+json\" class=\"yoast-schema-graph\">{\"@context\":\"https:\/\/schema.org\",\"@graph\":[{\"@type\":\"WebPage\",\"@id\":\"https:\/\/villa-bella.org\/ch\/impressum\/\",\"url\":\"https:\/\/villa-bella.org\/ch\/impressum\/\",\"name\":\"Impressum\",\"isPartOf\":{\"@id\":\"https:\/\/villa-bella.org\/ch\/#website\"},\"datePublished\":\"2013-06-22T20:02:14+00:00\",\"dateModified\":\"2025-05-28T11:00:07+00:00\",\"description\":\"Hier finden Sie das Impressum der Praxis Villa Bella in M\u00fcnchen.\",\"breadcrumb\":{\"@id\":\"https:\/\/villa-bella.org\/ch\/impressum\/#breadcrumb\"},\"inLanguage\":\"de-CH\",\"potentialAction\":[{\"@type\":\"ReadAction\",\"target\":[\"https:\/\/villa-bella.org\/ch\/impressum\/\"]}]},{\"@type\":\"BreadcrumbList\",\"@id\":\"https:\/\/villa-bella.org\/ch\/impressum\/#breadcrumb\",\"itemListElement\":[{\"@type\":\"ListItem\",\"position\":1,\"name\":\"Home\",\"item\":\"https:\/\/villa-bella.org\/ch\/home-2\/\"},{\"@type\":\"ListItem\",\"position\":2,\"name\":\"Impressum\"}]},{\"@type\":\"WebSite\",\"@id\":\"https:\/\/villa-bella.org\/ch\/#website\",\"url\":\"https:\/\/villa-bella.org\/ch\/\",\"name\":\"sch\u00f6nheitschirurgie m\u00fcnchen\",\"description\":\"Plastische Chirurgie und Sch\u00f6nheitschirurgie in M\u00fcnchen\",\"publisher\":{\"@id\":\"https:\/\/villa-bella.org\/ch\/#organization\"},\"potentialAction\":[{\"@type\":\"SearchAction\",\"target\":{\"@type\":\"EntryPoint\",\"urlTemplate\":\"https:\/\/villa-bella.org\/ch\/?s={search_term_string}\"},\"query-input\":{\"@type\":\"PropertyValueSpecification\",\"valueRequired\":true,\"valueName\":\"search_term_string\"}}],\"inLanguage\":\"de-CH\"},{\"@type\":\"Organization\",\"@id\":\"https:\/\/villa-bella.org\/ch\/#organization\",\"name\":\"VILLA BELLA\",\"url\":\"https:\/\/villa-bella.org\/ch\/\",\"logo\":{\"@type\":\"ImageObject\",\"inLanguage\":\"de-CH\",\"@id\":\"https:\/\/villa-bella.org\/ch\/#\/schema\/logo\/image\/\",\"url\":\"https:\/\/villa-bella.org\/wp-content\/uploads\/2020\/09\/logo-092020.png\",\"contentUrl\":\"https:\/\/villa-bella.org\/wp-content\/uploads\/2020\/09\/logo-092020.png\",\"width\":300,\"height\":82,\"caption\":\"VILLA BELLA\"},\"image\":{\"@id\":\"https:\/\/villa-bella.org\/ch\/#\/schema\/logo\/image\/\"}}]}<\/script>\n","yoast_head_json":{"title":"Impressum","description":"Hier finden Sie das Impressum der Praxis Villa Bella in M\u00fcnchen.","robots":{"index":"noindex","follow":"follow"},"og_locale":"de_DE","og_type":"article","og_title":"Impressum","og_description":"Hier finden Sie das Impressum der Praxis Villa Bella in M\u00fcnchen.","og_url":"https:\/\/villa-bella.org\/ch\/impressum\/","og_site_name":"sch\u00f6nheitschirurgie m\u00fcnchen","article_modified_time":"2025-05-28T11:00:07+00:00","twitter_misc":{"Gesch\u00e4tzte Lesezeit":"6\u00a0Minuten"},"schema":{"@context":"https:\/\/schema.org","@graph":[{"@type":"WebPage","@id":"https:\/\/villa-bella.org\/ch\/impressum\/","url":"https:\/\/villa-bella.org\/ch\/impressum\/","name":"Impressum","isPartOf":{"@id":"https:\/\/villa-bella.org\/ch\/#website"},"datePublished":"2013-06-22T20:02:14+00:00","dateModified":"2025-05-28T11:00:07+00:00","description":"Hier finden Sie das Impressum der Praxis Villa Bella in M\u00fcnchen.","breadcrumb":{"@id":"https:\/\/villa-bella.org\/ch\/impressum\/#breadcrumb"},"inLanguage":"de-CH","potentialAction":[{"@type":"ReadAction","target":["https:\/\/villa-bella.org\/ch\/impressum\/"]}]},{"@type":"BreadcrumbList","@id":"https:\/\/villa-bella.org\/ch\/impressum\/#breadcrumb","itemListElement":[{"@type":"ListItem","position":1,"name":"Home","item":"https:\/\/villa-bella.org\/ch\/home-2\/"},{"@type":"ListItem","position":2,"name":"Impressum"}]},{"@type":"WebSite","@id":"https:\/\/villa-bella.org\/ch\/#website","url":"https:\/\/villa-bella.org\/ch\/","name":"sch\u00f6nheitschirurgie m\u00fcnchen","description":"Plastische Chirurgie und Sch\u00f6nheitschirurgie in M\u00fcnchen","publisher":{"@id":"https:\/\/villa-bella.org\/ch\/#organization"},"potentialAction":[{"@type":"SearchAction","target":{"@type":"EntryPoint","urlTemplate":"https:\/\/villa-bella.org\/ch\/?s={search_term_string}"},"query-input":{"@type":"PropertyValueSpecification","valueRequired":true,"valueName":"search_term_string"}}],"inLanguage":"de-CH"},{"@type":"Organization","@id":"https:\/\/villa-bella.org\/ch\/#organization","name":"VILLA BELLA","url":"https:\/\/villa-bella.org\/ch\/","logo":{"@type":"ImageObject","inLanguage":"de-CH","@id":"https:\/\/villa-bella.org\/ch\/#\/schema\/logo\/image\/","url":"https:\/\/villa-bella.org\/wp-content\/uploads\/2020\/09\/logo-092020.png","contentUrl":"https:\/\/villa-bella.org\/wp-content\/uploads\/2020\/09\/logo-092020.png","width":300,"height":82,"caption":"VILLA BELLA"},"image":{"@id":"https:\/\/villa-bella.org\/ch\/#\/schema\/logo\/image\/"}}]}},"_links":{"self":[{"href":"https:\/\/villa-bella.org\/ch\/wp-json\/wp\/v2\/pages\/9468","targetHints":{"allow":["GET"]}}],"collection":[{"href":"https:\/\/villa-bella.org\/ch\/wp-json\/wp\/v2\/pages"}],"about":[{"href":"https:\/\/villa-bella.org\/ch\/wp-json\/wp\/v2\/types\/page"}],"author":[{"embeddable":true,"href":"https:\/\/villa-bella.org\/ch\/wp-json\/wp\/v2\/users\/1"}],"replies":[{"embeddable":true,"href":"https:\/\/villa-bella.org\/ch\/wp-json\/wp\/v2\/comments?post=9468"}],"version-history":[{"count":1,"href":"https:\/\/villa-bella.org\/ch\/wp-json\/wp\/v2\/pages\/9468\/revisions"}],"predecessor-version":[{"id":33266,"href":"https:\/\/villa-bella.org\/ch\/wp-json\/wp\/v2\/pages\/9468\/revisions\/33266"}],"wp:attachment":[{"href":"https:\/\/villa-bella.org\/ch\/wp-json\/wp\/v2\/media?parent=9468"}],"curies":[{"name":"wp","href":"https:\/\/api.w.org\/{rel}","templated":true}]}}