{"id":9207,"date":"2013-06-22T22:03:15","date_gmt":"2013-06-22T20:03:15","guid":{"rendered":"https:\/\/villa-bella.org\/leistungen\/"},"modified":"2023-08-24T14:08:18","modified_gmt":"2023-08-24T12:08:18","slug":"leistungen","status":"publish","type":"page","link":"https:\/\/villa-bella.org\/ch\/leistungen\/","title":{"rendered":"Leistun\u00adgen"},"content":{"rendered":"<div class=\"flex_column av-3tn11-32d94904d0ffcd647d7475a8c2e17f05 av_one_full  avia-builder-el-0  el_before_av_hr  avia-builder-el-first  first flex_column_div  \"><section class=\"av_textblock_section av-39gn1-87a274934ed7ccfc7bcf513b3a5fd127 \" itemscope=\"itemscope\" itemtype=\"https:\/\/schema.org\/CreativeWork\"><div class=\"avia_textblock\" itemprop=\"text\"><h1>Unser Leistungs\u00adspek\u00adtrum f\u00fcr Sie und Ihn<\/h1>\n<p class=\"p-intro\">Egal, ob es sich um einen funktio\u00adnel\u00adlen oder \u00e4sthe\u00adti\u00adschen Aspekt handelt: Es gibt kaum einen Makel, den die Sch\u00f6n\u00adheits\u00adchir\u00adur\u00adgie heute nicht beheben kann. Hier finden Sie das ganze Spektrum unserer Leistun\u00adgen in der \u00c4sthe\u00adtisch-Plasti\u00adschen Chirur\u00adgie. Neben der eigent\u00adli\u00adchen Leistung erhal\u00adten Sie nat\u00fcr\u00adlich auch unsere profes\u00adsio\u00adnelle Beratung \u2014 sowohl vor wie nach Ihrem Eingriff.<\/p>\n<\/div><\/section><\/div>\n<style type=\"text\/css\" data-created_by=\"avia_inline_auto\" id=\"style-css-av-2uci5-aa0001c403e964f5e0bc2f22e124566d\">\n#top .hr.hr-invisible.av-2uci5-aa0001c403e964f5e0bc2f22e124566d{\nmargin-top:-30px;\nheight:1px;\n}\n<\/style>\n<div class=\"hr av-2uci5-aa0001c403e964f5e0bc2f22e124566d hr-invisible  avia-builder-el-2  el_after_av_one_full  el_before_av_one_full \"><span class=\"hr-inner \"><span class=\"hr-inner-style\"><\/span><\/span><\/div>\n<div class=\"flex_column av-24c31-c06cd1425f9b47d071a392946e420963 av_one_full  avia-builder-el-3  el_after_av_hr  el_before_av_one_full  first flex_column_div  \"><div id=\"av-sc-portfolio-1\" class=\"av-portfolio-grid-sorting-container\"><div class=\"sort_width_container  av-sort-yes\" data-portfolio-id=\"1\"><div id=\"js_sort_items\"><div class=\"sort_by_cat hidden\"><a href=\"#\" data-filter=\"all_sort\" class=\"all_sort_button active_sort\"><span class=\"inner_sort_button\"><span>Alle<\/span><small class=\"av-cat-count\"> 6 <\/small><\/span><\/a><span class=\"text-sep leistungen-ch_sort_sep\">\/<\/span><a href=\"#\" data-filter=\"leistungen-ch_sort\" class=\"leistungen-ch_sort_button\"><span class=\"inner_sort_button\"><span>Leistun\u00adgen<\/span><small class=\"av-cat-count\"> 6 <\/small><\/span><\/a><\/div><\/div><\/div><div class=\" grid-sort-container isotope   no_margin-container with-title-container grid-total-even grid-col-3 grid-links-\" data-portfolio-id=\"1\"><div data-ajax-id=\"9339\" class=\" grid-entry flex_column isotope-item all_sort no_margin post-entry post-entry-9339 grid-entry-overview grid-loop-1 grid-parity-odd  leistungen-ch_sort  av_one_third first default_av_fullwidth \"><article class=\"main_color inner-entry\" itemscope=\"itemscope\" itemtype=\"https:\/\/schema.org\/CreativeWork\"><a href=\"https:\/\/villa-bella.org\/ch\/leistungen\/brust\/\" title=\"Brust\" data-rel=\"grid-1\" class=\"grid-image avia-hover-fx\"> <img decoding=\"async\" fetchpriority=\"high\" width=\"495\" height=\"400\" src=\"https:\/\/villa-bella.org\/wp-content\/uploads\/2014\/03\/BRUST-495x400.jpg\" class=\"wp-image-9341 avia-img-lazy-loading-not-9341 attachment-portfolio size-portfolio wp-post-image\" alt><\/a><div class=\"grid-content\"><div class=\"avia-arrow\"><\/div><header class=\"entry-content-header\" aria-label=\"Portfolio: Brust\"><h3 class=\"grid-entry-title entry-title \" itemprop=\"headline\"><a href=\"https:\/\/villa-bella.org\/ch\/leistungen\/brust\/\" title=\"Brust\">Brust<\/a><\/h3><\/header><\/div><footer class=\"entry-footer\"><\/footer><\/article><\/div><div data-ajax-id=\"9342\" class=\" grid-entry flex_column isotope-item all_sort no_margin post-entry post-entry-9342 grid-entry-overview grid-loop-2 grid-parity-even  leistungen-ch_sort  av_one_third  default_av_fullwidth \"><article class=\"main_color inner-entry\" itemscope=\"itemscope\" itemtype=\"https:\/\/schema.org\/CreativeWork\"><a href=\"https:\/\/villa-bella.org\/ch\/leistungen\/gesicht\/\" title=\"Gesicht\" data-rel=\"grid-1\" class=\"grid-image avia-hover-fx\"> <img decoding=\"async\" fetchpriority=\"high\" width=\"495\" height=\"400\" src=\"https:\/\/villa-bella.org\/wp-content\/uploads\/2014\/03\/GESICHT-495x400.jpg\" class=\"wp-image-9343 avia-img-lazy-loading-not-9343 attachment-portfolio size-portfolio wp-post-image\" alt srcset=\"https:\/\/villa-bella.org\/wp-content\/uploads\/2014\/03\/GESICHT-495x400.jpg 495w, https:\/\/villa-bella.org\/wp-content\/uploads\/2014\/03\/GESICHT-845x684.jpg 845w\" sizes=\"(max-width: 495px) 100vw, 495px\"><\/a><div class=\"grid-content\"><div class=\"avia-arrow\"><\/div><header class=\"entry-content-header\" aria-label=\"Portfolio: Gesicht\"><h3 class=\"grid-entry-title entry-title \" itemprop=\"headline\"><a href=\"https:\/\/villa-bella.org\/ch\/leistungen\/gesicht\/\" title=\"Gesicht\">Gesicht<\/a><\/h3><\/header><\/div><footer class=\"entry-footer\"><\/footer><\/article><\/div><div data-ajax-id=\"9344\" class=\" grid-entry flex_column isotope-item all_sort no_margin post-entry post-entry-9344 grid-entry-overview grid-loop-3 grid-parity-odd  leistungen-ch_sort  av_one_third  default_av_fullwidth \"><article class=\"main_color inner-entry\" itemscope=\"itemscope\" itemtype=\"https:\/\/schema.org\/CreativeWork\"><a href=\"https:\/\/villa-bella.org\/ch\/leistungen\/koerper\/\" title=\"K\u00f6rper\" data-rel=\"grid-1\" class=\"grid-image avia-hover-fx\"> <img decoding=\"async\" fetchpriority=\"high\" width=\"495\" height=\"400\" src=\"https:\/\/villa-bella.org\/wp-content\/uploads\/2014\/03\/K\u00d6RPER-495x400.jpg\" class=\"wp-image-9345 avia-img-lazy-loading-not-9345 attachment-portfolio size-portfolio wp-post-image\" alt><\/a><div class=\"grid-content\"><div class=\"avia-arrow\"><\/div><header class=\"entry-content-header\" aria-label=\"Portfolio: K\u00f6rper\"><h3 class=\"grid-entry-title entry-title \" itemprop=\"headline\"><a href=\"https:\/\/villa-bella.org\/ch\/leistungen\/koerper\/\" title=\"K\u00f6rper\">K\u00f6rper<\/a><\/h3><\/header><\/div><footer class=\"entry-footer\"><\/footer><\/article><\/div><div data-ajax-id=\"9360\" class=\" grid-entry flex_column isotope-item all_sort no_margin post-entry post-entry-9360 grid-entry-overview grid-loop-4 grid-parity-even  leistungen-ch_sort  av_one_third first default_av_fullwidth \"><article class=\"main_color inner-entry\" itemscope=\"itemscope\" itemtype=\"https:\/\/schema.org\/CreativeWork\"><a href=\"https:\/\/villa-bella.org\/ch\/leistungen\/haut\/\" title=\"Haut\" data-rel=\"grid-1\" class=\"grid-image avia-hover-fx\"> <img decoding=\"async\" fetchpriority=\"high\" width=\"495\" height=\"400\" src=\"https:\/\/villa-bella.org\/wp-content\/uploads\/2014\/03\/36731958_m-495x400.jpg\" class=\"wp-image-9362 avia-img-lazy-loading-not-9362 attachment-portfolio size-portfolio wp-post-image\" alt><\/a><div class=\"grid-content\"><div class=\"avia-arrow\"><\/div><header class=\"entry-content-header\" aria-label=\"Portfolio: Haut\"><h3 class=\"grid-entry-title entry-title \" itemprop=\"headline\"><a href=\"https:\/\/villa-bella.org\/ch\/leistungen\/haut\/\" title=\"Haut\">Haut<\/a><\/h3><\/header><\/div><footer class=\"entry-footer\"><\/footer><\/article><\/div><div data-ajax-id=\"9363\" class=\" grid-entry flex_column isotope-item all_sort no_margin post-entry post-entry-9363 grid-entry-overview grid-loop-5 grid-parity-odd  leistungen-ch_sort  av_one_third  default_av_fullwidth \"><article class=\"main_color inner-entry\" itemscope=\"itemscope\" itemtype=\"https:\/\/schema.org\/CreativeWork\"><a href=\"https:\/\/villa-bella.org\/ch\/leistungen\/falten-muenchen\/\" title=\"Falten\" data-rel=\"grid-1\" class=\"grid-image avia-hover-fx\"> <img decoding=\"async\" fetchpriority=\"high\" width=\"495\" height=\"400\" src=\"https:\/\/villa-bella.org\/wp-content\/uploads\/2014\/03\/37805317_m-Laserfacelift-495x400.jpg\" class=\"wp-image-9365 avia-img-lazy-loading-not-9365 attachment-portfolio size-portfolio wp-post-image\" alt><\/a><div class=\"grid-content\"><div class=\"avia-arrow\"><\/div><header class=\"entry-content-header\" aria-label=\"Portfolio: Falten\"><h3 class=\"grid-entry-title entry-title \" itemprop=\"headline\"><a href=\"https:\/\/villa-bella.org\/ch\/leistungen\/falten-muenchen\/\" title=\"Falten\">Falten<\/a><\/h3><\/header><\/div><footer class=\"entry-footer\"><\/footer><\/article><\/div><div data-ajax-id=\"9366\" class=\" grid-entry flex_column isotope-item all_sort no_margin post-entry post-entry-9366 grid-entry-overview grid-loop-6 grid-parity-even  post-entry-last  leistungen-ch_sort  av_one_third  default_av_fullwidth \"><article class=\"main_color inner-entry\" itemscope=\"itemscope\" itemtype=\"https:\/\/schema.org\/CreativeWork\"><a href=\"https:\/\/villa-bella.org\/ch\/leistungen\/maenner\/\" title=\"M\u00e4nner\" data-rel=\"grid-1\" class=\"grid-image avia-hover-fx\"> <img decoding=\"async\" fetchpriority=\"high\" width=\"495\" height=\"400\" src=\"https:\/\/villa-bella.org\/wp-content\/uploads\/2014\/03\/M\u00c4NNER-495x400.jpg\" class=\"wp-image-9368 avia-img-lazy-loading-not-9368 attachment-portfolio size-portfolio wp-post-image\" alt><\/a><div class=\"grid-content\"><div class=\"avia-arrow\"><\/div><header class=\"entry-content-header\" aria-label=\"Portfolio: M\u00e4nner\"><h3 class=\"grid-entry-title entry-title \" itemprop=\"headline\"><a href=\"https:\/\/villa-bella.org\/ch\/leistungen\/maenner\/\" title=\"M\u00e4nner\">M\u00e4nner<\/a><\/h3><\/header><\/div><footer class=\"entry-footer\"><\/footer><\/article><\/div><\/div><\/div>   <\/div>\n\n<style type=\"text\/css\" data-created_by=\"avia_inline_auto\" id=\"style-css-av-2ipufk-4fb28592f9afe1e6a836575ef0d18de2\">\n.flex_column.av-2ipufk-4fb28592f9afe1e6a836575ef0d18de2{\nborder-radius:0px 0px 0px 0px;\npadding:0px 0px 0px 0px;\n}\n<\/style>\n<div class=\"flex_column av-2ipufk-4fb28592f9afe1e6a836575ef0d18de2 av_one_full  avia-builder-el-5  el_after_av_one_full  avia-builder-el-last  first flex_column_div av-zero-column-padding  column-top-margin\"><p>\n<style type=\"text\/css\" data-created_by=\"avia_inline_auto\" id=\"style-css-av-kdztroho-d2b39e56af9092ae527a85bb4ae4a659\">\n#top .hr.hr-invisible.av-kdztroho-d2b39e56af9092ae527a85bb4ae4a659{\nheight:20px;\n}\n<\/style>\n<\/p><div class=\"hr av-kdztroho-d2b39e56af9092ae527a85bb4ae4a659 hr-invisible  avia-builder-el-6  el_before_av_repeatable_content  avia-builder-el-first \"><span class=\"hr-inner \"><span class=\"hr-inner-style\"><\/span><\/span><\/div><br>\n<div class=\"enfold_repeatable_wrapper contactbox\">\n<style type=\"text\/css\" data-created_by=\"avia_inline_auto\" id=\"style-css-av-av_one_third-25347b0a799d5b9f7058434b2a9c3182\">\n.flex_column.av-av_one_third-25347b0a799d5b9f7058434b2a9c3182{\nborder-radius:0px 0px 0px 0px;\npadding:0px 0px 0px 0px;\n}\n<\/style>\n<div class=\"flex_column av-av_one_third-25347b0a799d5b9f7058434b2a9c3182 av_one_third first flex_column_div av-zero-column-padding  \"><article class=\"iconbox iconbox_left_content av-lgxe230d-87392a1b4b729cef26bb9a99b40a8e4e av-icon-style-no-border\" itemscope=\"itemscope\" itemtype=\"https:\/\/schema.org\/CreativeWork\"><div class=\"iconbox_icon heading-color avia-iconfont avia-font-entypo-fontello\" data-av_icon=\"\ue85b\" data-av_iconfont=\"entypo-fontello\"><\/div><div class=\"iconbox_content\"><header class=\"entry-content-header\" aria-label=\"Icon: Online Termin\"><p class=\"iconbox_content_title \" itemprop=\"headline\">Online Termin<\/p><\/header><div class=\"iconbox_content_container \" itemprop=\"text\"><p><span style=\"font-size: 18px;\">Einfach, schnell und online einen Termin bei uns finden.<\/span><\/p>\n<p><a href=\"\/?page_id=15\"><strong class=\"button\">Jetzt Termin verein\u00adba\u00adren<\/strong><\/a><\/p>\n<p>Sie kommen von au\u00dfer\u00adhalb und wollen erst mal wissen, welche Behand\u00adlung f\u00fcr Sie die Richtige ist? Dann verein\u00adba\u00adren Sie doch einen Termin bei Dr. Meyer mit unserer <strong>Video\u00adsprech\u00adstunde<\/strong>!<\/p>\n<\/div><\/div><footer class=\"entry-footer\"><\/footer><\/article><\/div>\n\n\n<style type=\"text\/css\" data-created_by=\"avia_inline_auto\" id=\"style-css-av-av_one_third-f7c1061df29de8cca6b42fcf455fe4a0\">\n.flex_column.av-av_one_third-f7c1061df29de8cca6b42fcf455fe4a0{\nborder-radius:0px 0px 0px 0px;\npadding:0px 0px 0px 0px;\n}\n<\/style>\n<div class=\"flex_column av-av_one_third-f7c1061df29de8cca6b42fcf455fe4a0 av_one_third flex_column_div av-zero-column-padding  \"><article class=\"iconbox iconbox_left_content av-lgxe2kfb-2e51a3a090bf934ed90c5272ef026a41 av-icon-style-no-border\" itemscope=\"itemscope\" itemtype=\"https:\/\/schema.org\/CreativeWork\"><div class=\"iconbox_icon heading-color avia-iconfont avia-font-entypo-fontello\" data-av_icon=\"\ue863\" data-av_iconfont=\"entypo-fontello\"><\/div><div class=\"iconbox_content\"><header class=\"entry-content-header\" aria-label=\"Icon: \u00d6ffnungszeiten\"><p class=\"iconbox_content_title \" itemprop=\"headline\">\u00d6ffnungs\u00adzei\u00adten<\/p><\/header><div class=\"iconbox_content_container \" itemprop=\"text\"><table>\n<tbody>\n<tr>\n<td style=\"font-size: 18px;\">Mo-Do:<\/td>\n<td style=\"font-size: 18px;\">09:00\u201320:00 Uhr<\/td>\n<\/tr>\n<tr>\n<td style=\"font-size: 18px;\">Fr:<\/td>\n<td style=\"font-size: 18px;\">09:00\u201318:00 Uhr<\/td>\n<\/tr>\n<tr>\n<td style=\"font-size: 18px;\">Sa:*<\/td>\n<td style=\"font-size: 18px;\">10:00\u201318:00 Uhr<\/td>\n<\/tr>\n<\/tbody>\n<\/table>\n<table>\n<tbody>\n<tr>\n<td><span style=\"font-size: 12px;\">* Samstags\u00adsprech\u00adstunde auf Anfrage 3x im Monat<\/span><\/td>\n<\/tr>\n<\/tbody>\n<\/table>\n<\/div><\/div><footer class=\"entry-footer\"><\/footer><\/article><\/div>\n<style type=\"text\/css\" data-created_by=\"avia_inline_auto\" id=\"style-css-av-av_one_third-f7c1061df29de8cca6b42fcf455fe4a0\">\n.flex_column.av-av_one_third-f7c1061df29de8cca6b42fcf455fe4a0{\nborder-radius:0px 0px 0px 0px;\npadding:0px 0px 0px 0px;\n}\n<\/style>\n<div class=\"flex_column av-av_one_third-f7c1061df29de8cca6b42fcf455fe4a0 av_one_third flex_column_div av-zero-column-padding  \"><article class=\"iconbox iconbox_left_content av-lgxe4mvp-eb66888fc803a7e67f320eaa934e1f24 av-icon-style-no-border\" itemscope=\"itemscope\" itemtype=\"https:\/\/schema.org\/CreativeWork\"><div class=\"iconbox_icon heading-color avia-iconfont avia-font-entypo-fontello\" data-av_icon=\"\ue854\" data-av_iconfont=\"entypo-fontello\"><\/div><div class=\"iconbox_content\"><header class=\"entry-content-header\" aria-label=\"Icon: Telefon\"><p class=\"iconbox_content_title \" itemprop=\"headline\">Telefon<\/p><\/header><div class=\"iconbox_content_container \" itemprop=\"text\"><p><span style=\"font-size: 18px;\">+49 (0)89 \/ 217 549 430<\/span><\/p>\n<\/div><\/div><footer class=\"entry-footer\"><\/footer><\/article>\n<article class=\"iconbox iconbox_left_content av-lgxe3sjp-1ed3b22e2ca9687d613fb82bf7298c38 av-icon-style-no-border\" itemscope=\"itemscope\" itemtype=\"https:\/\/schema.org\/CreativeWork\"><div class=\"iconbox_icon heading-color avia-iconfont avia-font-entypo-fontello\" data-av_icon=\"\ue805\" data-av_iconfont=\"entypo-fontello\"><\/div><div class=\"iconbox_content\"><header class=\"entry-content-header\" aria-label=\"Icon: E-Mail\"><p class=\"iconbox_content_title \" itemprop=\"headline\">E\u2011Mail<\/p><\/header><div class=\"iconbox_content_container \" itemprop=\"text\"><p><span style=\"font-size: 18px;\">info@villa-bella.org<\/span><\/p>\n<\/div><\/div><footer class=\"entry-footer\"><\/footer><\/article>\n<article class=\"iconbox iconbox_left_content av-lgxe557f-319693998d5fcf26d43f5a114b249fe2 av-icon-style-no-border\" itemscope=\"itemscope\" itemtype=\"https:\/\/schema.org\/CreativeWork\"><div class=\"iconbox_icon heading-color avia-iconfont avia-font-entypo-fontello\" data-av_icon=\"\ue821\" data-av_iconfont=\"entypo-fontello\"><\/div><div class=\"iconbox_content\"><header class=\"entry-content-header\" aria-label=\"Icon: Adresse\"><p class=\"iconbox_content_title \" itemprop=\"headline\">Adresse<\/p><\/header><div class=\"iconbox_content_container \" itemprop=\"text\"><p><span style=\"font-size: 18px;\">VILLA BELLA<br>\nBrien\u00adner Str. 14<br>\n80333 M\u00fcnchen<\/span><\/p>\n<\/div><\/div><footer class=\"entry-footer\"><\/footer><\/article><\/div><\/div><\/div>\n","protected":false},"excerpt":{"rendered":"","protected":false},"author":1,"featured_media":0,"parent":0,"menu_order":0,"comment_status":"closed","ping_status":"open","template":"","meta":{"_acf_changed":false,"wp_typography_post_enhancements_disabled":false,"ngg_post_thumbnail":0,"footnotes":""},"class_list":["post-9207","page","type-page","status-publish","hentry"],"acf":[],"yoast_head":"\n<title>Leistungsspektrum der Praxis Villa Bella von Kopf bis Fu\u00df<\/title>\n<meta name=\"description\" content=\"Hier erhalten Sie Einblicke in das Leistungsspektrum unserer Praxis f\u00fcr Frauen und M\u00e4nner. Wir beraten Sie gerne zu verschiedensten Behandlungen.\" \/>\n<meta name=\"robots\" content=\"index, follow, max-snippet:-1, max-image-preview:large, max-video-preview:-1\" \/>\n<link rel=\"canonical\" href=\"https:\/\/villa-bella.org\/ch\/leistungen\/\" \/>\n<meta property=\"og:locale\" content=\"de_DE\" \/>\n<meta property=\"og:type\" content=\"article\" \/>\n<meta property=\"og:title\" content=\"Leistungsspektrum der Praxis Villa Bella von Kopf bis Fu\u00df\" \/>\n<meta property=\"og:description\" content=\"Hier erhalten Sie Einblicke in das Leistungsspektrum unserer Praxis f\u00fcr Frauen und M\u00e4nner. Wir beraten Sie gerne zu verschiedensten Behandlungen.\" \/>\n<meta property=\"og:url\" content=\"https:\/\/villa-bella.org\/ch\/leistungen\/\" \/>\n<meta property=\"og:site_name\" content=\"sch\u00f6nheitschirurgie m\u00fcnchen\" \/>\n<meta property=\"article:modified_time\" content=\"2023-08-24T12:08:18+00:00\" \/>\n<meta name=\"twitter:label1\" content=\"Gesch\u00e4tzte Lesezeit\" \/>\n\t<meta name=\"twitter:data1\" content=\"2\u00a0Minuten\" \/>\n<script type=\"application\/ld+json\" class=\"yoast-schema-graph\">{\"@context\":\"https:\/\/schema.org\",\"@graph\":[{\"@type\":\"WebPage\",\"@id\":\"https:\/\/villa-bella.org\/ch\/leistungen\/\",\"url\":\"https:\/\/villa-bella.org\/ch\/leistungen\/\",\"name\":\"Leistungsspektrum der Praxis Villa Bella von Kopf bis Fu\u00df\",\"isPartOf\":{\"@id\":\"https:\/\/villa-bella.org\/ch\/#website\"},\"datePublished\":\"2013-06-22T20:03:15+00:00\",\"dateModified\":\"2023-08-24T12:08:18+00:00\",\"description\":\"Hier erhalten Sie Einblicke in das Leistungsspektrum unserer Praxis f\u00fcr Frauen und M\u00e4nner. Wir beraten Sie gerne zu verschiedensten Behandlungen.\",\"breadcrumb\":{\"@id\":\"https:\/\/villa-bella.org\/ch\/leistungen\/#breadcrumb\"},\"inLanguage\":\"de-CH\",\"potentialAction\":[{\"@type\":\"ReadAction\",\"target\":[\"https:\/\/villa-bella.org\/ch\/leistungen\/\"]}]},{\"@type\":\"BreadcrumbList\",\"@id\":\"https:\/\/villa-bella.org\/ch\/leistungen\/#breadcrumb\",\"itemListElement\":[{\"@type\":\"ListItem\",\"position\":1,\"name\":\"Home\",\"item\":\"https:\/\/villa-bella.org\/ch\/home-2\/\"},{\"@type\":\"ListItem\",\"position\":2,\"name\":\"Leistungen\"}]},{\"@type\":\"WebSite\",\"@id\":\"https:\/\/villa-bella.org\/ch\/#website\",\"url\":\"https:\/\/villa-bella.org\/ch\/\",\"name\":\"sch\u00f6nheitschirurgie m\u00fcnchen\",\"description\":\"Plastische Chirurgie und Sch\u00f6nheitschirurgie in M\u00fcnchen\",\"publisher\":{\"@id\":\"https:\/\/villa-bella.org\/ch\/#organization\"},\"potentialAction\":[{\"@type\":\"SearchAction\",\"target\":{\"@type\":\"EntryPoint\",\"urlTemplate\":\"https:\/\/villa-bella.org\/ch\/?s={search_term_string}\"},\"query-input\":{\"@type\":\"PropertyValueSpecification\",\"valueRequired\":true,\"valueName\":\"search_term_string\"}}],\"inLanguage\":\"de-CH\"},{\"@type\":\"Organization\",\"@id\":\"https:\/\/villa-bella.org\/ch\/#organization\",\"name\":\"VILLA BELLA\",\"url\":\"https:\/\/villa-bella.org\/ch\/\",\"logo\":{\"@type\":\"ImageObject\",\"inLanguage\":\"de-CH\",\"@id\":\"https:\/\/villa-bella.org\/ch\/#\/schema\/logo\/image\/\",\"url\":\"https:\/\/villa-bella.org\/wp-content\/uploads\/2020\/09\/logo-092020.png\",\"contentUrl\":\"https:\/\/villa-bella.org\/wp-content\/uploads\/2020\/09\/logo-092020.png\",\"width\":300,\"height\":82,\"caption\":\"VILLA BELLA\"},\"image\":{\"@id\":\"https:\/\/villa-bella.org\/ch\/#\/schema\/logo\/image\/\"}}]}<\/script>\n","yoast_head_json":{"title":"Leistungsspektrum der Praxis Villa Bella von Kopf bis Fu\u00df","description":"Hier erhalten Sie Einblicke in das Leistungsspektrum unserer Praxis f\u00fcr Frauen und M\u00e4nner. Wir beraten Sie gerne zu verschiedensten Behandlungen.","robots":{"index":"index","follow":"follow","max-snippet":"max-snippet:-1","max-image-preview":"max-image-preview:large","max-video-preview":"max-video-preview:-1"},"canonical":"https:\/\/villa-bella.org\/ch\/leistungen\/","og_locale":"de_DE","og_type":"article","og_title":"Leistungsspektrum der Praxis Villa Bella von Kopf bis Fu\u00df","og_description":"Hier erhalten Sie Einblicke in das Leistungsspektrum unserer Praxis f\u00fcr Frauen und M\u00e4nner. Wir beraten Sie gerne zu verschiedensten Behandlungen.","og_url":"https:\/\/villa-bella.org\/ch\/leistungen\/","og_site_name":"sch\u00f6nheitschirurgie m\u00fcnchen","article_modified_time":"2023-08-24T12:08:18+00:00","twitter_misc":{"Gesch\u00e4tzte Lesezeit":"2\u00a0Minuten"},"schema":{"@context":"https:\/\/schema.org","@graph":[{"@type":"WebPage","@id":"https:\/\/villa-bella.org\/ch\/leistungen\/","url":"https:\/\/villa-bella.org\/ch\/leistungen\/","name":"Leistungsspektrum der Praxis Villa Bella von Kopf bis Fu\u00df","isPartOf":{"@id":"https:\/\/villa-bella.org\/ch\/#website"},"datePublished":"2013-06-22T20:03:15+00:00","dateModified":"2023-08-24T12:08:18+00:00","description":"Hier erhalten Sie Einblicke in das Leistungsspektrum unserer Praxis f\u00fcr Frauen und M\u00e4nner. Wir beraten Sie gerne zu verschiedensten Behandlungen.","breadcrumb":{"@id":"https:\/\/villa-bella.org\/ch\/leistungen\/#breadcrumb"},"inLanguage":"de-CH","potentialAction":[{"@type":"ReadAction","target":["https:\/\/villa-bella.org\/ch\/leistungen\/"]}]},{"@type":"BreadcrumbList","@id":"https:\/\/villa-bella.org\/ch\/leistungen\/#breadcrumb","itemListElement":[{"@type":"ListItem","position":1,"name":"Home","item":"https:\/\/villa-bella.org\/ch\/home-2\/"},{"@type":"ListItem","position":2,"name":"Leistungen"}]},{"@type":"WebSite","@id":"https:\/\/villa-bella.org\/ch\/#website","url":"https:\/\/villa-bella.org\/ch\/","name":"sch\u00f6nheitschirurgie m\u00fcnchen","description":"Plastische Chirurgie und Sch\u00f6nheitschirurgie in M\u00fcnchen","publisher":{"@id":"https:\/\/villa-bella.org\/ch\/#organization"},"potentialAction":[{"@type":"SearchAction","target":{"@type":"EntryPoint","urlTemplate":"https:\/\/villa-bella.org\/ch\/?s={search_term_string}"},"query-input":{"@type":"PropertyValueSpecification","valueRequired":true,"valueName":"search_term_string"}}],"inLanguage":"de-CH"},{"@type":"Organization","@id":"https:\/\/villa-bella.org\/ch\/#organization","name":"VILLA BELLA","url":"https:\/\/villa-bella.org\/ch\/","logo":{"@type":"ImageObject","inLanguage":"de-CH","@id":"https:\/\/villa-bella.org\/ch\/#\/schema\/logo\/image\/","url":"https:\/\/villa-bella.org\/wp-content\/uploads\/2020\/09\/logo-092020.png","contentUrl":"https:\/\/villa-bella.org\/wp-content\/uploads\/2020\/09\/logo-092020.png","width":300,"height":82,"caption":"VILLA BELLA"},"image":{"@id":"https:\/\/villa-bella.org\/ch\/#\/schema\/logo\/image\/"}}]}},"_links":{"self":[{"href":"https:\/\/villa-bella.org\/ch\/wp-json\/wp\/v2\/pages\/9207","targetHints":{"allow":["GET"]}}],"collection":[{"href":"https:\/\/villa-bella.org\/ch\/wp-json\/wp\/v2\/pages"}],"about":[{"href":"https:\/\/villa-bella.org\/ch\/wp-json\/wp\/v2\/types\/page"}],"author":[{"embeddable":true,"href":"https:\/\/villa-bella.org\/ch\/wp-json\/wp\/v2\/users\/1"}],"replies":[{"embeddable":true,"href":"https:\/\/villa-bella.org\/ch\/wp-json\/wp\/v2\/comments?post=9207"}],"version-history":[{"count":1,"href":"https:\/\/villa-bella.org\/ch\/wp-json\/wp\/v2\/pages\/9207\/revisions"}],"predecessor-version":[{"id":23834,"href":"https:\/\/villa-bella.org\/ch\/wp-json\/wp\/v2\/pages\/9207\/revisions\/23834"}],"wp:attachment":[{"href":"https:\/\/villa-bella.org\/ch\/wp-json\/wp\/v2\/media?parent=9207"}],"curies":[{"name":"wp","href":"https:\/\/api.w.org\/{rel}","templated":true}]}}