{"id":10300,"date":"2019-09-18T12:35:09","date_gmt":"2019-09-18T10:35:09","guid":{"rendered":"https:\/\/villa-bella.org\/?page_id=10300"},"modified":"2025-02-11T15:10:51","modified_gmt":"2025-02-11T14:10:51","slug":"villa-bella-medical","status":"publish","type":"page","link":"https:\/\/villa-bella.org\/ch\/die-villa-bella\/villa-bella-medical\/","title":{"rendered":"Villa Bella Medical"},"content":{"rendered":"\n<style type=\"text\/css\" data-created_by=\"avia_inline_auto\" id=\"style-css-av-vb4hg3-f2f1eb1dc4acc1c75b1335cc23fbd67b\">\n.flex_column.av-vb4hg3-f2f1eb1dc4acc1c75b1335cc23fbd67b{\nborder-radius:0px 0px 0px 0px;\npadding:0px 0px 0px 0px;\n}\n<\/style>\n<div class=\"flex_column av-vb4hg3-f2f1eb1dc4acc1c75b1335cc23fbd67b av_one_full  avia-builder-el-0  el_before_av_two_third  avia-builder-el-first  first flex_column_div av-zero-column-padding  \"><section class=\"av_textblock_section av-t2zjf7-4853359611ae6f9b0bc13d08592c6047 \" itemscope=\"itemscope\" itemtype=\"https:\/\/schema.org\/CreativeWork\"><div class=\"avia_textblock\" itemprop=\"text\"><p><img loading=\"lazy\" decoding=\"async\" class=\"aligncenter size-full wp-image-31911\" src=\"https:\/\/villa-bella.org\/wp-content\/uploads\/2020\/08\/vb-mit-schatten.png\" alt width=\"2887\" height=\"732\" srcset=\"https:\/\/villa-bella.org\/wp-content\/uploads\/2020\/08\/vb-mit-schatten.png 2887w, https:\/\/villa-bella.org\/wp-content\/uploads\/2020\/08\/vb-mit-schatten-300x76.png 300w, https:\/\/villa-bella.org\/wp-content\/uploads\/2020\/08\/vb-mit-schatten-1030x261.png 1030w, https:\/\/villa-bella.org\/wp-content\/uploads\/2020\/08\/vb-mit-schatten-768x195.png 768w, https:\/\/villa-bella.org\/wp-content\/uploads\/2020\/08\/vb-mit-schatten-1536x389.png 1536w, https:\/\/villa-bella.org\/wp-content\/uploads\/2020\/08\/vb-mit-schatten-2048x519.png 2048w\" sizes=\"auto, (max-width: 2887px) 100vw, 2887px\"><\/p>\n<\/div><\/section><\/div>\n<style type=\"text\/css\" data-created_by=\"avia_inline_auto\" id=\"style-css-av-r1002r-f431cc90d29e3977cd7d3c6ad6458fad\">\n.flex_column.av-r1002r-f431cc90d29e3977cd7d3c6ad6458fad{\nborder-radius:0px 0px 0px 0px;\npadding:0px 0px 0px 0px;\n}\n<\/style>\n<div class=\"flex_column av-r1002r-f431cc90d29e3977cd7d3c6ad6458fad av_two_third  avia-builder-el-2  el_after_av_one_full  el_before_av_one_third  first flex_column_div av-zero-column-padding  column-top-margin\"><section class=\"av_textblock_section av-pt87oj-dd80114b15200b5185ccc4de3877db72 \" itemscope=\"itemscope\" itemtype=\"https:\/\/schema.org\/CreativeWork\"><div class=\"avia_textblock\" itemprop=\"text\"><h1>Opera\u00adtio\u00adnen der Villa Bella \u2014 Unsere OP-Stand\u00adorte<\/h1>\n<p><img loading=\"lazy\" decoding=\"async\" class=\"size-full wp-image-31871 alignleft\" src=\"https:\/\/villa-bella.org\/wp-content\/uploads\/2025\/02\/dr-meyer-2025-vbmedical.jpg\" alt width=\"225\" height=\"300\">Die meisten unserer Eingriffe finden in der Villa Bella statt und sind so schonend, dass wir sie ambulant durch\u00adf\u00fch\u00adren k\u00f6nnen \u2013 entwe\u00adder im D\u00e4mmer\u00adschlaf oder mit unserem erfah\u00adre\u00adnen <a href=\"https:\/\/www.narkosepraxis-muenchen.com\/patienteninfo\/\">An\u00e4sthe\u00adsie\u00adteam<\/a>. Wenn Sie von au\u00dfer\u00adhalb kommen, haben wir mit dem <a href=\"https:\/\/www.hotel-rothof.de\/\">Hotel Rothof<\/a> ein Arran\u00adge\u00adment, in dem Sie mit Zimmer\u00adser\u00advice und fr\u00fchem Check-In nach dem Eingriff verw\u00f6hnt und umsorgt werden.<\/p>\n<p>Doch bei gr\u00f6\u00dfe\u00adren Opera\u00adtio\u00adnen, wie Brust\u00adkor\u00adrek\u00adtu\u00adren, gro\u00dffl\u00e4\u00adchi\u00adgen Liposuk\u00adtio\u00adnen \u2014 beispiels\u00adweise bei Lip\u00f6dem-Patien\u00adten\/In\u00adnen \u2014 oder Bauch\u00adde\u00adcken\u00adstraf\u00adfun\u00adgen, f\u00fchren wir diese auch in der <a href=\"https:\/\/villa-bella.org\/ch\/die-villa-bella\/villa-bella-medical\/geisenhofer-klinik\/\">Frauen\u00adkli\u00adnik Dr. Geisen\u00adho\u00adfer<\/a> oder der <a href=\"https:\/\/villa-bella.org\/ch\/die-villa-bella\/villa-bella-medical\/klinik-dr-wilhelm\/\">Klinik Dr. Wilhelm in Wolfrats\u00adhau\u00adsen<\/a> durch. Hier k\u00f6nnen wir in den bestens ausge\u00adstat\u00adte\u00adten OPs auf hervor\u00adra\u00adgen\u00addes OP-Perso\u00adnal und profes\u00adsio\u00adnelle An\u00e4sthe\u00adsie zur\u00fcck\u00adgrei\u00adfen. Nach der Opera\u00adtion werden Sie in komfor\u00adta\u00adblen Einzel\u00adzim\u00admern zur Rekon\u00adva\u00adles\u00adzenz und Beobach\u00adtung mindes\u00adtens eine Nacht verbrin\u00adgen. Indivi\u00addu\u00adelle und pers\u00f6n\u00adli\u00adche Betreu\u00adung neben der quali\u00adfi\u00adzier\u00adten klini\u00adschen Behand\u00adlung ist hier selbst\u00adver\u00adst\u00e4nd\u00adlich!<\/p>\n<p>Wir bespre\u00adchen vorher mit Ihnen, was f\u00fcr Sie die beste M\u00f6glich\u00adkeit w\u00e4re und kl\u00e4ren auch, ob wir Ihren gew\u00fcnsch\u00adten OP-Termin erm\u00f6g\u00adli\u00adchen k\u00f6nnen und melden Sie dort dann f\u00fcr die Opera\u00adtion an.<\/p>\n<p>Bei Bedarf k\u00f6nnen Sie gerne (bei vorhe\u00adri\u00adger Anmel\u00addung) auch eine Begleit\u00adper\u00adson mitbrin\u00adgen, die dort ebenfalls \u00fcbernach\u00adten kann.<\/p>\n<\/div><\/section><br>\n<div class=\"hr av-nu6k2b-12c84ead342b230b6c986596d8e4433e hr-default  avia-builder-el-4  el_after_av_textblock  avia-builder-el-last \"><span class=\"hr-inner \"><span class=\"hr-inner-style\"><\/span><\/span><\/div><\/div>\n\n<style type=\"text\/css\" data-created_by=\"avia_inline_auto\" id=\"style-css-av-b3jhwz-a3407646ea5cbdc9c1b174ec85c0c371\">\n.flex_column.av-b3jhwz-a3407646ea5cbdc9c1b174ec85c0c371{\nborder-radius:0px 0px 0px 0px;\npadding:0px 0px 0px 0px;\n}\n<\/style>\n<div class=\"flex_column av-b3jhwz-a3407646ea5cbdc9c1b174ec85c0c371 av_one_third  avia-builder-el-5  el_after_av_two_third  el_before_av_one_full  flex_column_div av-zero-column-padding  column-top-margin\"><p><\/p><article class=\"iconbox iconbox_top av-7ny4g3-7f7a26de7afe7b79b7e1610019127305  avia-builder-el-6  el_before_av_icon_box  avia-builder-el-first  main_color\" itemscope=\"itemscope\" itemtype=\"https:\/\/schema.org\/CreativeWork\"><div class=\"iconbox_content\"><header class=\"entry-content-header\" aria-label=\"Icon: Frauenklinik Dr. Geisenhofer\"><a href=\"https:\/\/villa-bella.org\/die-villa-bella\/villa-bella-medical\/geisenhofer-klinik\/\" title=\"Frauenklinik Dr. Geisenhofer\" aria-label=\"Frauenklinik Dr. Geisenhofer\" class=\"iconbox_icon heading-color avia-iconfont avia-font-entypo-fontello\" data-av_icon=\"\ue821\" data-av_iconfont=\"entypo-fontello\" desc=\"Frauenklinik Dr. Geisenhofer\"><\/a><p class=\"iconbox_content_title \" itemprop=\"headline\"><a href=\"https:\/\/villa-bella.org\/die-villa-bella\/villa-bella-medical\/geisenhofer-klinik\/\" title=\"Frauenklinik Dr. Geisenhofer\">Frauen\u00adkli\u00adnik Dr. Geisen\u00adho\u00adfer<\/a><\/p><\/header><div class=\"iconbox_content_container \" itemprop=\"text\"><p><a href=\"https:\/\/villa-bella.org\/ch\/die-villa-bella\/villa-bella-medical\/geisenhofer-klinik\/\"><img loading=\"lazy\" decoding=\"async\" class=\"aligncenter size-full wp-image-31709\" src=\"https:\/\/villa-bella.org\/wp-content\/uploads\/2025\/02\/logo-geisenhofer-frauenklinik.jpg\" alt width=\"265\" height=\"164\"><\/a><\/p>\n<p>OP-Zentrum der Geisen\u00adho\u00adfer Klinik<br>\nim Engli\u00adschen Garten in M\u00fcnchen<\/p>\n<\/div><\/div><footer class=\"entry-footer\"><\/footer><\/article><br>\n<article class=\"iconbox iconbox_top av-lxeuxm-4ecf753a553674b0a04483843b8bfb89  avia-builder-el-7  el_after_av_icon_box  avia-builder-el-last  main_color\" itemscope=\"itemscope\" itemtype=\"https:\/\/schema.org\/CreativeWork\"><div class=\"iconbox_content\"><header class=\"entry-content-header\" aria-label=\"Icon: Klinik Dr. Wilhelm\"><a href=\"https:\/\/villa-bella.org\/die-villa-bella\/villa-bella-medical\/klinik-dr-wilhelm\/\" title=\"Klinik Dr. Wilhelm\" aria-label=\"Klinik Dr. Wilhelm\" class=\"iconbox_icon heading-color avia-iconfont avia-font-entypo-fontello\" data-av_icon=\"\ue821\" data-av_iconfont=\"entypo-fontello\" desc=\"Klinik Dr. Wilhelm\"><\/a><p class=\"iconbox_content_title \" itemprop=\"headline\"><a href=\"https:\/\/villa-bella.org\/die-villa-bella\/villa-bella-medical\/klinik-dr-wilhelm\/\" title=\"Klinik Dr. Wilhelm\">Klinik Dr. Wilhelm<\/a><\/p><\/header><div class=\"iconbox_content_container \" itemprop=\"text\"><p><a href=\"https:\/\/villa-bella.org\/ch\/die-villa-bella\/villa-bella-medical\/klinik-dr-wilhelm\/\"><img loading=\"lazy\" decoding=\"async\" class=\"aligncenter wp-image-10312 size-medium\" src=\"https:\/\/villa-bella.org\/wp-content\/uploads\/2019\/09\/klinik-wilhelm-logo-300x133.jpg\" alt width=\"300\" height=\"133\" srcset=\"https:\/\/villa-bella.org\/wp-content\/uploads\/2019\/09\/klinik-wilhelm-logo-300x133.jpg 300w, https:\/\/villa-bella.org\/wp-content\/uploads\/2019\/09\/klinik-wilhelm-logo-768x340.jpg 768w, https:\/\/villa-bella.org\/wp-content\/uploads\/2019\/09\/klinik-wilhelm-logo-1030x456.jpg 1030w, https:\/\/villa-bella.org\/wp-content\/uploads\/2019\/09\/klinik-wilhelm-logo-705x312.jpg 705w, https:\/\/villa-bella.org\/wp-content\/uploads\/2019\/09\/klinik-wilhelm-logo-450x199.jpg 450w, https:\/\/villa-bella.org\/wp-content\/uploads\/2019\/09\/klinik-wilhelm-logo.jpg 1122w\" sizes=\"auto, (max-width: 300px) 100vw, 300px\"><\/a><\/p>\n<p>OP-Zentrum der Klinik Dr. Wilhelm<br>\nin Wolfrats\u00adhau\u00adsen<\/p>\n<\/div><\/div><footer class=\"entry-footer\"><\/footer><\/article><\/div>\n\n<style type=\"text\/css\" data-created_by=\"avia_inline_auto\" id=\"style-css-av-2ipufk-4fb28592f9afe1e6a836575ef0d18de2\">\n.flex_column.av-2ipufk-4fb28592f9afe1e6a836575ef0d18de2{\nborder-radius:0px 0px 0px 0px;\npadding:0px 0px 0px 0px;\n}\n<\/style>\n<div class=\"flex_column av-2ipufk-4fb28592f9afe1e6a836575ef0d18de2 av_one_full  avia-builder-el-8  el_after_av_one_third  avia-builder-el-last  first flex_column_div av-zero-column-padding  column-top-margin\"><p>\n<style type=\"text\/css\" data-created_by=\"avia_inline_auto\" id=\"style-css-av-kdztroho-d2b39e56af9092ae527a85bb4ae4a659\">\n#top .hr.hr-invisible.av-kdztroho-d2b39e56af9092ae527a85bb4ae4a659{\nheight:20px;\n}\n<\/style>\n<\/p><div class=\"hr av-kdztroho-d2b39e56af9092ae527a85bb4ae4a659 hr-invisible  avia-builder-el-9  el_before_av_repeatable_content  avia-builder-el-first \"><span class=\"hr-inner \"><span class=\"hr-inner-style\"><\/span><\/span><\/div><br>\n<div class=\"enfold_repeatable_wrapper contactbox\">\n<style type=\"text\/css\" data-created_by=\"avia_inline_auto\" id=\"style-css-av-av_one_third-25347b0a799d5b9f7058434b2a9c3182\">\n.flex_column.av-av_one_third-25347b0a799d5b9f7058434b2a9c3182{\nborder-radius:0px 0px 0px 0px;\npadding:0px 0px 0px 0px;\n}\n<\/style>\n<div class=\"flex_column av-av_one_third-25347b0a799d5b9f7058434b2a9c3182 av_one_third first flex_column_div av-zero-column-padding  \"><article class=\"iconbox iconbox_left_content av-lgxe230d-87392a1b4b729cef26bb9a99b40a8e4e av-icon-style-no-border\" itemscope=\"itemscope\" itemtype=\"https:\/\/schema.org\/CreativeWork\"><div class=\"iconbox_icon heading-color avia-iconfont avia-font-entypo-fontello\" data-av_icon=\"\ue85b\" data-av_iconfont=\"entypo-fontello\"><\/div><div class=\"iconbox_content\"><header class=\"entry-content-header\" aria-label=\"Icon: Online Termin\"><p class=\"iconbox_content_title \" itemprop=\"headline\">Online Termin<\/p><\/header><div class=\"iconbox_content_container \" itemprop=\"text\"><p><span style=\"font-size: 18px;\">Einfach, schnell und online einen Termin bei uns finden.<\/span><\/p>\n<p><a href=\"\/?page_id=15\"><strong class=\"button\">Jetzt Termin verein\u00adba\u00adren<\/strong><\/a><\/p>\n<p>Sie kommen von au\u00dfer\u00adhalb und wollen erst mal wissen, welche Behand\u00adlung f\u00fcr Sie die Richtige ist? Dann verein\u00adba\u00adren Sie doch einen Termin bei Dr. Meyer mit unserer <strong>Video\u00adsprech\u00adstunde<\/strong>!<\/p>\n<\/div><\/div><footer class=\"entry-footer\"><\/footer><\/article><\/div>\n\n\n<style type=\"text\/css\" data-created_by=\"avia_inline_auto\" id=\"style-css-av-av_one_third-f7c1061df29de8cca6b42fcf455fe4a0\">\n.flex_column.av-av_one_third-f7c1061df29de8cca6b42fcf455fe4a0{\nborder-radius:0px 0px 0px 0px;\npadding:0px 0px 0px 0px;\n}\n<\/style>\n<div class=\"flex_column av-av_one_third-f7c1061df29de8cca6b42fcf455fe4a0 av_one_third flex_column_div av-zero-column-padding  \"><article class=\"iconbox iconbox_left_content av-lgxe2kfb-2e51a3a090bf934ed90c5272ef026a41 av-icon-style-no-border\" itemscope=\"itemscope\" itemtype=\"https:\/\/schema.org\/CreativeWork\"><div class=\"iconbox_icon heading-color avia-iconfont avia-font-entypo-fontello\" data-av_icon=\"\ue863\" data-av_iconfont=\"entypo-fontello\"><\/div><div class=\"iconbox_content\"><header class=\"entry-content-header\" aria-label=\"Icon: \u00d6ffnungszeiten\"><p class=\"iconbox_content_title \" itemprop=\"headline\">\u00d6ffnungs\u00adzei\u00adten<\/p><\/header><div class=\"iconbox_content_container \" itemprop=\"text\"><table>\n<tbody>\n<tr>\n<td style=\"font-size: 18px;\">Mo-Do:<\/td>\n<td style=\"font-size: 18px;\">09:00\u201320:00 Uhr<\/td>\n<\/tr>\n<tr>\n<td style=\"font-size: 18px;\">Fr:<\/td>\n<td style=\"font-size: 18px;\">09:00\u201318:00 Uhr<\/td>\n<\/tr>\n<tr>\n<td style=\"font-size: 18px;\">Sa:*<\/td>\n<td style=\"font-size: 18px;\">10:00\u201318:00 Uhr<\/td>\n<\/tr>\n<\/tbody>\n<\/table>\n<table>\n<tbody>\n<tr>\n<td><span style=\"font-size: 12px;\">* Samstags\u00adsprech\u00adstunde auf Anfrage 3x im Monat<\/span><\/td>\n<\/tr>\n<\/tbody>\n<\/table>\n<\/div><\/div><footer class=\"entry-footer\"><\/footer><\/article><\/div>\n<style type=\"text\/css\" data-created_by=\"avia_inline_auto\" id=\"style-css-av-av_one_third-f7c1061df29de8cca6b42fcf455fe4a0\">\n.flex_column.av-av_one_third-f7c1061df29de8cca6b42fcf455fe4a0{\nborder-radius:0px 0px 0px 0px;\npadding:0px 0px 0px 0px;\n}\n<\/style>\n<div class=\"flex_column av-av_one_third-f7c1061df29de8cca6b42fcf455fe4a0 av_one_third flex_column_div av-zero-column-padding  \"><article class=\"iconbox iconbox_left_content av-lgxe4mvp-eb66888fc803a7e67f320eaa934e1f24 av-icon-style-no-border\" itemscope=\"itemscope\" itemtype=\"https:\/\/schema.org\/CreativeWork\"><div class=\"iconbox_icon heading-color avia-iconfont avia-font-entypo-fontello\" data-av_icon=\"\ue854\" data-av_iconfont=\"entypo-fontello\"><\/div><div class=\"iconbox_content\"><header class=\"entry-content-header\" aria-label=\"Icon: Telefon\"><p class=\"iconbox_content_title \" itemprop=\"headline\">Telefon<\/p><\/header><div class=\"iconbox_content_container \" itemprop=\"text\"><p><span style=\"font-size: 18px;\">+49 (0)89 \/ 217 549 430<\/span><\/p>\n<\/div><\/div><footer class=\"entry-footer\"><\/footer><\/article>\n<article class=\"iconbox iconbox_left_content av-lgxe3sjp-1ed3b22e2ca9687d613fb82bf7298c38 av-icon-style-no-border\" itemscope=\"itemscope\" itemtype=\"https:\/\/schema.org\/CreativeWork\"><div class=\"iconbox_icon heading-color avia-iconfont avia-font-entypo-fontello\" data-av_icon=\"\ue805\" data-av_iconfont=\"entypo-fontello\"><\/div><div class=\"iconbox_content\"><header class=\"entry-content-header\" aria-label=\"Icon: E-Mail\"><p class=\"iconbox_content_title \" itemprop=\"headline\">E\u2011Mail<\/p><\/header><div class=\"iconbox_content_container \" itemprop=\"text\"><p><span style=\"font-size: 18px;\">info@villa-bella.org<\/span><\/p>\n<\/div><\/div><footer class=\"entry-footer\"><\/footer><\/article>\n<article class=\"iconbox iconbox_left_content av-lgxe557f-319693998d5fcf26d43f5a114b249fe2 av-icon-style-no-border\" itemscope=\"itemscope\" itemtype=\"https:\/\/schema.org\/CreativeWork\"><div class=\"iconbox_icon heading-color avia-iconfont avia-font-entypo-fontello\" data-av_icon=\"\ue821\" data-av_iconfont=\"entypo-fontello\"><\/div><div class=\"iconbox_content\"><header class=\"entry-content-header\" aria-label=\"Icon: Adresse\"><p class=\"iconbox_content_title \" itemprop=\"headline\">Adresse<\/p><\/header><div class=\"iconbox_content_container \" itemprop=\"text\"><p><span style=\"font-size: 18px;\">VILLA BELLA<br>\nBrien\u00adner Str. 14<br>\n80333 M\u00fcnchen<\/span><\/p>\n<\/div><\/div><footer class=\"entry-footer\"><\/footer><\/article><\/div><\/div><\/div>\n","protected":false},"excerpt":{"rendered":"","protected":false},"author":1,"featured_media":0,"parent":37640,"menu_order":0,"comment_status":"closed","ping_status":"closed","template":"","meta":{"_acf_changed":false,"wp_typography_post_enhancements_disabled":false,"ngg_post_thumbnail":0,"footnotes":""},"class_list":["post-10300","page","type-page","status-publish","hentry"],"acf":[],"yoast_head":"\n<title>Villa Bella Medical \u00bb Unsere OP-Standorte mit Atmosph\u00e4re<\/title>\n<meta name=\"description\" content=\"Unsere Kooperation mit Kliniken: hier bieten wir Ihnen an OP-Standorten Behandlung und medizinische Betreuung in entspannter und luxuri\u00f6ser Atmosph\u00e4re.\" \/>\n<meta name=\"robots\" content=\"noindex, follow\" \/>\n<meta property=\"og:locale\" content=\"de_DE\" \/>\n<meta property=\"og:type\" content=\"article\" \/>\n<meta property=\"og:title\" content=\"Villa Bella Medical \u00bb Unsere OP-Standorte mit Atmosph\u00e4re\" \/>\n<meta property=\"og:description\" content=\"Unsere Kooperation mit Kliniken: hier bieten wir Ihnen an OP-Standorten Behandlung und medizinische Betreuung in entspannter und luxuri\u00f6ser Atmosph\u00e4re.\" \/>\n<meta property=\"og:url\" content=\"https:\/\/villa-bella.org\/ch\/die-villa-bella\/villa-bella-medical\/\" \/>\n<meta property=\"og:site_name\" content=\"sch\u00f6nheitschirurgie m\u00fcnchen\" \/>\n<meta property=\"article:modified_time\" content=\"2025-02-11T14:10:51+00:00\" \/>\n<meta property=\"og:image\" content=\"https:\/\/villa-bella.org\/wp-content\/uploads\/2020\/08\/vb-mit-schatten.png\" \/>\n\t<meta property=\"og:image:width\" content=\"2887\" \/>\n\t<meta property=\"og:image:height\" content=\"732\" \/>\n\t<meta property=\"og:image:type\" content=\"image\/png\" \/>\n<meta name=\"twitter:label1\" content=\"Gesch\u00e4tzte Lesezeit\" \/>\n\t<meta name=\"twitter:data1\" content=\"3\u00a0Minuten\" \/>\n<script type=\"application\/ld+json\" class=\"yoast-schema-graph\">{\"@context\":\"https:\/\/schema.org\",\"@graph\":[{\"@type\":\"WebPage\",\"@id\":\"https:\/\/villa-bella.org\/ch\/die-villa-bella\/villa-bella-medical\/\",\"url\":\"https:\/\/villa-bella.org\/ch\/die-villa-bella\/villa-bella-medical\/\",\"name\":\"Villa Bella Medical \u00bb Unsere OP-Standorte mit Atmosph\u00e4re\",\"isPartOf\":{\"@id\":\"https:\/\/villa-bella.org\/ch\/#website\"},\"primaryImageOfPage\":{\"@id\":\"https:\/\/villa-bella.org\/ch\/die-villa-bella\/villa-bella-medical\/#primaryimage\"},\"image\":{\"@id\":\"https:\/\/villa-bella.org\/ch\/die-villa-bella\/villa-bella-medical\/#primaryimage\"},\"thumbnailUrl\":\"https:\/\/villa-bella.org\/wp-content\/uploads\/2020\/08\/vb-mit-schatten.png\",\"datePublished\":\"2019-09-18T10:35:09+00:00\",\"dateModified\":\"2025-02-11T14:10:51+00:00\",\"description\":\"Unsere Kooperation mit Kliniken: hier bieten wir Ihnen an OP-Standorten Behandlung und medizinische Betreuung in entspannter und luxuri\u00f6ser Atmosph\u00e4re.\",\"breadcrumb\":{\"@id\":\"https:\/\/villa-bella.org\/ch\/die-villa-bella\/villa-bella-medical\/#breadcrumb\"},\"inLanguage\":\"de-CH\",\"potentialAction\":[{\"@type\":\"ReadAction\",\"target\":[\"https:\/\/villa-bella.org\/ch\/die-villa-bella\/villa-bella-medical\/\"]}]},{\"@type\":\"ImageObject\",\"inLanguage\":\"de-CH\",\"@id\":\"https:\/\/villa-bella.org\/ch\/die-villa-bella\/villa-bella-medical\/#primaryimage\",\"url\":\"https:\/\/villa-bella.org\/wp-content\/uploads\/2020\/08\/vb-mit-schatten.png\",\"contentUrl\":\"https:\/\/villa-bella.org\/wp-content\/uploads\/2020\/08\/vb-mit-schatten.png\"},{\"@type\":\"BreadcrumbList\",\"@id\":\"https:\/\/villa-bella.org\/ch\/die-villa-bella\/villa-bella-medical\/#breadcrumb\",\"itemListElement\":[{\"@type\":\"ListItem\",\"position\":1,\"name\":\"Home\",\"item\":\"https:\/\/villa-bella.org\/ch\/home-2\/\"},{\"@type\":\"ListItem\",\"position\":2,\"name\":\"Villa Bella Medical\"}]},{\"@type\":\"WebSite\",\"@id\":\"https:\/\/villa-bella.org\/ch\/#website\",\"url\":\"https:\/\/villa-bella.org\/ch\/\",\"name\":\"sch\u00f6nheitschirurgie m\u00fcnchen\",\"description\":\"Plastische Chirurgie und Sch\u00f6nheitschirurgie in M\u00fcnchen\",\"publisher\":{\"@id\":\"https:\/\/villa-bella.org\/ch\/#organization\"},\"potentialAction\":[{\"@type\":\"SearchAction\",\"target\":{\"@type\":\"EntryPoint\",\"urlTemplate\":\"https:\/\/villa-bella.org\/ch\/?s={search_term_string}\"},\"query-input\":{\"@type\":\"PropertyValueSpecification\",\"valueRequired\":true,\"valueName\":\"search_term_string\"}}],\"inLanguage\":\"de-CH\"},{\"@type\":\"Organization\",\"@id\":\"https:\/\/villa-bella.org\/ch\/#organization\",\"name\":\"VILLA BELLA\",\"url\":\"https:\/\/villa-bella.org\/ch\/\",\"logo\":{\"@type\":\"ImageObject\",\"inLanguage\":\"de-CH\",\"@id\":\"https:\/\/villa-bella.org\/ch\/#\/schema\/logo\/image\/\",\"url\":\"https:\/\/villa-bella.org\/wp-content\/uploads\/2020\/09\/logo-092020.png\",\"contentUrl\":\"https:\/\/villa-bella.org\/wp-content\/uploads\/2020\/09\/logo-092020.png\",\"width\":300,\"height\":82,\"caption\":\"VILLA BELLA\"},\"image\":{\"@id\":\"https:\/\/villa-bella.org\/ch\/#\/schema\/logo\/image\/\"}}]}<\/script>\n","yoast_head_json":{"title":"Villa Bella Medical \u00bb Unsere OP-Standorte mit Atmosph\u00e4re","description":"Unsere Kooperation mit Kliniken: hier bieten wir Ihnen an OP-Standorten Behandlung und medizinische Betreuung in entspannter und luxuri\u00f6ser Atmosph\u00e4re.","robots":{"index":"noindex","follow":"follow"},"og_locale":"de_DE","og_type":"article","og_title":"Villa Bella Medical \u00bb Unsere OP-Standorte mit Atmosph\u00e4re","og_description":"Unsere Kooperation mit Kliniken: hier bieten wir Ihnen an OP-Standorten Behandlung und medizinische Betreuung in entspannter und luxuri\u00f6ser Atmosph\u00e4re.","og_url":"https:\/\/villa-bella.org\/ch\/die-villa-bella\/villa-bella-medical\/","og_site_name":"sch\u00f6nheitschirurgie m\u00fcnchen","article_modified_time":"2025-02-11T14:10:51+00:00","og_image":[{"width":2887,"height":732,"url":"https:\/\/villa-bella.org\/wp-content\/uploads\/2020\/08\/vb-mit-schatten.png","type":"image\/png"}],"twitter_misc":{"Gesch\u00e4tzte Lesezeit":"3\u00a0Minuten"},"schema":{"@context":"https:\/\/schema.org","@graph":[{"@type":"WebPage","@id":"https:\/\/villa-bella.org\/ch\/die-villa-bella\/villa-bella-medical\/","url":"https:\/\/villa-bella.org\/ch\/die-villa-bella\/villa-bella-medical\/","name":"Villa Bella Medical \u00bb Unsere OP-Standorte mit Atmosph\u00e4re","isPartOf":{"@id":"https:\/\/villa-bella.org\/ch\/#website"},"primaryImageOfPage":{"@id":"https:\/\/villa-bella.org\/ch\/die-villa-bella\/villa-bella-medical\/#primaryimage"},"image":{"@id":"https:\/\/villa-bella.org\/ch\/die-villa-bella\/villa-bella-medical\/#primaryimage"},"thumbnailUrl":"https:\/\/villa-bella.org\/wp-content\/uploads\/2020\/08\/vb-mit-schatten.png","datePublished":"2019-09-18T10:35:09+00:00","dateModified":"2025-02-11T14:10:51+00:00","description":"Unsere Kooperation mit Kliniken: hier bieten wir Ihnen an OP-Standorten Behandlung und medizinische Betreuung in entspannter und luxuri\u00f6ser Atmosph\u00e4re.","breadcrumb":{"@id":"https:\/\/villa-bella.org\/ch\/die-villa-bella\/villa-bella-medical\/#breadcrumb"},"inLanguage":"de-CH","potentialAction":[{"@type":"ReadAction","target":["https:\/\/villa-bella.org\/ch\/die-villa-bella\/villa-bella-medical\/"]}]},{"@type":"ImageObject","inLanguage":"de-CH","@id":"https:\/\/villa-bella.org\/ch\/die-villa-bella\/villa-bella-medical\/#primaryimage","url":"https:\/\/villa-bella.org\/wp-content\/uploads\/2020\/08\/vb-mit-schatten.png","contentUrl":"https:\/\/villa-bella.org\/wp-content\/uploads\/2020\/08\/vb-mit-schatten.png"},{"@type":"BreadcrumbList","@id":"https:\/\/villa-bella.org\/ch\/die-villa-bella\/villa-bella-medical\/#breadcrumb","itemListElement":[{"@type":"ListItem","position":1,"name":"Home","item":"https:\/\/villa-bella.org\/ch\/home-2\/"},{"@type":"ListItem","position":2,"name":"Villa Bella Medical"}]},{"@type":"WebSite","@id":"https:\/\/villa-bella.org\/ch\/#website","url":"https:\/\/villa-bella.org\/ch\/","name":"sch\u00f6nheitschirurgie m\u00fcnchen","description":"Plastische Chirurgie und Sch\u00f6nheitschirurgie in M\u00fcnchen","publisher":{"@id":"https:\/\/villa-bella.org\/ch\/#organization"},"potentialAction":[{"@type":"SearchAction","target":{"@type":"EntryPoint","urlTemplate":"https:\/\/villa-bella.org\/ch\/?s={search_term_string}"},"query-input":{"@type":"PropertyValueSpecification","valueRequired":true,"valueName":"search_term_string"}}],"inLanguage":"de-CH"},{"@type":"Organization","@id":"https:\/\/villa-bella.org\/ch\/#organization","name":"VILLA BELLA","url":"https:\/\/villa-bella.org\/ch\/","logo":{"@type":"ImageObject","inLanguage":"de-CH","@id":"https:\/\/villa-bella.org\/ch\/#\/schema\/logo\/image\/","url":"https:\/\/villa-bella.org\/wp-content\/uploads\/2020\/09\/logo-092020.png","contentUrl":"https:\/\/villa-bella.org\/wp-content\/uploads\/2020\/09\/logo-092020.png","width":300,"height":82,"caption":"VILLA BELLA"},"image":{"@id":"https:\/\/villa-bella.org\/ch\/#\/schema\/logo\/image\/"}}]}},"_links":{"self":[{"href":"https:\/\/villa-bella.org\/ch\/wp-json\/wp\/v2\/pages\/10300","targetHints":{"allow":["GET"]}}],"collection":[{"href":"https:\/\/villa-bella.org\/ch\/wp-json\/wp\/v2\/pages"}],"about":[{"href":"https:\/\/villa-bella.org\/ch\/wp-json\/wp\/v2\/types\/page"}],"author":[{"embeddable":true,"href":"https:\/\/villa-bella.org\/ch\/wp-json\/wp\/v2\/users\/1"}],"replies":[{"embeddable":true,"href":"https:\/\/villa-bella.org\/ch\/wp-json\/wp\/v2\/comments?post=10300"}],"version-history":[{"count":1,"href":"https:\/\/villa-bella.org\/ch\/wp-json\/wp\/v2\/pages\/10300\/revisions"}],"predecessor-version":[{"id":31940,"href":"https:\/\/villa-bella.org\/ch\/wp-json\/wp\/v2\/pages\/10300\/revisions\/31940"}],"up":[{"embeddable":true,"href":"https:\/\/villa-bella.org\/ch\/wp-json\/wp\/v2\/pages\/37640"}],"wp:attachment":[{"href":"https:\/\/villa-bella.org\/ch\/wp-json\/wp\/v2\/media?parent=10300"}],"curies":[{"name":"wp","href":"https:\/\/api.w.org\/{rel}","templated":true}]}}