{"id":11757,"date":"2015-01-16T13:39:20","date_gmt":"2015-01-16T12:39:20","guid":{"rendered":"https:\/\/villa-bella.org\/jobs\/"},"modified":"2025-09-30T15:16:14","modified_gmt":"2025-09-30T13:16:14","slug":"jobs","status":"publish","type":"page","link":"https:\/\/villa-bella.org\/at\/jobs\/","title":{"rendered":"Jobs"},"content":{"rendered":"<div class=\"flex_column av-akx6yr-119c0f3ca4a8c30ff0e148896f01922b av_one_full  avia-builder-el-0  el_before_av_one_half  avia-builder-el-first  first flex_column_div  \"><p>\n<style type=\"text\/css\" data-created_by=\"avia_inline_auto\" id=\"style-css-av-wym6b-d9215c2e308ebe06f8482df604971701\">\n#top .av-special-heading.av-wym6b-d9215c2e308ebe06f8482df604971701{\npadding-bottom:10px;\n}\nbody .av-special-heading.av-wym6b-d9215c2e308ebe06f8482df604971701 .av-special-heading-tag .heading-char{\nfont-size:25px;\n}\n.av-special-heading.av-wym6b-d9215c2e308ebe06f8482df604971701 .av-subheading{\nfont-size:15px;\n}\n<\/style>\n<\/p><div class=\"av-special-heading av-wym6b-d9215c2e308ebe06f8482df604971701 av-special-heading-h1  avia-builder-el-1  el_before_av_textblock  avia-builder-el-first \"><h1 class=\"av-special-heading-tag \" itemprop=\"headline\">Joban\u00adge\u00adbote in der Villa Bella<\/h1><div class=\"special-heading-border\"><div class=\"special-heading-inner-border\"><\/div><\/div><\/div><br>\n\n<style type=\"text\/css\" data-created_by=\"avia_inline_auto\" id=\"style-css-av-lmhukzon-e2eead5abb38fd3f4481590211cba26a\">\n#top .av_textblock_section.av-lmhukzon-e2eead5abb38fd3f4481590211cba26a .avia_textblock{\ncolumn-count:2;\n}\n\n@media only screen and (max-width: 989px){ \n#top .av_textblock_section.av-lmhukzon-e2eead5abb38fd3f4481590211cba26a .avia_textblock{\ncolumn-count:1;\n}\n.av_textblock_section.av-lmhukzon-e2eead5abb38fd3f4481590211cba26a .avia_textblock.av_multi_colums > p:first-child{\nmargin-top:0.85em;\n}\n}\n<\/style>\n<section class=\"av_textblock_section av-lmhukzon-e2eead5abb38fd3f4481590211cba26a \" itemscope=\"itemscope\" itemtype=\"https:\/\/schema.org\/CreativeWork\"><div class=\"avia_textblock av_multi_colums\" itemprop=\"text\"><p>Die <strong>Praxis\u00adkli\u00adnik VILLA BELLA <\/strong>mitten im Herzen M\u00fcnchens ist eine der renom\u00admier\u00adtes\u00adten Adres\u00adsen f\u00fcr \u00e4sthe\u00adti\u00adsche Anlie\u00adgen. Seit mittler\u00adweile 18 Jahren am Stand\u00adort hat sich Chefarzt Dr. Ludger Meyer-Dobbel\u00adstein auf minimal\u00adin\u00adva\u00adsive, sanfte Metho\u00adden der Versch\u00f6\u00adne\u00adrung spezia\u00adli\u00adsiert. Die VILLA BELLA zeich\u00adnet sich durch eine herzli\u00adche, luxuri\u00f6se Wohlf\u00fchl-Atmosph\u00e4re aus, die sich an der gehobe\u00adnen Hotel\u00adle\u00adrie orien\u00adtiert. Unser sympa\u00adthi\u00adsches Team am Empfang, der Praxis\u00ador\u00adga\u00adni\u00adsa\u00adtion und im OP empf\u00e4ngt die Patien\u00adten jeden Tag mit der gleichen Begeis\u00adte\u00adrung f\u00fcr Service und Dienst\u00adleis\u00adtung.<\/p>\n<\/div><\/section><br>\n<section class=\"av_textblock_section av-7a201f-232c4da6937ce5f1b8efa7ae5cb3ff74 \" itemscope=\"itemscope\" itemtype=\"https:\/\/schema.org\/CreativeWork\"><div class=\"avia_textblock\" itemprop=\"text\"><p>Wir freuen uns jeder\u00adzeit \u00fcber inter\u00ades\u00adsante Bewer\u00adbun\u00adgen! Bitte senden Sie diese an: <a href=\"mailto:Iris@Dobbelstein.com\" target=\"_blank\" rel=\"noopener\">Iris@Dobbelstein.com<\/a><\/p>\n<\/div><\/section><br>\n<div class=\"hr av-3n87kj-c278c11c0a6b95def9dc7d0ba408d452 hr-default  avia-builder-el-4  el_after_av_textblock  avia-builder-el-last \"><span class=\"hr-inner \"><span class=\"hr-inner-style\"><\/span><\/span><\/div><\/div><div class=\"flex_column av-3yfl6b-74786e6d0d215986638899954422f631 av_one_half  avia-builder-el-5  el_after_av_one_full  el_before_av_one_half  first flex_column_div  column-top-margin\"><p>\n<style type=\"text\/css\" data-created_by=\"avia_inline_auto\" id=\"style-css-av-lmhuo8yf-a405a21e34056bb78af358d27f9d0472\">\n#top .av-special-heading.av-lmhuo8yf-a405a21e34056bb78af358d27f9d0472{\npadding-bottom:10px;\n}\nbody .av-special-heading.av-lmhuo8yf-a405a21e34056bb78af358d27f9d0472 .av-special-heading-tag .heading-char{\nfont-size:25px;\n}\n.av-special-heading.av-lmhuo8yf-a405a21e34056bb78af358d27f9d0472 .av-subheading{\nfont-size:15px;\n}\n<\/style>\n<\/p><div class=\"av-special-heading av-lmhuo8yf-a405a21e34056bb78af358d27f9d0472 av-special-heading-h2 blockquote modern-quote  avia-builder-el-6  el_before_av_textblock  avia-builder-el-first \"><h2 class=\"av-special-heading-tag \" itemprop=\"headline\">OP-Assis\u00adtenz (m\/w\/d)<\/h2><div class=\"special-heading-border\"><div class=\"special-heading-inner-border\"><\/div><\/div><\/div><br>\n<section class=\"av_textblock_section av-mg6ktk34-231b38858a656ef5f59d5568c69b04cb \" itemscope=\"itemscope\" itemtype=\"https:\/\/schema.org\/CreativeWork\"><div class=\"avia_textblock\" itemprop=\"text\"><p><strong>DU BIST MEDIZINSTUDENT IN M\u00dcNCHEN?&nbsp;<\/strong>Dann haben wir DEN Neben\u00adjob f\u00fcr Dich!<\/p>\n<p>Wir \u2013 vier Fach\u00e4rzte f\u00fcr Plasti\u00adsche Chirur\u00adgie \u2013 suchen<br>\n<strong>flexi\u00adble <u>OP-Assis\u00adtenz<\/u><\/strong><br>\nin der VILLA BELLA (unste\u00adrile Sprin\u00adger\u00adt\u00e4\u00adtig\u00adkeit, intra- und postope\u00adra\u00adtive \u00dcberwa\u00adchung des Patien\u00adten)<\/p>\n<p style=\"text-align: left;\"><strong>Wir bieten:<\/strong><\/p>\n<ul style=\"text-align: left;\">\n<li>Die M\u00f6glich\u00adkeit, in einem spannen\u00adden und wachsen\u00addem Medizin-Sektor, Erfah\u00adrung zu sammeln<\/li>\n<li>Ein super nettes Team mit flachen Hierar\u00adchien<\/li>\n<li>Gute Bezah\u00adlung auf Stunden\u00adba\u00adsis<br>\n(Einsatz nach Abspra\u00adche und Bedarf ggf. auch Samstags)<\/li>\n<\/ul>\n<p style=\"text-align: left;\"><strong>Wir erwar\u00adten:<\/strong><\/p>\n<ul style=\"text-align: left;\">\n<li>Erste Erfah\u00adrun\u00adgen im OP (steri\u00adles Arbei\u00adten), idealer\u00adweise Ausbil\u00addung zum Rettungs\u00adsa\u00adni\u00adt\u00e4\u00adter oder \u00c4hnli\u00adches<\/li>\n<li>Flexi\u00adbi\u00adli\u00adt\u00e4t<\/li>\n<li>Schnelle Auffas\u00adsungs\u00adgabe<\/li>\n<li>Freude an der Kommu\u00adni\u00adka\u00adtion mit Patien\u00adten<\/li>\n<\/ul>\n<p>Bei Inter\u00adesse schickt bitte Eure Vita und Kontakt\u00adda\u00adten sowie Einsatz\u00adm\u00f6g\u00adlich\u00adkei\u00adten an: <a href=\"mailto:iris@dobbelstein.com\">iris@dobbelstein.com<\/a><\/p>\n<p style=\"text-align: left;\"><strong>Wir freuen uns auf Sie!<\/strong><\/p>\n<\/div><\/section><\/div>\n<div class=\"flex_column av-21ndnn-1d9bc3872b7ece2141092537eac44309 av_one_half  avia-builder-el-8  el_after_av_one_half  avia-builder-el-last  flex_column_div  column-top-margin\"><p>\n<style type=\"text\/css\" data-created_by=\"avia_inline_auto\" id=\"style-css-av-26zmyb-e74f716dc72b93354d9dcb7dacea24c2\">\n#top .av-special-heading.av-26zmyb-e74f716dc72b93354d9dcb7dacea24c2{\npadding-bottom:10px;\n}\nbody .av-special-heading.av-26zmyb-e74f716dc72b93354d9dcb7dacea24c2 .av-special-heading-tag .heading-char{\nfont-size:25px;\n}\n.av-special-heading.av-26zmyb-e74f716dc72b93354d9dcb7dacea24c2 .av-subheading{\nfont-size:15px;\n}\n<\/style>\n<\/p><div class=\"av-special-heading av-26zmyb-e74f716dc72b93354d9dcb7dacea24c2 av-special-heading-h2 blockquote modern-quote  avia-builder-el-9  el_before_av_textblock  avia-builder-el-first \"><h2 class=\"av-special-heading-tag \" itemprop=\"headline\">MFA \/ ZFA \/ Empfangs\u00admit\u00adar\u00adbei\u00adter (m\/w\/d)<\/h2><div class=\"special-heading-border\"><div class=\"special-heading-inner-border\"><\/div><\/div><\/div><br>\n\n<style type=\"text\/css\" data-created_by=\"avia_inline_auto\" id=\"style-css-av-mg6kasbm-f175aa65a8b031a42d75b3a42a245983\">\n#top .av_textblock_section.av-mg6kasbm-f175aa65a8b031a42d75b3a42a245983 .avia_textblock{\ncolumn-count:2;\n}\n\n@media only screen and (max-width: 989px){ \n#top .av_textblock_section.av-mg6kasbm-f175aa65a8b031a42d75b3a42a245983 .avia_textblock{\ncolumn-count:1;\n}\n.av_textblock_section.av-mg6kasbm-f175aa65a8b031a42d75b3a42a245983 .avia_textblock.av_multi_colums > p:first-child{\nmargin-top:0.85em;\n}\n}\n<\/style>\n<section class=\"av_textblock_section av-mg6kasbm-f175aa65a8b031a42d75b3a42a245983 \" itemscope=\"itemscope\" itemtype=\"https:\/\/schema.org\/CreativeWork\"><div class=\"avia_textblock av_multi_colums\" itemprop=\"text\"><p style=\"text-align: left;\">Zur Verst\u00e4r\u00adkung dieses Teams suchen wir zum <strong>fr\u00fchest\u00adm\u00f6g\u00adli\u00adchen Eintritt<\/strong> in <strong>TEILZEIT oder VOLLZEIT<\/strong> eine\/n<\/p>\n<p style=\"text-align: left;\"><strong>MFA \/ ZFA\/Empfangsmitarbeiter (m\/w\/d)<\/strong><\/p>\n<p style=\"text-align: left;\"><strong>Und das erwar\u00adtet Sie bei uns:<\/strong><\/p>\n<ul style=\"text-align: left;\">\n<li>Alle Feier\u00adtage frei<\/li>\n<li>Erfas\u00adsung aller evtl. \u00dcberstun\u00adden: Freizeit\u00adaus\u00adgleich oder Auszah\u00adlung<\/li>\n<li>Teilzeit-Inter\u00ades\u00adsierte beach\u00adten bitte, dass auch Nachmit\u00adtags\u00addienste absol\u00adviert werden m\u00fcssen<\/li>\n<li>\u00dcberta\u00adrif\u00adli\u00adche Bezah\u00adlung<\/li>\n<li>\u00c4sthe\u00adti\u00adsche Behand\u00adlun\u00adgen<\/li>\n<li>Unbefris\u00adte\u00adter Vertrag<\/li>\n<li>Getr\u00e4nke, S\u00fc\u00dfig\u00adkei\u00adten for free<\/li>\n<li>Sehr gute Atmosph\u00e4re in einem engagier\u00adten Team<\/li>\n<li>Ein langfris\u00adti\u00adges Engage\u00adment liegt uns am Herzen<\/li>\n<\/ul>\n<p style=\"text-align: left;\"><strong>Ihr Profil <\/strong><\/p>\n<ul style=\"text-align: left;\">\n<li>Sie lieben den t\u00e4gli\u00adchen Kontakt zu Menschen und begeis\u00adtern mit Ihrer herzli\u00adchen Pers\u00f6n\u00adlich\u00adkeit \u2014 sowohl am Telefon, als auch bei der Patien\u00adten\u00adauf\u00adnahme<\/li>\n<li>Sie inter\u00ades\u00adsie\u00adren sich f\u00fcr \u00c4sthe\u00adti\u00adsche Medizin &amp; Beauty-Themen und sind bereit sich hier schnell einzu\u00adle\u00adsen, um Fragen kompe\u00adtent zu beant\u00adwor\u00adten.<\/li>\n<li>Sie sind ein Multi\u00adtas\u00adking Talent und ein Teamplayer \u2014 motiviert, leistungs\u00adbe\u00adreit und belast\u00adbar.<\/li>\n<li>Praxis\u00ador\u00adga\u00adni\u00adsa\u00adtion und \u2014 Verwal\u00adtung sind keine Fremd\u00adw\u00f6r\u00adter f\u00fcr Sie<\/li>\n<li>Kunden- und Service-Orien\u00adtie\u00adrung sind f\u00fcr Sie selbst\u00adver\u00adst\u00e4nd\u00adlich.<\/li>\n<li>Zuver\u00adl\u00e4s\u00adsig\u00adkeit und Loyali\u00adt\u00e4t k\u00f6nnen Sie von uns erwar\u00adten, wir aber auch von Ihnen.<\/li>\n<\/ul>\n<p style=\"text-align: left;\"><strong>Und on top: <\/strong><\/p>\n<p style=\"text-align: left;\"><strong>MFA\/ZFA:<\/strong> Sie haben bereits Erfah\u00adrung im OP gesam\u00admelt und inter\u00ades\u00adsie\u00adren sich f\u00fcr die T\u00e4tig\u00adkeit einer Assis\u00adtenz im OP (medizi\u00adni\u00adsche Vorbil\u00addung \u2014 der Bereich ist dabei unerheb\u00adlich)<\/p>\n<p style=\"text-align: left;\"><strong>Empfangs\u00admit\u00adar\u00adbei\u00adter:<\/strong> Sie haben Erfah\u00adrung im Service wie z.B. &nbsp;in der gehobe\u00adnen Hotel\u00adle\u00adrie gesam\u00admelt und k\u00f6nnen sich schnell in Kalen\u00adder\u00adtools sowie Abrech\u00adnungs-Systeme einar\u00adbei\u00adten<\/p>\n<p style=\"text-align: left;\">Haben wir gerade genau SIE beschrie\u00adben? Dann nehmen Sie noch heute Kontakt auf! Zur Vorbe\u00adrei\u00adtung eines pers\u00f6n\u00adli\u00adchen Kennen\u00adler\u00adnens bitten wir um die Zusen\u00addung Ihrer aussa\u00adge\u00adkr\u00e4f\u00adti\u00adgen Bewer\u00adbungs\u00adun\u00adter\u00adla\u00adgen an:&nbsp;<a href=\"mailto:iris@dobbelstein.com\">iris@dobbelstein.com<\/a><\/p>\n<p style=\"text-align: left;\"><strong>Wir freuen uns auf Sie!<\/strong><\/p>\n<\/div><\/section><\/div>\n","protected":false},"excerpt":{"rendered":"","protected":false},"author":3,"featured_media":0,"parent":0,"menu_order":0,"comment_status":"closed","ping_status":"closed","template":"","meta":{"_acf_changed":false,"wp_typography_post_enhancements_disabled":false,"ngg_post_thumbnail":0,"footnotes":""},"class_list":["post-11757","page","type-page","status-publish","hentry"],"acf":[],"yoast_head":"\n<title>Jobs \u00bb Aktuelle Jobangebote &amp; Stellenanzeigen der Villa Bella<\/title>\n<meta name=\"description\" content=\"Hier finden Sie die aktuellen Jobangebote und Stellenanzeigen der Villa Bella in M\u00fcnchen f\u00fcr Praxis, OP und mehr. Wir freuen uns auf Ihre Bewerbung.\" \/>\n<meta name=\"robots\" content=\"index, follow, max-snippet:-1, max-image-preview:large, max-video-preview:-1\" \/>\n<link rel=\"canonical\" href=\"https:\/\/villa-bella.org\/at\/jobs\/\" \/>\n<meta property=\"og:locale\" content=\"de_DE\" \/>\n<meta property=\"og:type\" content=\"article\" \/>\n<meta property=\"og:title\" content=\"Jobs \u00bb Aktuelle Jobangebote &amp; Stellenanzeigen der Villa Bella\" \/>\n<meta property=\"og:description\" content=\"Hier finden Sie die aktuellen Jobangebote und Stellenanzeigen der Villa Bella in M\u00fcnchen f\u00fcr Praxis, OP und mehr. Wir freuen uns auf Ihre Bewerbung.\" \/>\n<meta property=\"og:url\" content=\"https:\/\/villa-bella.org\/at\/jobs\/\" \/>\n<meta property=\"og:site_name\" content=\"sch\u00f6nheitschirurgie m\u00fcnchen\" \/>\n<meta property=\"article:modified_time\" content=\"2025-09-30T13:16:14+00:00\" \/>\n<meta name=\"twitter:label1\" content=\"Gesch\u00e4tzte Lesezeit\" \/>\n\t<meta name=\"twitter:data1\" content=\"3 Minuten\" \/>\n<script type=\"application\/ld+json\" class=\"yoast-schema-graph\">{\"@context\":\"https:\/\/schema.org\",\"@graph\":[{\"@type\":\"WebPage\",\"@id\":\"https:\/\/villa-bella.org\/at\/jobs\/\",\"url\":\"https:\/\/villa-bella.org\/at\/jobs\/\",\"name\":\"Jobs \u00bb Aktuelle Jobangebote & Stellenanzeigen der Villa Bella\",\"isPartOf\":{\"@id\":\"https:\/\/villa-bella.org\/at\/#website\"},\"datePublished\":\"2015-01-16T12:39:20+00:00\",\"dateModified\":\"2025-09-30T13:16:14+00:00\",\"description\":\"Hier finden Sie die aktuellen Jobangebote und Stellenanzeigen der Villa Bella in M\u00fcnchen f\u00fcr Praxis, OP und mehr. Wir freuen uns auf Ihre Bewerbung.\",\"breadcrumb\":{\"@id\":\"https:\/\/villa-bella.org\/at\/jobs\/#breadcrumb\"},\"inLanguage\":\"de-AT\",\"potentialAction\":[{\"@type\":\"ReadAction\",\"target\":[\"https:\/\/villa-bella.org\/at\/jobs\/\"]}]},{\"@type\":\"BreadcrumbList\",\"@id\":\"https:\/\/villa-bella.org\/at\/jobs\/#breadcrumb\",\"itemListElement\":[{\"@type\":\"ListItem\",\"position\":1,\"name\":\"Home\",\"item\":\"https:\/\/villa-bella.org\/at\/home-2\/\"},{\"@type\":\"ListItem\",\"position\":2,\"name\":\"Jobs\"}]},{\"@type\":\"WebSite\",\"@id\":\"https:\/\/villa-bella.org\/at\/#website\",\"url\":\"https:\/\/villa-bella.org\/at\/\",\"name\":\"sch\u00f6nheitschirurgie m\u00fcnchen\",\"description\":\"Plastische Chirurgie und Sch\u00f6nheitschirurgie in M\u00fcnchen\",\"publisher\":{\"@id\":\"https:\/\/villa-bella.org\/at\/#organization\"},\"potentialAction\":[{\"@type\":\"SearchAction\",\"target\":{\"@type\":\"EntryPoint\",\"urlTemplate\":\"https:\/\/villa-bella.org\/at\/?s={search_term_string}\"},\"query-input\":{\"@type\":\"PropertyValueSpecification\",\"valueRequired\":true,\"valueName\":\"search_term_string\"}}],\"inLanguage\":\"de-AT\"},{\"@type\":\"Organization\",\"@id\":\"https:\/\/villa-bella.org\/at\/#organization\",\"name\":\"VILLA BELLA\",\"url\":\"https:\/\/villa-bella.org\/at\/\",\"logo\":{\"@type\":\"ImageObject\",\"inLanguage\":\"de-AT\",\"@id\":\"https:\/\/villa-bella.org\/at\/#\/schema\/logo\/image\/\",\"url\":\"https:\/\/villa-bella.org\/wp-content\/uploads\/2020\/09\/logo-092020.png\",\"contentUrl\":\"https:\/\/villa-bella.org\/wp-content\/uploads\/2020\/09\/logo-092020.png\",\"width\":300,\"height\":82,\"caption\":\"VILLA BELLA\"},\"image\":{\"@id\":\"https:\/\/villa-bella.org\/at\/#\/schema\/logo\/image\/\"}}]}<\/script>\n","yoast_head_json":{"title":"Jobs \u00bb Aktuelle Jobangebote & Stellenanzeigen der Villa Bella","description":"Hier finden Sie die aktuellen Jobangebote und Stellenanzeigen der Villa Bella in M\u00fcnchen f\u00fcr Praxis, OP und mehr. Wir freuen uns auf Ihre Bewerbung.","robots":{"index":"index","follow":"follow","max-snippet":"max-snippet:-1","max-image-preview":"max-image-preview:large","max-video-preview":"max-video-preview:-1"},"canonical":"https:\/\/villa-bella.org\/at\/jobs\/","og_locale":"de_DE","og_type":"article","og_title":"Jobs \u00bb Aktuelle Jobangebote & Stellenanzeigen der Villa Bella","og_description":"Hier finden Sie die aktuellen Jobangebote und Stellenanzeigen der Villa Bella in M\u00fcnchen f\u00fcr Praxis, OP und mehr. Wir freuen uns auf Ihre Bewerbung.","og_url":"https:\/\/villa-bella.org\/at\/jobs\/","og_site_name":"sch\u00f6nheitschirurgie m\u00fcnchen","article_modified_time":"2025-09-30T13:16:14+00:00","twitter_misc":{"Gesch\u00e4tzte Lesezeit":"3 Minuten"},"schema":{"@context":"https:\/\/schema.org","@graph":[{"@type":"WebPage","@id":"https:\/\/villa-bella.org\/at\/jobs\/","url":"https:\/\/villa-bella.org\/at\/jobs\/","name":"Jobs \u00bb Aktuelle Jobangebote & Stellenanzeigen der Villa Bella","isPartOf":{"@id":"https:\/\/villa-bella.org\/at\/#website"},"datePublished":"2015-01-16T12:39:20+00:00","dateModified":"2025-09-30T13:16:14+00:00","description":"Hier finden Sie die aktuellen Jobangebote und Stellenanzeigen der Villa Bella in M\u00fcnchen f\u00fcr Praxis, OP und mehr. Wir freuen uns auf Ihre Bewerbung.","breadcrumb":{"@id":"https:\/\/villa-bella.org\/at\/jobs\/#breadcrumb"},"inLanguage":"de-AT","potentialAction":[{"@type":"ReadAction","target":["https:\/\/villa-bella.org\/at\/jobs\/"]}]},{"@type":"BreadcrumbList","@id":"https:\/\/villa-bella.org\/at\/jobs\/#breadcrumb","itemListElement":[{"@type":"ListItem","position":1,"name":"Home","item":"https:\/\/villa-bella.org\/at\/home-2\/"},{"@type":"ListItem","position":2,"name":"Jobs"}]},{"@type":"WebSite","@id":"https:\/\/villa-bella.org\/at\/#website","url":"https:\/\/villa-bella.org\/at\/","name":"sch\u00f6nheitschirurgie m\u00fcnchen","description":"Plastische Chirurgie und Sch\u00f6nheitschirurgie in M\u00fcnchen","publisher":{"@id":"https:\/\/villa-bella.org\/at\/#organization"},"potentialAction":[{"@type":"SearchAction","target":{"@type":"EntryPoint","urlTemplate":"https:\/\/villa-bella.org\/at\/?s={search_term_string}"},"query-input":{"@type":"PropertyValueSpecification","valueRequired":true,"valueName":"search_term_string"}}],"inLanguage":"de-AT"},{"@type":"Organization","@id":"https:\/\/villa-bella.org\/at\/#organization","name":"VILLA BELLA","url":"https:\/\/villa-bella.org\/at\/","logo":{"@type":"ImageObject","inLanguage":"de-AT","@id":"https:\/\/villa-bella.org\/at\/#\/schema\/logo\/image\/","url":"https:\/\/villa-bella.org\/wp-content\/uploads\/2020\/09\/logo-092020.png","contentUrl":"https:\/\/villa-bella.org\/wp-content\/uploads\/2020\/09\/logo-092020.png","width":300,"height":82,"caption":"VILLA BELLA"},"image":{"@id":"https:\/\/villa-bella.org\/at\/#\/schema\/logo\/image\/"}}]}},"_links":{"self":[{"href":"https:\/\/villa-bella.org\/at\/wp-json\/wp\/v2\/pages\/11757","targetHints":{"allow":["GET"]}}],"collection":[{"href":"https:\/\/villa-bella.org\/at\/wp-json\/wp\/v2\/pages"}],"about":[{"href":"https:\/\/villa-bella.org\/at\/wp-json\/wp\/v2\/types\/page"}],"author":[{"embeddable":true,"href":"https:\/\/villa-bella.org\/at\/wp-json\/wp\/v2\/users\/3"}],"replies":[{"embeddable":true,"href":"https:\/\/villa-bella.org\/at\/wp-json\/wp\/v2\/comments?post=11757"}],"version-history":[{"count":1,"href":"https:\/\/villa-bella.org\/at\/wp-json\/wp\/v2\/pages\/11757\/revisions"}],"predecessor-version":[{"id":35531,"href":"https:\/\/villa-bella.org\/at\/wp-json\/wp\/v2\/pages\/11757\/revisions\/35531"}],"wp:attachment":[{"href":"https:\/\/villa-bella.org\/at\/wp-json\/wp\/v2\/media?parent=11757"}],"curies":[{"name":"wp","href":"https:\/\/api.w.org\/{rel}","templated":true}]}}