{"id":11752,"date":"2013-06-23T17:17:14","date_gmt":"2013-06-23T15:17:14","guid":{"rendered":"https:\/\/villa-bella.org\/die-villa-bella\/galerie\/"},"modified":"2023-05-22T16:13:14","modified_gmt":"2023-05-22T14:13:14","slug":"galerie","status":"publish","type":"page","link":"https:\/\/villa-bella.org\/at\/die-villa-bella\/galerie\/","title":{"rendered":"Galerie"},"content":{"rendered":"<section class=\"av_textblock_section av-2tv6v-7a757e95c11bd6b27db00c1a1508f38e \" itemscope=\"itemscope\" itemtype=\"https:\/\/schema.org\/CreativeWork\"><div class=\"avia_textblock\" itemprop=\"text\"><h1>Werfen Sie einen Blick in die R\u00e4umlich\u00adkei\u00adten der Villa Bella<\/h1>\n<\/div><\/section>\n\n<style type=\"text\/css\" data-created_by=\"avia_inline_auto\" id=\"style-css-av-21f6z-a9c7264a065185bba82749b2b3aa4173\">\n#top .avia-gallery.av-21f6z-a9c7264a065185bba82749b2b3aa4173 .avia-gallery-thumb a{\nwidth:20%;\n}\n<\/style>\n<div class=\"avia-gallery av-21f6z-a9c7264a065185bba82749b2b3aa4173 avia_animate_when_visible  avia-builder-el-1  el_after_av_textblock  el_before_av_textblock  avia_lazyload avia-gallery-animate avia-gallery-1\" itemprop=\"image\" itemscope=\"itemscope\" itemtype=\"https:\/\/schema.org\/ImageObject\"><meta itemprop=\"contentURL\" content=\"https:\/\/villa-bella.org\/at\/die-villa-bella\/galerie\/\"><div class=\"avia-gallery-thumb\"><a href=\"https:\/\/villa-bella.org\/wp-content\/uploads\/2014\/01\/DSC_5136_b.jpg\" data-srcset=\"https:\/\/villa-bella.org\/wp-content\/uploads\/2014\/01\/DSC_5136_b.jpg 633w, https:\/\/villa-bella.org\/wp-content\/uploads\/2014\/01\/DSC_5136_b-300x157.jpg 300w, https:\/\/villa-bella.org\/wp-content\/uploads\/2014\/01\/DSC_5136_b-450x235.jpg 450w\" data-sizes=\"(max-width: 633px) 100vw, 633px\" data-rel=\"gallery-1\" data-prev-img=\"https:\/\/villa-bella.org\/wp-content\/uploads\/2014\/01\/DSC_5136_b-495x331.jpg\" class=\"first_thumb lightbox \" data-onclick=\"1\" title=\"Welcome to VILLA BELLA\" itemprop=\"thumbnailUrl\"><img decoding=\"async\" fetchpriority=\"high\" class=\"wp-image-15629 avia-img-lazy-loading-not-15629\" data-avia-tooltip=\"Welcome to VILLA BELLA\" src=\"https:\/\/villa-bella.org\/wp-content\/uploads\/2014\/01\/DSC_5136_b-495x331.jpg\" width=\"495\" height=\"331\" title=\"DSC_5136_b\" alt><div class=\"big-prev-fake\"><img decoding=\"async\" loading=\"lazy\" class=\"wp-image-15629 avia-img-lazy-loading-15629\" width=\"495\" height=\"331\" src=\"https:\/\/villa-bella.org\/wp-content\/uploads\/2014\/01\/DSC_5136_b-495x331.jpg\" title=\"DSC_5136_b\" alt><\/div><\/a><a href=\"https:\/\/villa-bella.org\/wp-content\/uploads\/2014\/01\/DSC_5135_b.jpg\" data-srcset=\"https:\/\/villa-bella.org\/wp-content\/uploads\/2014\/01\/DSC_5135_b.jpg 633w, https:\/\/villa-bella.org\/wp-content\/uploads\/2014\/01\/DSC_5135_b-300x157.jpg 300w, https:\/\/villa-bella.org\/wp-content\/uploads\/2014\/01\/DSC_5135_b-450x235.jpg 450w\" data-sizes=\"(max-width: 633px) 100vw, 633px\" data-rel=\"gallery-1\" data-prev-img=\"https:\/\/villa-bella.org\/wp-content\/uploads\/2014\/01\/DSC_5135_b-495x331.jpg\" class=\"lightbox \" data-onclick=\"2\" title=\"Dr. Med. Ludger Meyer is looking forward to your visit\" itemprop=\"thumbnailUrl\"><img decoding=\"async\" fetchpriority=\"high\" class=\"wp-image-15631 avia-img-lazy-loading-not-15631\" data-avia-tooltip=\"Dr. Med. Ludger Meyer is looking forward to your visit\" src=\"https:\/\/villa-bella.org\/wp-content\/uploads\/2014\/01\/DSC_5135_b-495x331.jpg\" width=\"495\" height=\"331\" title=\"DSC_5135_b\" alt><div class=\"big-prev-fake\"><img decoding=\"async\" loading=\"lazy\" class=\"wp-image-15631 avia-img-lazy-loading-15631\" width=\"495\" height=\"331\" src=\"https:\/\/villa-bella.org\/wp-content\/uploads\/2014\/01\/DSC_5135_b-495x331.jpg\" title=\"DSC_5135_b\" alt><\/div><\/a><a href=\"https:\/\/villa-bella.org\/wp-content\/uploads\/2014\/01\/DSC_5134_b.jpg\" data-srcset=\"https:\/\/villa-bella.org\/wp-content\/uploads\/2014\/01\/DSC_5134_b.jpg 633w, https:\/\/villa-bella.org\/wp-content\/uploads\/2014\/01\/DSC_5134_b-300x157.jpg 300w, https:\/\/villa-bella.org\/wp-content\/uploads\/2014\/01\/DSC_5134_b-450x235.jpg 450w\" data-sizes=\"(max-width: 633px) 100vw, 633px\" data-rel=\"gallery-1\" data-prev-img=\"https:\/\/villa-bella.org\/wp-content\/uploads\/2014\/01\/DSC_5134_b-495x331.jpg\" class=\"lightbox \" data-onclick=\"3\" title=\"OP room\" itemprop=\"thumbnailUrl\"><img decoding=\"async\" fetchpriority=\"high\" class=\"wp-image-15633 avia-img-lazy-loading-not-15633\" data-avia-tooltip=\"OP room\" src=\"https:\/\/villa-bella.org\/wp-content\/uploads\/2014\/01\/DSC_5134_b-495x331.jpg\" width=\"495\" height=\"331\" title=\"DSC_5134_b\" alt><div class=\"big-prev-fake\"><img decoding=\"async\" loading=\"lazy\" class=\"wp-image-15633 avia-img-lazy-loading-15633\" width=\"495\" height=\"331\" src=\"https:\/\/villa-bella.org\/wp-content\/uploads\/2014\/01\/DSC_5134_b-495x331.jpg\" title=\"DSC_5134_b\" alt><\/div><\/a><a href=\"https:\/\/villa-bella.org\/wp-content\/uploads\/2014\/01\/DSC_5126_b.jpg\" data-srcset=\"https:\/\/villa-bella.org\/wp-content\/uploads\/2014\/01\/DSC_5126_b.jpg 633w, https:\/\/villa-bella.org\/wp-content\/uploads\/2014\/01\/DSC_5126_b-300x157.jpg 300w, https:\/\/villa-bella.org\/wp-content\/uploads\/2014\/01\/DSC_5126_b-450x235.jpg 450w\" data-sizes=\"(max-width: 633px) 100vw, 633px\" data-rel=\"gallery-1\" data-prev-img=\"https:\/\/villa-bella.org\/wp-content\/uploads\/2014\/01\/DSC_5126_b-495x331.jpg\" class=\"lightbox \" data-onclick=\"4\" title=\"Welcome to VILLA BELLA\" itemprop=\"thumbnailUrl\"><img decoding=\"async\" fetchpriority=\"high\" class=\"wp-image-15635 avia-img-lazy-loading-not-15635\" data-avia-tooltip=\"Welcome to VILLA BELLA\" src=\"https:\/\/villa-bella.org\/wp-content\/uploads\/2014\/01\/DSC_5126_b-495x331.jpg\" width=\"495\" height=\"331\" title=\"DSC_5126_b\" alt><div class=\"big-prev-fake\"><img decoding=\"async\" loading=\"lazy\" class=\"wp-image-15635 avia-img-lazy-loading-15635\" width=\"495\" height=\"331\" src=\"https:\/\/villa-bella.org\/wp-content\/uploads\/2014\/01\/DSC_5126_b-495x331.jpg\" title=\"DSC_5126_b\" alt><\/div><\/a><a href=\"https:\/\/villa-bella.org\/wp-content\/uploads\/2014\/01\/DSC_5127_b.jpg\" data-srcset=\"https:\/\/villa-bella.org\/wp-content\/uploads\/2014\/01\/DSC_5127_b.jpg 633w, https:\/\/villa-bella.org\/wp-content\/uploads\/2014\/01\/DSC_5127_b-300x157.jpg 300w, https:\/\/villa-bella.org\/wp-content\/uploads\/2014\/01\/DSC_5127_b-450x235.jpg 450w\" data-sizes=\"(max-width: 633px) 100vw, 633px\" data-rel=\"gallery-1\" data-prev-img=\"https:\/\/villa-bella.org\/wp-content\/uploads\/2014\/01\/DSC_5127_b-495x331.jpg\" class=\"lightbox \" data-onclick=\"5\" title=\"Welcome to VILLA BELLA\" itemprop=\"thumbnailUrl\"><img decoding=\"async\" fetchpriority=\"high\" class=\"wp-image-15643 avia-img-lazy-loading-not-15643\" data-avia-tooltip=\"Welcome to VILLA BELLA\" src=\"https:\/\/villa-bella.org\/wp-content\/uploads\/2014\/01\/DSC_5127_b-495x331.jpg\" width=\"495\" height=\"331\" title=\"DSC_5127_b\" alt><div class=\"big-prev-fake\"><img decoding=\"async\" loading=\"lazy\" class=\"wp-image-15643 avia-img-lazy-loading-15643\" width=\"495\" height=\"331\" src=\"https:\/\/villa-bella.org\/wp-content\/uploads\/2014\/01\/DSC_5127_b-495x331.jpg\" title=\"DSC_5127_b\" alt><\/div><\/a><a href=\"https:\/\/villa-bella.org\/wp-content\/uploads\/2013\/06\/wartebereich-villabella-patientin.jpg\" data-srcset=\"https:\/\/villa-bella.org\/wp-content\/uploads\/2013\/06\/wartebereich-villabella-patientin.jpg 633w, https:\/\/villa-bella.org\/wp-content\/uploads\/2013\/06\/wartebereich-villabella-patientin-300x157.jpg 300w, https:\/\/villa-bella.org\/wp-content\/uploads\/2013\/06\/wartebereich-villabella-patientin-450x235.jpg 450w\" data-sizes=\"(max-width: 633px) 100vw, 633px\" data-rel=\"gallery-1\" data-prev-img=\"https:\/\/villa-bella.org\/wp-content\/uploads\/2013\/06\/wartebereich-villabella-patientin-495x331.jpg\" class=\"first_thumb lightbox \" data-onclick=\"6\" title=\"Welcome to VILLA BELLA\" itemprop=\"thumbnailUrl\"><img decoding=\"async\" fetchpriority=\"high\" class=\"wp-image-15645 avia-img-lazy-loading-not-15645\" data-avia-tooltip=\"Welcome to VILLA BELLA\" src=\"https:\/\/villa-bella.org\/wp-content\/uploads\/2013\/06\/wartebereich-villabella-patientin-495x331.jpg\" width=\"495\" height=\"331\" title=\"wartebereich-villabella-patientin\" alt><div class=\"big-prev-fake\"><img decoding=\"async\" loading=\"lazy\" class=\"wp-image-15645 avia-img-lazy-loading-15645\" width=\"495\" height=\"331\" src=\"https:\/\/villa-bella.org\/wp-content\/uploads\/2013\/06\/wartebereich-villabella-patientin-495x331.jpg\" title=\"wartebereich-villabella-patientin\" alt><\/div><\/a><a href=\"https:\/\/villa-bella.org\/wp-content\/uploads\/2014\/01\/DSC_5130_b.jpg\" data-srcset=\"https:\/\/villa-bella.org\/wp-content\/uploads\/2014\/01\/DSC_5130_b.jpg 633w, https:\/\/villa-bella.org\/wp-content\/uploads\/2014\/01\/DSC_5130_b-300x157.jpg 300w, https:\/\/villa-bella.org\/wp-content\/uploads\/2014\/01\/DSC_5130_b-450x235.jpg 450w\" data-sizes=\"(max-width: 633px) 100vw, 633px\" data-rel=\"gallery-1\" data-prev-img=\"https:\/\/villa-bella.org\/wp-content\/uploads\/2014\/01\/DSC_5130_b-495x331.jpg\" class=\"lightbox \" data-onclick=\"7\" title=\"Welcome to VILLA BELLA\" itemprop=\"thumbnailUrl\"><img decoding=\"async\" fetchpriority=\"high\" class=\"wp-image-15647 avia-img-lazy-loading-not-15647\" data-avia-tooltip=\"Welcome to VILLA BELLA\" src=\"https:\/\/villa-bella.org\/wp-content\/uploads\/2014\/01\/DSC_5130_b-495x331.jpg\" width=\"495\" height=\"331\" title=\"DSC_5130_b\" alt><div class=\"big-prev-fake\"><img decoding=\"async\" loading=\"lazy\" class=\"wp-image-15647 avia-img-lazy-loading-15647\" width=\"495\" height=\"331\" src=\"https:\/\/villa-bella.org\/wp-content\/uploads\/2014\/01\/DSC_5130_b-495x331.jpg\" title=\"DSC_5130_b\" alt><\/div><\/a><a href=\"https:\/\/villa-bella.org\/wp-content\/uploads\/2014\/01\/DSC_5131_b.jpg\" data-srcset=\"https:\/\/villa-bella.org\/wp-content\/uploads\/2014\/01\/DSC_5131_b.jpg 633w, https:\/\/villa-bella.org\/wp-content\/uploads\/2014\/01\/DSC_5131_b-300x157.jpg 300w, https:\/\/villa-bella.org\/wp-content\/uploads\/2014\/01\/DSC_5131_b-450x235.jpg 450w\" data-sizes=\"(max-width: 633px) 100vw, 633px\" data-rel=\"gallery-1\" data-prev-img=\"https:\/\/villa-bella.org\/wp-content\/uploads\/2014\/01\/DSC_5131_b-495x331.jpg\" class=\"lightbox \" data-onclick=\"8\" title=\"Our Beauty experts at the Villa Bella in Munich\" itemprop=\"thumbnailUrl\"><img decoding=\"async\" fetchpriority=\"high\" class=\"wp-image-15637 avia-img-lazy-loading-not-15637\" data-avia-tooltip=\"Our Beauty experts at the Villa Bella in Munich\" src=\"https:\/\/villa-bella.org\/wp-content\/uploads\/2014\/01\/DSC_5131_b-495x331.jpg\" width=\"495\" height=\"331\" title=\"DSC_5131_b\" alt><div class=\"big-prev-fake\"><img decoding=\"async\" loading=\"lazy\" class=\"wp-image-15637 avia-img-lazy-loading-15637\" width=\"495\" height=\"331\" src=\"https:\/\/villa-bella.org\/wp-content\/uploads\/2014\/01\/DSC_5131_b-495x331.jpg\" title=\"DSC_5131_b\" alt><\/div><\/a><a href=\"https:\/\/villa-bella.org\/wp-content\/uploads\/2014\/01\/DSC_5132_b.jpg\" data-srcset=\"https:\/\/villa-bella.org\/wp-content\/uploads\/2014\/01\/DSC_5132_b.jpg 633w, https:\/\/villa-bella.org\/wp-content\/uploads\/2014\/01\/DSC_5132_b-300x157.jpg 300w, https:\/\/villa-bella.org\/wp-content\/uploads\/2014\/01\/DSC_5132_b-450x235.jpg 450w\" data-sizes=\"(max-width: 633px) 100vw, 633px\" data-rel=\"gallery-1\" data-prev-img=\"https:\/\/villa-bella.org\/wp-content\/uploads\/2014\/01\/DSC_5132_b-495x331.jpg\" class=\"lightbox \" data-onclick=\"9\" title=\"OP room at VILLA BELLA\" itemprop=\"thumbnailUrl\"><img decoding=\"async\" fetchpriority=\"high\" class=\"wp-image-15639 avia-img-lazy-loading-not-15639\" data-avia-tooltip=\"OP room at VILLA BELLA\" src=\"https:\/\/villa-bella.org\/wp-content\/uploads\/2014\/01\/DSC_5132_b-495x331.jpg\" width=\"495\" height=\"331\" title=\"DSC_5132_b\" alt><div class=\"big-prev-fake\"><img decoding=\"async\" loading=\"lazy\" class=\"wp-image-15639 avia-img-lazy-loading-15639\" width=\"495\" height=\"331\" src=\"https:\/\/villa-bella.org\/wp-content\/uploads\/2014\/01\/DSC_5132_b-495x331.jpg\" title=\"DSC_5132_b\" alt><\/div><\/a><a href=\"https:\/\/villa-bella.org\/wp-content\/uploads\/2014\/01\/DSC_5125_b.jpg\" data-srcset=\"https:\/\/villa-bella.org\/wp-content\/uploads\/2014\/01\/DSC_5125_b.jpg 633w, https:\/\/villa-bella.org\/wp-content\/uploads\/2014\/01\/DSC_5125_b-300x157.jpg 300w, https:\/\/villa-bella.org\/wp-content\/uploads\/2014\/01\/DSC_5125_b-450x235.jpg 450w\" data-sizes=\"(max-width: 633px) 100vw, 633px\" data-rel=\"gallery-1\" data-prev-img=\"https:\/\/villa-bella.org\/wp-content\/uploads\/2014\/01\/DSC_5125_b-495x331.jpg\" class=\"lightbox \" data-onclick=\"10\" title=\"Make an appointment\" itemprop=\"thumbnailUrl\"><img decoding=\"async\" fetchpriority=\"high\" class=\"wp-image-15641 avia-img-lazy-loading-not-15641\" data-avia-tooltip=\"Make an appointment\" src=\"https:\/\/villa-bella.org\/wp-content\/uploads\/2014\/01\/DSC_5125_b-495x331.jpg\" width=\"495\" height=\"331\" title=\"DSC_5125_b\" alt><div class=\"big-prev-fake\"><img decoding=\"async\" loading=\"lazy\" class=\"wp-image-15641 avia-img-lazy-loading-15641\" width=\"495\" height=\"331\" src=\"https:\/\/villa-bella.org\/wp-content\/uploads\/2014\/01\/DSC_5125_b-495x331.jpg\" title=\"DSC_5125_b\" alt><\/div><\/a><\/div><\/div>\n<section class=\"av_textblock_section av-1auv7-8ee6a94805129d54705ea4cd17e08bae \" itemscope=\"itemscope\" itemtype=\"https:\/\/schema.org\/CreativeWork\"><div class=\"avia_textblock\" itemprop=\"text\"><p>Sehen Sie sich einfach schon einmal in Ruhe auf einer Virtual Tour durch unsere R\u00e4umen um: <a href=\"https:\/\/www.muenchen-city360.de\/schonheitschirurgen\/villa-bella-muenchen-plastische-und-aesthetische-chirurgie.html\" target=\"_blank\" rel=\"noopener noreferrer\">Villa Bella bei City360<\/a><\/p>\n<\/div><\/section>\n<section class=\"av_textblock_section av-tf37-a5ca962dd731e707129e264acc874908 \" itemscope=\"itemscope\" itemtype=\"https:\/\/schema.org\/CreativeWork\"><div class=\"avia_textblock\" itemprop=\"text\"><div class=\"panowalks1\">\n<style>.panowalks1{position:relative;width:100%;height:650px;}@media screen and (max-width:1100px){.panowalks1{position:relative;width:100%;height:0;padding-bottom:55%;}} <\/style>\n<p><iframe style=\"position: absolute; top: 0; left: 0; width: 100%; height: 100%;\" src=\"https:\/\/www.panowalks.com\/embed\/U417SJAplt4DK3Z11Qbw8DqtyoLs\/\" frameborder=\"0\" marginwidth=\"0\" marginheight=\"0\" scrolling=\"no\" allowfullscreen=\"allowfullscreen\"><\/iframe><\/p>\n<\/div>\n<\/div><\/section>\n","protected":false},"excerpt":{"rendered":"","protected":false},"author":1,"featured_media":0,"parent":11570,"menu_order":0,"comment_status":"closed","ping_status":"open","template":"","meta":{"_acf_changed":false,"wp_typography_post_enhancements_disabled":false,"ngg_post_thumbnail":0,"footnotes":""},"class_list":["post-11752","page","type-page","status-publish","hentry"],"acf":[],"yoast_head":"\n<title>Galerie \u00bb Ein Einblick in unsere Praxisr\u00e4ume in M\u00fcnchen<\/title>\n<meta name=\"description\" content=\"Hier erhalten Sie einen Einblick in die Praxisr\u00e4ume der Villa Bella in M\u00fcnchen. Machen Sie eine virtuelle Tour mit 360\u00b0-Blick durch die R\u00e4umlichkeiten.\" \/>\n<meta name=\"robots\" content=\"noindex, follow\" \/>\n<meta property=\"og:locale\" content=\"de_DE\" \/>\n<meta property=\"og:type\" content=\"article\" \/>\n<meta property=\"og:title\" content=\"Galerie \u00bb Ein Einblick in unsere Praxisr\u00e4ume in M\u00fcnchen\" \/>\n<meta property=\"og:description\" content=\"Hier erhalten Sie einen Einblick in die Praxisr\u00e4ume der Villa Bella in M\u00fcnchen. Machen Sie eine virtuelle Tour mit 360\u00b0-Blick durch die R\u00e4umlichkeiten.\" \/>\n<meta property=\"og:url\" content=\"https:\/\/villa-bella.org\/at\/die-villa-bella\/galerie\/\" \/>\n<meta property=\"og:site_name\" content=\"sch\u00f6nheitschirurgie m\u00fcnchen\" \/>\n<meta property=\"article:modified_time\" content=\"2023-05-22T14:13:14+00:00\" \/>\n<meta name=\"twitter:label1\" content=\"Gesch\u00e4tzte Lesezeit\" \/>\n\t<meta name=\"twitter:data1\" content=\"1 Minute\" \/>\n<script type=\"application\/ld+json\" class=\"yoast-schema-graph\">{\"@context\":\"https:\/\/schema.org\",\"@graph\":[{\"@type\":\"WebPage\",\"@id\":\"https:\/\/villa-bella.org\/at\/die-villa-bella\/galerie\/\",\"url\":\"https:\/\/villa-bella.org\/at\/die-villa-bella\/galerie\/\",\"name\":\"Galerie \u00bb Ein Einblick in unsere Praxisr\u00e4ume in M\u00fcnchen\",\"isPartOf\":{\"@id\":\"https:\/\/villa-bella.org\/at\/#website\"},\"datePublished\":\"2013-06-23T15:17:14+00:00\",\"dateModified\":\"2023-05-22T14:13:14+00:00\",\"description\":\"Hier erhalten Sie einen Einblick in die Praxisr\u00e4ume der Villa Bella in M\u00fcnchen. Machen Sie eine virtuelle Tour mit 360\u00b0-Blick durch die R\u00e4umlichkeiten.\",\"breadcrumb\":{\"@id\":\"https:\/\/villa-bella.org\/at\/die-villa-bella\/galerie\/#breadcrumb\"},\"inLanguage\":\"de-AT\",\"potentialAction\":[{\"@type\":\"ReadAction\",\"target\":[\"https:\/\/villa-bella.org\/at\/die-villa-bella\/galerie\/\"]}]},{\"@type\":\"BreadcrumbList\",\"@id\":\"https:\/\/villa-bella.org\/at\/die-villa-bella\/galerie\/#breadcrumb\",\"itemListElement\":[{\"@type\":\"ListItem\",\"position\":1,\"name\":\"Home\",\"item\":\"https:\/\/villa-bella.org\/at\/home-2\/\"},{\"@type\":\"ListItem\",\"position\":2,\"name\":\"Die Villa Bella\",\"item\":\"https:\/\/villa-bella.org\/at\/die-villa-bella\/\"},{\"@type\":\"ListItem\",\"position\":3,\"name\":\"Galerie\"}]},{\"@type\":\"WebSite\",\"@id\":\"https:\/\/villa-bella.org\/at\/#website\",\"url\":\"https:\/\/villa-bella.org\/at\/\",\"name\":\"sch\u00f6nheitschirurgie m\u00fcnchen\",\"description\":\"Plastische Chirurgie und Sch\u00f6nheitschirurgie in M\u00fcnchen\",\"publisher\":{\"@id\":\"https:\/\/villa-bella.org\/at\/#organization\"},\"potentialAction\":[{\"@type\":\"SearchAction\",\"target\":{\"@type\":\"EntryPoint\",\"urlTemplate\":\"https:\/\/villa-bella.org\/at\/?s={search_term_string}\"},\"query-input\":{\"@type\":\"PropertyValueSpecification\",\"valueRequired\":true,\"valueName\":\"search_term_string\"}}],\"inLanguage\":\"de-AT\"},{\"@type\":\"Organization\",\"@id\":\"https:\/\/villa-bella.org\/at\/#organization\",\"name\":\"VILLA BELLA\",\"url\":\"https:\/\/villa-bella.org\/at\/\",\"logo\":{\"@type\":\"ImageObject\",\"inLanguage\":\"de-AT\",\"@id\":\"https:\/\/villa-bella.org\/at\/#\/schema\/logo\/image\/\",\"url\":\"https:\/\/villa-bella.org\/wp-content\/uploads\/2020\/09\/logo-092020.png\",\"contentUrl\":\"https:\/\/villa-bella.org\/wp-content\/uploads\/2020\/09\/logo-092020.png\",\"width\":300,\"height\":82,\"caption\":\"VILLA BELLA\"},\"image\":{\"@id\":\"https:\/\/villa-bella.org\/at\/#\/schema\/logo\/image\/\"}}]}<\/script>\n","yoast_head_json":{"title":"Galerie \u00bb Ein Einblick in unsere Praxisr\u00e4ume in M\u00fcnchen","description":"Hier erhalten Sie einen Einblick in die Praxisr\u00e4ume der Villa Bella in M\u00fcnchen. Machen Sie eine virtuelle Tour mit 360\u00b0-Blick durch die R\u00e4umlichkeiten.","robots":{"index":"noindex","follow":"follow"},"og_locale":"de_DE","og_type":"article","og_title":"Galerie \u00bb Ein Einblick in unsere Praxisr\u00e4ume in M\u00fcnchen","og_description":"Hier erhalten Sie einen Einblick in die Praxisr\u00e4ume der Villa Bella in M\u00fcnchen. Machen Sie eine virtuelle Tour mit 360\u00b0-Blick durch die R\u00e4umlichkeiten.","og_url":"https:\/\/villa-bella.org\/at\/die-villa-bella\/galerie\/","og_site_name":"sch\u00f6nheitschirurgie m\u00fcnchen","article_modified_time":"2023-05-22T14:13:14+00:00","twitter_misc":{"Gesch\u00e4tzte Lesezeit":"1 Minute"},"schema":{"@context":"https:\/\/schema.org","@graph":[{"@type":"WebPage","@id":"https:\/\/villa-bella.org\/at\/die-villa-bella\/galerie\/","url":"https:\/\/villa-bella.org\/at\/die-villa-bella\/galerie\/","name":"Galerie \u00bb Ein Einblick in unsere Praxisr\u00e4ume in M\u00fcnchen","isPartOf":{"@id":"https:\/\/villa-bella.org\/at\/#website"},"datePublished":"2013-06-23T15:17:14+00:00","dateModified":"2023-05-22T14:13:14+00:00","description":"Hier erhalten Sie einen Einblick in die Praxisr\u00e4ume der Villa Bella in M\u00fcnchen. Machen Sie eine virtuelle Tour mit 360\u00b0-Blick durch die R\u00e4umlichkeiten.","breadcrumb":{"@id":"https:\/\/villa-bella.org\/at\/die-villa-bella\/galerie\/#breadcrumb"},"inLanguage":"de-AT","potentialAction":[{"@type":"ReadAction","target":["https:\/\/villa-bella.org\/at\/die-villa-bella\/galerie\/"]}]},{"@type":"BreadcrumbList","@id":"https:\/\/villa-bella.org\/at\/die-villa-bella\/galerie\/#breadcrumb","itemListElement":[{"@type":"ListItem","position":1,"name":"Home","item":"https:\/\/villa-bella.org\/at\/home-2\/"},{"@type":"ListItem","position":2,"name":"Die Villa Bella","item":"https:\/\/villa-bella.org\/at\/die-villa-bella\/"},{"@type":"ListItem","position":3,"name":"Galerie"}]},{"@type":"WebSite","@id":"https:\/\/villa-bella.org\/at\/#website","url":"https:\/\/villa-bella.org\/at\/","name":"sch\u00f6nheitschirurgie m\u00fcnchen","description":"Plastische Chirurgie und Sch\u00f6nheitschirurgie in M\u00fcnchen","publisher":{"@id":"https:\/\/villa-bella.org\/at\/#organization"},"potentialAction":[{"@type":"SearchAction","target":{"@type":"EntryPoint","urlTemplate":"https:\/\/villa-bella.org\/at\/?s={search_term_string}"},"query-input":{"@type":"PropertyValueSpecification","valueRequired":true,"valueName":"search_term_string"}}],"inLanguage":"de-AT"},{"@type":"Organization","@id":"https:\/\/villa-bella.org\/at\/#organization","name":"VILLA BELLA","url":"https:\/\/villa-bella.org\/at\/","logo":{"@type":"ImageObject","inLanguage":"de-AT","@id":"https:\/\/villa-bella.org\/at\/#\/schema\/logo\/image\/","url":"https:\/\/villa-bella.org\/wp-content\/uploads\/2020\/09\/logo-092020.png","contentUrl":"https:\/\/villa-bella.org\/wp-content\/uploads\/2020\/09\/logo-092020.png","width":300,"height":82,"caption":"VILLA BELLA"},"image":{"@id":"https:\/\/villa-bella.org\/at\/#\/schema\/logo\/image\/"}}]}},"_links":{"self":[{"href":"https:\/\/villa-bella.org\/at\/wp-json\/wp\/v2\/pages\/11752","targetHints":{"allow":["GET"]}}],"collection":[{"href":"https:\/\/villa-bella.org\/at\/wp-json\/wp\/v2\/pages"}],"about":[{"href":"https:\/\/villa-bella.org\/at\/wp-json\/wp\/v2\/types\/page"}],"author":[{"embeddable":true,"href":"https:\/\/villa-bella.org\/at\/wp-json\/wp\/v2\/users\/1"}],"replies":[{"embeddable":true,"href":"https:\/\/villa-bella.org\/at\/wp-json\/wp\/v2\/comments?post=11752"}],"version-history":[{"count":1,"href":"https:\/\/villa-bella.org\/at\/wp-json\/wp\/v2\/pages\/11752\/revisions"}],"predecessor-version":[{"id":22273,"href":"https:\/\/villa-bella.org\/at\/wp-json\/wp\/v2\/pages\/11752\/revisions\/22273"}],"up":[{"embeddable":true,"href":"https:\/\/villa-bella.org\/at\/wp-json\/wp\/v2\/pages\/11570"}],"wp:attachment":[{"href":"https:\/\/villa-bella.org\/at\/wp-json\/wp\/v2\/media?parent=11752"}],"curies":[{"name":"wp","href":"https:\/\/api.w.org\/{rel}","templated":true}]}}